{"id":93982,"date":"2025-12-05T02:38:14","date_gmt":"2025-12-04T23:38:14","guid":{"rendered":"https:\/\/baldumarket.lt\/product\/stol-max-mo211-olcha-brunat-3\/"},"modified":"2026-02-03T23:54:59","modified_gmt":"2026-02-03T20:54:59","slug":"stol-max-mo211-olcha-brunat-3","status":"publish","type":"product","link":"https:\/\/baldumarket.lt\/lt\/product\/stol-max-mo211-olcha-brunat-3\/","title":{"rendered":"MAX stalas (MO211) rudak\u0161nis"},"content":{"rendered":"<p>MAX lentel\u0117<\/p>\n<p>MAX sodo stalas, pagamintas i\u0161 tvirtos alksnio medienos, yra puikus pasirinkimas visiems, kurie vertina auk\u0161t\u0105 kokyb\u0119 ir ilgaam\u017ei\u0161kum\u0105. Tvirta konstrukcija u\u017etikrina stabilum\u0105 net ir ant nelygaus pavir\u0161iaus, o erdvus stalvir\u0161is su \u0161velniai u\u017eapvalintais kra\u0161tais leid\u017eia j\u012f patogiai ir patogiai naudoti. J\u012f galima derinti su suoliuku (MAX suoliukas) ir papildomomis k\u0117d\u0117mis i\u0161 tos pa\u010dios kolekcijos (MAX fotelis, MAX k\u0117d\u0117), kad b\u016bt\u0173 sukurtas pilnas sodo bald\u0173 komplektas, puikiai tinkantis \u0161eimos susib\u016brimams ar draug\u0173 susib\u016brimams.<\/p>\n<p>Pasirinkus med\u017eio masyvo sodo baldus, u\u017etikrinama auk\u0161\u010diausia kokyb\u0117 ir ilgaam\u017ei\u0161kumas. Norint u\u017etikrinti, kad j\u016bs\u0173 mediniai sodo baldai tarnaut\u0173 daugel\u012f met\u0173, svarbu juos tinkamai pri\u017ei\u016br\u0117ti. Tinkamas medini\u0173 sodo bald\u0173 naudojimas ir prie\u017ei\u016bra ne tik ilgiau u\u017etikrins j\u0173 savybes ir nepriekai\u0161ting\u0105 i\u0161vaizd\u0105, bet ir leis juos lengviau valyti po naudojimo. Reguliarus med\u017eio masyvo sodo bald\u0173 impregnavimas, apsauga nuo dr\u0117gm\u0117s, UV spinduli\u0173 ir \u017eemos temperat\u016bros yra pagrindiniai \u017eingsniai, u\u017etikrinantys j\u016bs\u0173 medini\u0173 sodo bald\u0173 ilgaam\u017ei\u0161kum\u0105.<\/p>\n<p>Padovanokite sau ir savo artimiesiems jauki\u0105 viet\u0105 atsipalaiduoti sode ar terasoje. Derindami MAX stal\u0105 su kitais tos pa\u010dios kolekcijos baldais, sukursite harmoning\u0105 erdv\u0119, puikiai tinkan\u010di\u0105 praleisti laik\u0105 su \u0161eima ir draugais. Rinkit\u0117s m\u016bs\u0173 MAX sodo stal\u0105 ir rinkit\u0117s komfort\u0105 bei funkcionalum\u0105 rengdami susib\u016brimus ir valgydami lauke.<\/p>\n<p>Technin\u0117s specifikacijos:<\/p>\n<p>\u2705 Modelis: MAX<\/p>\n<p>\u2705 Medienos r\u016b\u0161is: Alksnis<\/p>\n<p>\u2705 Plotis: 80 cm \/ 120 cm \/ 150 cm \/ 200 cm<\/p>\n<p>\u2705 Auk\u0161tis: 75 cm<\/p>\n<p>\u2705 Gylis: 75 cm \/ 80 cm<\/p>\n<p>\u2705 Svoris: 41 kg<\/p>","protected":false},"excerpt":{"rendered":"<p>MAX stalas MAX sodo stalas, pagamintas i\u0161 tvirtos alksnio medienos, yra puikus pasirinkimas visiems, kurie vertina auk\u0161t\u0105 kokyb\u0119 ir ilgaam\u017ei\u0161kum\u0105. Tvirta konstrukcija u\u017etikrina stabilum\u0105 net ir ant nelygaus pavir\u0161iaus, o erdvus stalvir\u0161is su \u0161velniai u\u017eapvalintais kra\u0161tais leid\u017eia j\u012f patogiai ir patogiai naudoti. J\u012f galima derinti su suoliuku (MAX [\u2026]<\/p>","protected":false},"featured_media":83281,"comment_status":"open","ping_status":"open","template":"","meta":[],"product_brand":[],"product_cat":[9307,2113,1934],"product_tag":[],"class_list":{"0":"post-93982","1":"product","2":"type-product","3":"status-publish","4":"has-post-thumbnail","6":"product_cat-garden-furniture-drewmax","7":"product_cat-drewmax","8":"product_cat-tables","10":"first","11":"instock","12":"purchasable","13":"product-type-simple"},"_links":{"self":[{"href":"https:\/\/baldumarket.lt\/lt\/wp-json\/wp\/v2\/product\/93982","targetHints":{"allow":["GET"]}}],"collection":[{"href":"https:\/\/baldumarket.lt\/lt\/wp-json\/wp\/v2\/product"}],"about":[{"href":"https:\/\/baldumarket.lt\/lt\/wp-json\/wp\/v2\/types\/product"}],"replies":[{"embeddable":true,"href":"https:\/\/baldumarket.lt\/lt\/wp-json\/wp\/v2\/comments?post=93982"}],"wp:featuredmedia":[{"embeddable":true,"href":"https:\/\/baldumarket.lt\/lt\/wp-json\/wp\/v2\/media\/83281"}],"wp:attachment":[{"href":"https:\/\/baldumarket.lt\/lt\/wp-json\/wp\/v2\/media?parent=93982"}],"wp:term":[{"taxonomy":"product_brand","embeddable":true,"href":"https:\/\/baldumarket.lt\/lt\/wp-json\/wp\/v2\/product_brand?post=93982"},{"taxonomy":"product_cat","embeddable":true,"href":"https:\/\/baldumarket.lt\/lt\/wp-json\/wp\/v2\/product_cat?post=93982"},{"taxonomy":"product_tag","embeddable":true,"href":"https:\/\/baldumarket.lt\/lt\/wp-json\/wp\/v2\/product_tag?post=93982"}],"curies":[{"name":"wp","href":"https:\/\/api.w.org\/{rel}","templated":true}]}}