{"id":93947,"date":"2025-12-05T02:37:30","date_gmt":"2025-12-04T23:37:30","guid":{"rendered":"https:\/\/baldumarket.lt\/product\/piaskownica-basia-mo250-swierk-tik\/"},"modified":"2026-02-03T23:55:07","modified_gmt":"2026-02-03T20:55:07","slug":"piaskownica-basia-mo250-swierk-tik","status":"publish","type":"product","link":"https:\/\/baldumarket.lt\/lt\/product\/piaskownica-basia-mo250-swierk-tik\/","title":{"rendered":"BASIA sm\u0117lio d\u0117\u017e\u0117 (MO250) tikmed\u017eio egl\u0117"},"content":{"rendered":"<p>BASIA sm\u0117lio d\u0117\u017e\u0117<\/p>\n<p>BASIA sm\u0117lio d\u0117\u017e\u0117 \u2013 puikus sprendimas \u0161eimoms, ie\u0161kan\u010dioms saugios ir esteti\u0161kai patrauklios \u017eaidim\u0173 erdv\u0117s savo vaikams. Pagaminta i\u0161 auk\u0161tos kokyb\u0117s egl\u0117s medienos, BASIA sm\u0117lio d\u0117\u017e\u0117 pasi\u017eymi patvarumu ir tvirta konstrukcija, garantuojan\u010dia ilgalaik\u012f malonum\u0105. Prakti\u0161ki, sulankstomi suolai sukuria dang\u0105, apsaugan\u010di\u0105 sm\u0117l\u012f nuo lietaus ir namini\u0173 gyv\u016bn\u0117li\u0173. Tai itin funkcionalus sprendimas, leid\u017eiantis i\u0161laikyti sm\u0117l\u012f \u0161var\u0173 ir saus\u0105, nepriklausomai nuo oro s\u0105lyg\u0173.<\/p>\n<p>Pasirinkus med\u017eio masyvo sodo baldus ir aksesuarus, garantuojama auk\u0161\u010diausia kokyb\u0117 ir ilgaam\u017ei\u0161kumas. Norint, kad mediniai sodo baldai tarnaut\u0173 ilgus metus, verta jais r\u016bpintis. Tinkamas medini\u0173 sodo bald\u0173 naudojimas ir prie\u017ei\u016bra ne tik ilgiau u\u017etikrins j\u0173 savybes ir nepriekai\u0161ting\u0105 i\u0161vaizd\u0105, bet ir v\u0117liau bus lengviau pa\u0161alinti ne\u0161varumus. Reguliarus med\u017eio masyvo sodo bald\u0173 impregnavimas, apsauga nuo dr\u0117gm\u0117s, UV spinduli\u0173 ir \u017eemos temperat\u016bros yra pagrindiniai \u017eingsniai, u\u017etikrinantys j\u016bs\u0173 medini\u0173 sodo bald\u0173 ilgaam\u017ei\u0161kum\u0105.<\/p>\n<p>Padovanokite savo vaikui nepamir\u0161tam\u0173 d\u017eiaugsmo ir k\u016brybi\u0161ko \u017eaidimo akimirk\u0173 su BASIA sodo sm\u0117lio d\u0117\u017ee. Sulankstomi suolai sm\u0117lio d\u0117\u017e\u0117je yra puikus sprendimas, leid\u017eiantis vaikams patogiai pails\u0117ti ir atsipalaiduoti po intensyvi\u0173 \u017eaidim\u0173 sm\u0117lyje. Be to, BASIA sm\u0117lio d\u0117\u017e\u0117 yra \u017eavingas j\u016bs\u0173 sodo ar kiemo papildymas, suteikiantis jam jauki\u0105 ir vaikams palanki\u0105 atmosfer\u0105. Pasirinkdami BASIA sm\u0117lio d\u0117\u017e\u0119, investuojate \u012f sveik\u0105 savo vaiko vystym\u0105si ir d\u017eiaugsm\u0105, kartu sukurdami unikali\u0105 erdv\u0119 \u0161eimos \u017eaidimams ir k\u016brybiniams eksperimentams.<\/p>\n<p>Technin\u0117s specifikacijos:<\/p>\n<p>\u2705 Modelis: BASIA<\/p>\n<p>\u2705 Medienos r\u016b\u0161is: egl\u0117<\/p>\n<p>\u2705 Plotis: 120 cm<\/p>\n<p>\u2705 Auk\u0161tis: 25\/45 cm<\/p>\n<p>\u2705 Gylis: 120 cm<\/p>\n<p>\u2705 Svoris: 25 kg<\/p>","protected":false},"excerpt":{"rendered":"<p>BASIA sm\u0117lio d\u0117\u017e\u0117 BASIA sm\u0117lio d\u0117\u017e\u0117 \u2013 puikus sprendimas \u0161eimoms, ie\u0161kan\u010dioms saugios ir esteti\u0161kai patrauklios \u017eaidim\u0173 erdv\u0117s savo vaikams. Pagaminta i\u0161 auk\u0161tos kokyb\u0117s egl\u0117s medienos, BASIA sm\u0117lio d\u0117\u017e\u0117 yra patvari ir tvirta, garantuojanti ilgalaik\u012f malonum\u0105. Prakti\u0161ki, sulankstomi suolai sukuria dang\u0105, apsaugan\u010di\u0105 sm\u0117l\u012f nuo lietaus ir namini\u0173 gyv\u016bn\u0117li\u0173. Tai [\u2026]<\/p>","protected":false},"featured_media":93948,"comment_status":"open","ping_status":"open","template":"","meta":[],"product_brand":[],"product_cat":[2113,1043],"product_tag":[],"class_list":{"0":"post-93947","1":"product","2":"type-product","3":"status-publish","4":"has-post-thumbnail","6":"product_cat-drewmax","7":"product_cat-extras","9":"first","10":"instock","11":"purchasable","12":"product-type-simple"},"_links":{"self":[{"href":"https:\/\/baldumarket.lt\/lt\/wp-json\/wp\/v2\/product\/93947","targetHints":{"allow":["GET"]}}],"collection":[{"href":"https:\/\/baldumarket.lt\/lt\/wp-json\/wp\/v2\/product"}],"about":[{"href":"https:\/\/baldumarket.lt\/lt\/wp-json\/wp\/v2\/types\/product"}],"replies":[{"embeddable":true,"href":"https:\/\/baldumarket.lt\/lt\/wp-json\/wp\/v2\/comments?post=93947"}],"wp:featuredmedia":[{"embeddable":true,"href":"https:\/\/baldumarket.lt\/lt\/wp-json\/wp\/v2\/media\/93948"}],"wp:attachment":[{"href":"https:\/\/baldumarket.lt\/lt\/wp-json\/wp\/v2\/media?parent=93947"}],"wp:term":[{"taxonomy":"product_brand","embeddable":true,"href":"https:\/\/baldumarket.lt\/lt\/wp-json\/wp\/v2\/product_brand?post=93947"},{"taxonomy":"product_cat","embeddable":true,"href":"https:\/\/baldumarket.lt\/lt\/wp-json\/wp\/v2\/product_cat?post=93947"},{"taxonomy":"product_tag","embeddable":true,"href":"https:\/\/baldumarket.lt\/lt\/wp-json\/wp\/v2\/product_tag?post=93947"}],"curies":[{"name":"wp","href":"https:\/\/api.w.org\/{rel}","templated":true}]}}