{"id":93916,"date":"2025-12-05T02:36:52","date_gmt":"2025-12-04T23:36:52","guid":{"rendered":"https:\/\/baldumarket.lt\/product\/krzeslo-ben-mo265-swierk-orzech\/"},"modified":"2026-02-03T23:55:11","modified_gmt":"2026-02-03T20:55:11","slug":"krzeslo-ben-mo265-swierk-orzech","status":"publish","type":"product","link":"https:\/\/baldumarket.lt\/lt\/product\/krzeslo-ben-mo265-swierk-orzech\/","title":{"rendered":"BEN k\u0117d\u0117 (MO265) egl\u0117, rie\u0161utmedis"},"content":{"rendered":"<p>BEN pirmininkas<\/p>\n<p>BEN sodo k\u0117d\u0117 puikiai papildys j\u016bs\u0173 sodo charakter\u012f. Pagaminta i\u0161 auk\u0161tos kokyb\u0117s egl\u0117s medienos masyvo, ji u\u017etikrina patvarum\u0105 ir esteti\u0161k\u0105 i\u0161vaizd\u0105. Patogi s\u0117dyn\u0117 ir auk\u0161tas, ergonomi\u0161kas atlo\u0161as garantuoja komfort\u0105 net ilgais vasaros vakarais. Be to, j\u0105 galima derinti su stalu (BEN stalas) ir kampiniu suoliuku i\u0161 \u0161ios kolekcijos (BEN suoliukas), sukuriant piln\u0105 sodo bald\u0173 komplekt\u0105, puikiai tinkant\u012f poilsiui lauke.<\/p>\n<p>Pasirinkus med\u017eio masyvo sodo baldus, garantuojama auk\u0161\u010diausia kokyb\u0117 ir ilgaam\u017ei\u0161kumas. Kad mediniai sodo baldai tarnaut\u0173 jums ilgus metus, verta jais r\u016bpintis. Tinkamas medini\u0173 sodo bald\u0173 naudojimas ir prie\u017ei\u016bra ne tik ilgiau u\u017etikrins j\u0173 savybes ir nepriekai\u0161ting\u0105 i\u0161vaizd\u0105, bet ir palengvins ne\u0161varum\u0173 pa\u0161alinim\u0105. Reguliarus med\u017eio masyvo sodo bald\u0173 impregnavimas ir apsauga nuo dr\u0117gm\u0117s, UV spinduli\u0173 ir \u017eemos temperat\u016bros yra pagrindiniai \u017eingsniai, u\u017etikrinantys medini\u0173 sodo bald\u0173 ilgaam\u017ei\u0161kum\u0105.<\/p>\n<p>M\u016bs\u0173 BEN sodo k\u0117d\u0117 \u2013 tai ne tik patogumo ir funkcionalumo pasirinkimas, bet ir investicija \u012f estetik\u0105 bei ilgaam\u017ei\u0161kum\u0105. D\u0117l tvirtos, auk\u0161tos kokyb\u0117s alksnio medienos pagamintos konstrukcijos m\u016bs\u0173 BEN sodo k\u0117d\u0117 garantuos ne tik atpalaiduojan\u010dias akimirkas lauke, bet ir ilgalaik\u012f pasitenkinim\u0105 pirkiniu. Kartu su kitais \u0161ios kolekcijos baldais galite sukurti visapusi\u0161k\u0105 sodo i\u0161d\u0117stym\u0105, puikiai tinkant\u012f \u0161eimos susib\u016brimams ir draug\u0173 susitikimams. Investuokite \u012f kokyb\u0119 ir komfort\u0105 kurdami savo svajoni\u0173 sodo erdv\u0119!<\/p>\n<p>Technin\u0117s specifikacijos:<\/p>\n<p>\u2705 Modelis: BEN<\/p>\n<p>\u2705 Medienos r\u016b\u0161is: egl\u0117<\/p>\n<p>\u2705 Plotis: 55 cm<\/p>\n<p>\u2705 Auk\u0161tis: 94 cm<\/p>\n<p>\u2705 Gylis: 53 cm<\/p>\n<p>\u2705 Svoris: 8 kg<\/p>","protected":false},"excerpt":{"rendered":"<p>BEN k\u0117d\u0117 BEN sodo k\u0117d\u0117 puikiai papildys j\u016bs\u0173 sodo charakter\u012f. Pagaminta i\u0161 auk\u0161tos kokyb\u0117s egl\u0117s medienos masyvo, ji u\u017etikrina patvarum\u0105 ir esteti\u0161k\u0105 i\u0161vaizd\u0105. Patogi s\u0117dyn\u0117 ir auk\u0161tas, ergonomi\u0161kas atlo\u0161as garantuoja komfort\u0105 net ilgais vasaros vakarais. Be to, j\u0105 galima derinti su stalu (BEN stalu) ir kampiniu [\u2026]<\/p>","protected":false},"featured_media":93917,"comment_status":"open","ping_status":"open","template":"","meta":[],"product_brand":[],"product_cat":[9305,1930,2113],"product_tag":[],"class_list":{"0":"post-93916","1":"product","2":"type-product","3":"status-publish","4":"has-post-thumbnail","6":"product_cat-pine-furniture-drewmax","7":"product_cat-chairs","8":"product_cat-drewmax","10":"first","11":"instock","12":"purchasable","13":"product-type-simple"},"_links":{"self":[{"href":"https:\/\/baldumarket.lt\/lt\/wp-json\/wp\/v2\/product\/93916","targetHints":{"allow":["GET"]}}],"collection":[{"href":"https:\/\/baldumarket.lt\/lt\/wp-json\/wp\/v2\/product"}],"about":[{"href":"https:\/\/baldumarket.lt\/lt\/wp-json\/wp\/v2\/types\/product"}],"replies":[{"embeddable":true,"href":"https:\/\/baldumarket.lt\/lt\/wp-json\/wp\/v2\/comments?post=93916"}],"wp:featuredmedia":[{"embeddable":true,"href":"https:\/\/baldumarket.lt\/lt\/wp-json\/wp\/v2\/media\/93917"}],"wp:attachment":[{"href":"https:\/\/baldumarket.lt\/lt\/wp-json\/wp\/v2\/media?parent=93916"}],"wp:term":[{"taxonomy":"product_brand","embeddable":true,"href":"https:\/\/baldumarket.lt\/lt\/wp-json\/wp\/v2\/product_brand?post=93916"},{"taxonomy":"product_cat","embeddable":true,"href":"https:\/\/baldumarket.lt\/lt\/wp-json\/wp\/v2\/product_cat?post=93916"},{"taxonomy":"product_tag","embeddable":true,"href":"https:\/\/baldumarket.lt\/lt\/wp-json\/wp\/v2\/product_tag?post=93916"}],"curies":[{"name":"wp","href":"https:\/\/api.w.org\/{rel}","templated":true}]}}