{"id":93915,"date":"2025-12-05T02:36:51","date_gmt":"2025-12-04T23:36:51","guid":{"rendered":"https:\/\/baldumarket.lt\/product\/lawa-rogowa-ben-mo264-swierk-tik-2\/"},"modified":"2026-02-03T23:55:11","modified_gmt":"2026-02-03T20:55:11","slug":"lawa-rogowa-ben-mo264-swierk-tik-2","status":"publish","type":"product","link":"https:\/\/baldumarket.lt\/lt\/product\/lawa-rogowa-ben-mo264-swierk-tik-2\/","title":{"rendered":"Kampinis suolas BEN (MO264) Tikmed\u017eio egl\u0117"},"content":{"rendered":"<p>BEN kampinis suolas<\/p>\n<p>BEN kampinis suoliukas \u2013 puiki vieta atsipalaiduoti vasaros susib\u016brimuose lauke. Pagamintas i\u0161 tinkamai impregnuotos egl\u0117s medienos, jis atsparus nepalankioms oro s\u0105lygoms. Nat\u016brali BEN sodo suoliuko i\u0161vaizda puikiai dera su aplinkine \u017ealuma, suteikdama jam unikalaus \u017eavesio. BEN kampinio suoliuko dizainas ne tik suteikia estetinio patrauklumo, bet ir garantuoja komfort\u0105. Tai idealus sprendimas sodui, terasai ar kiemeliui. Be to, j\u012f galima derinti su stalu (BEN stalas) ir k\u0117d\u0117mis i\u0161 tos pa\u010dios kolekcijos (BEN k\u0117d\u0117), sukuriant piln\u0105 sodo bald\u0173 komplekt\u0105, puikiai tinkant\u012f poilsiui lauke.<\/p>\n<p>Pasirinkus med\u017eio masyvo sodo baldus, u\u017etikrinama auk\u0161\u010diausia kokyb\u0117 ir ilgaam\u017ei\u0161kumas. Norint, kad mediniai sodo baldai tarnaut\u0173 ilgus metus, verta jais gerai r\u016bpintis. Tinkamas medini\u0173 sodo bald\u0173 naudojimas ir prie\u017ei\u016bra ne tik ilgiau u\u017etikrins j\u0173 savybes ir nepriekai\u0161ting\u0105 i\u0161vaizd\u0105, bet ir palengvins j\u0173 valym\u0105 nuo ne\u0161varum\u0173. Reguliarus med\u017eio masyvo sodo bald\u0173 impregnavimas, apsauga nuo dr\u0117gm\u0117s, UV spinduli\u0173 ir \u017eemos temperat\u016bros yra pagrindiniai \u017eingsniai, u\u017etikrinantys medini\u0173 sodo bald\u0173 ilgaam\u017ei\u0161kum\u0105.<\/p>\n<p>Pasi\u017eym\u0117j\u0119s i\u0161skirtiniu komfortu ir unikaliu dizainu, BEN sodo suoliukas taps j\u016bs\u0173 lauko erdv\u0117s \u0161irdimi. Gal\u0117site m\u0117gautis \u0161eimos susib\u016brimais b\u016bdami ram\u016bs, \u017einodami, kad kiekvienas ras patogi\u0105 viet\u0105 atsipalaiduoti. Pasirinkdami BEN kampin\u012f suoliuk\u0105, investuojate ne tik \u012f komfort\u0105 ir stili\u0173, bet ir \u012f patvarum\u0105 bei kokyb\u0119, kuri tarnaus ilgus metus.<\/p>\n<p>Technin\u0117s specifikacijos:<\/p>\n<p>\u2705 Modelis: BEN<\/p>\n<p>\u2705 Medienos r\u016b\u0161is: egl\u0117<\/p>\n<p>\u2705 Plotis: 180\/260 cm<\/p>\n<p>\u2705 Auk\u0161tis: 94 cm<\/p>\n<p>\u2705 Gylis: 53 cm<\/p>\n<p>\u2705 Svoris: 35 kg<\/p>","protected":false},"excerpt":{"rendered":"<p>BEN kampinis suoliukas BEN kampinis suoliukas \u2013 puiki vieta atsipalaiduoti vasaros susib\u016brimuose lauke. Pagamintas i\u0161 tinkamai impregnuotos egl\u0117s medienos, jis atsparus nepalankioms oro s\u0105lygoms. Nat\u016brali BEN sodo suoliuko i\u0161vaizda puikiai dera su aplinkine \u017ealuma, suteikdama jam unikalaus \u017eavesio. BEN kampinio suoliuko dizainas n\u0117ra [\u2026]<\/p>","protected":false},"featured_media":84705,"comment_status":"open","ping_status":"open","template":"","meta":[],"product_brand":[],"product_cat":[9307,1928,2113],"product_tag":[],"class_list":{"0":"post-93915","1":"product","2":"type-product","3":"status-publish","4":"has-post-thumbnail","6":"product_cat-garden-furniture-drewmax","7":"product_cat-benches","8":"product_cat-drewmax","10":"first","11":"instock","12":"purchasable","13":"product-type-simple"},"_links":{"self":[{"href":"https:\/\/baldumarket.lt\/lt\/wp-json\/wp\/v2\/product\/93915","targetHints":{"allow":["GET"]}}],"collection":[{"href":"https:\/\/baldumarket.lt\/lt\/wp-json\/wp\/v2\/product"}],"about":[{"href":"https:\/\/baldumarket.lt\/lt\/wp-json\/wp\/v2\/types\/product"}],"replies":[{"embeddable":true,"href":"https:\/\/baldumarket.lt\/lt\/wp-json\/wp\/v2\/comments?post=93915"}],"wp:featuredmedia":[{"embeddable":true,"href":"https:\/\/baldumarket.lt\/lt\/wp-json\/wp\/v2\/media\/84705"}],"wp:attachment":[{"href":"https:\/\/baldumarket.lt\/lt\/wp-json\/wp\/v2\/media?parent=93915"}],"wp:term":[{"taxonomy":"product_brand","embeddable":true,"href":"https:\/\/baldumarket.lt\/lt\/wp-json\/wp\/v2\/product_brand?post=93915"},{"taxonomy":"product_cat","embeddable":true,"href":"https:\/\/baldumarket.lt\/lt\/wp-json\/wp\/v2\/product_cat?post=93915"},{"taxonomy":"product_tag","embeddable":true,"href":"https:\/\/baldumarket.lt\/lt\/wp-json\/wp\/v2\/product_tag?post=93915"}],"curies":[{"name":"wp","href":"https:\/\/api.w.org\/{rel}","templated":true}]}}