{"id":93911,"date":"2025-12-05T02:36:45","date_gmt":"2025-12-04T23:36:45","guid":{"rendered":"https:\/\/baldumarket.lt\/product\/lawa-ben-mo268-swierk-dab\/"},"modified":"2026-02-03T23:55:12","modified_gmt":"2026-02-03T20:55:12","slug":"lawa-ben-mo268-swierk-dab","status":"publish","type":"product","link":"https:\/\/baldumarket.lt\/lt\/product\/lawa-ben-mo268-swierk-dab\/","title":{"rendered":"Suoliukas BEN (MO268) egl\u0117 \u0105\u017euolas"},"content":{"rendered":"<p>BEN Bench<\/p>\n<p>BEN sodo suolas buvo sukurtas su aistra ir d\u0117mesiu kiekvienai detalei. Pagamintas i\u0161 auk\u0161tos kokyb\u0117s egl\u0117s medienos masyvo, jis ne tik \u017eavi savo patvarumu, bet ir spinduliuoja nat\u016braliu \u017eavesiu. Patogi s\u0117dyn\u0117 ir auk\u0161ta, ergonomi\u0161kos formos atlo\u0161as garantuoja komfort\u0105 ir atsipalaidavim\u0105 vasaros dienomis. BEN medinis suolas harmoningai dera su aplinka, sukurdamas stiling\u0105 poilsio zon\u0105. D\u0117l universalios formos j\u012f galima derinti su \u012fvairiais sodo baldais, tokiais kaip stalas (BEN stalas) arba papildomos k\u0117d\u0117s i\u0161 tos pa\u010dios kolekcijos (BEN k\u0117d\u0117).<\/p>\n<p>Pasirinkus med\u017eio masyvo sodo baldus, garantuojama auk\u0161\u010diausia kokyb\u0117 ir ilgaam\u017ei\u0161kumas. Norint u\u017etikrinti, kad j\u016bs\u0173 mediniai sodo baldai tarnaut\u0173 ilgus metus, verta jais r\u016bpintis. Tinkamas medini\u0173 sodo bald\u0173 naudojimas ir prie\u017ei\u016bra ne tik ilgiau u\u017etikrins j\u0173 savybes ir nepriekai\u0161ting\u0105 i\u0161vaizd\u0105, bet ir leis juos lengviau valyti po naudojimo. Reguliarus med\u017eio masyvo sodo bald\u0173 impregnavimas, apsauga nuo dr\u0117gm\u0117s, UV spinduli\u0173 ir \u017eemos temperat\u016bros yra pagrindiniai \u017eingsniai, u\u017etikrinantys j\u016bs\u0173 medini\u0173 sodo bald\u0173 ilgaam\u017ei\u0161kum\u0105.<\/p>\n<p>Padovanokite sau ir savo artimiesiems unikali\u0105 viet\u0105 atsipalaiduoti su BEN sodo suoliuku. Tvirta konstrukcija, pagaminta i\u0161 auk\u0161\u010diausios kokyb\u0117s med\u017eiag\u0173, u\u017etikrina ne tik patvarum\u0105, bet ir esteti\u0161k\u0105 dizain\u0105, kuris puikiai dera prie bet kokio sodo stiliaus. Su BEN sodo suoliuku galite m\u0117gautis veikla lauke, atsipalaiduoti ar rengti \u0161eimos kepsni\u0173 vakar\u0117lius sode. Padovanokite savo artimiesiems ypatingas akimirkas, kupinas juoko ir d\u017eiaugsmo, apsupti gra\u017eios gamtos ir patogi\u0173 sodo bald\u0173. Tegul j\u016bs\u0173 sodas tampa susitikim\u0173 ir bendr\u0173 patir\u010di\u0173 vieta, kuri i\u0161liks j\u016bs\u0173 atmintyje ilgus metus.<\/p>\n<p>Technin\u0117s specifikacijos:<\/p>\n<p>\u2705 Modelis: BEN<\/p>\n<p>\u2705 Medienos r\u016b\u0161is: egl\u0117<\/p>\n<p>\u2705 Plotis: 180 cm<\/p>\n<p>\u2705 Auk\u0161tis: 94 cm<\/p>\n<p>\u2705 Gylis: 53 cm<\/p>\n<p>\u2705 Svoris: 30 kg<\/p>","protected":false},"excerpt":{"rendered":"<p>BEN suoliukas BEN sodo suoliukas buvo sukurtas su aistra ir d\u0117mesiu kiekvienai detalei. Pagamintas i\u0161 auk\u0161tos kokyb\u0117s egl\u0117s medienos masyvo, jis ne tik \u017eavi savo patvarumu, bet ir spinduliuoja nat\u016braliu \u017eavesiu. Patogi s\u0117dyn\u0117 ir auk\u0161ta, ergonomi\u0161kos formos atlo\u0161as garantuoja komfort\u0105 ir atsipalaidavim\u0105 vasaros dienomis. BEN medinis suoliukas harmoningai dera su [\u2026]<\/p>","protected":false},"featured_media":84707,"comment_status":"open","ping_status":"open","template":"","meta":[],"product_brand":[],"product_cat":[9307,1928,2113],"product_tag":[],"class_list":{"0":"post-93911","1":"product","2":"type-product","3":"status-publish","4":"has-post-thumbnail","6":"product_cat-garden-furniture-drewmax","7":"product_cat-benches","8":"product_cat-drewmax","10":"first","11":"instock","12":"purchasable","13":"product-type-simple"},"_links":{"self":[{"href":"https:\/\/baldumarket.lt\/lt\/wp-json\/wp\/v2\/product\/93911","targetHints":{"allow":["GET"]}}],"collection":[{"href":"https:\/\/baldumarket.lt\/lt\/wp-json\/wp\/v2\/product"}],"about":[{"href":"https:\/\/baldumarket.lt\/lt\/wp-json\/wp\/v2\/types\/product"}],"replies":[{"embeddable":true,"href":"https:\/\/baldumarket.lt\/lt\/wp-json\/wp\/v2\/comments?post=93911"}],"wp:featuredmedia":[{"embeddable":true,"href":"https:\/\/baldumarket.lt\/lt\/wp-json\/wp\/v2\/media\/84707"}],"wp:attachment":[{"href":"https:\/\/baldumarket.lt\/lt\/wp-json\/wp\/v2\/media?parent=93911"}],"wp:term":[{"taxonomy":"product_brand","embeddable":true,"href":"https:\/\/baldumarket.lt\/lt\/wp-json\/wp\/v2\/product_brand?post=93911"},{"taxonomy":"product_cat","embeddable":true,"href":"https:\/\/baldumarket.lt\/lt\/wp-json\/wp\/v2\/product_cat?post=93911"},{"taxonomy":"product_tag","embeddable":true,"href":"https:\/\/baldumarket.lt\/lt\/wp-json\/wp\/v2\/product_tag?post=93911"}],"curies":[{"name":"wp","href":"https:\/\/api.w.org\/{rel}","templated":true}]}}