{"id":93905,"date":"2025-12-05T02:36:38","date_gmt":"2025-12-04T23:36:38","guid":{"rendered":"https:\/\/baldumarket.lt\/product\/stol-ben-mo268-swierk-dab\/"},"modified":"2026-02-03T23:55:14","modified_gmt":"2026-02-03T20:55:14","slug":"stol-ben-mo268-swierk-dab","status":"publish","type":"product","link":"https:\/\/baldumarket.lt\/lt\/product\/stol-ben-mo268-swierk-dab\/","title":{"rendered":"BEN stalas (MO268) egl\u0117 \u0105\u017euolas"},"content":{"rendered":"<p>BEN lentel\u0117<\/p>\n<p>BEN sodo stalas, pagamintas i\u0161 tvirtos egl\u0117s medienos, yra puikus pasirinkimas visiems, kurie vertina auk\u0161t\u0105 kokyb\u0119 ir ilgaam\u017ei\u0161kum\u0105. Tvirta konstrukcija u\u017etikrina stabilum\u0105, o erdvus stalvir\u0161is \u2013 patog\u0173 ir komforti\u0161k\u0105 naudojim\u0105. J\u012f galima derinti su suolais (BEN suolas) ir papildomomis k\u0117d\u0117mis i\u0161 tos pa\u010dios kolekcijos (BEN k\u0117d\u0117), sukuriant piln\u0105 sodo bald\u0173 komplekt\u0105, puikiai tinkant\u012f \u0161eimos susib\u016brimams ar draug\u0173 susib\u016brimams.<\/p>\n<p>Pasirinkus med\u017eio masyvo sodo baldus, garantuojama auk\u0161\u010diausia kokyb\u0117 ir ilgaam\u017ei\u0161kumas. Kad j\u016bs\u0173 mediniai sodo baldai tarnaut\u0173 jums ilgus metus, verta jais r\u016bpintis. Tinkamas medini\u0173 sodo bald\u0173 naudojimas ir prie\u017ei\u016bra ne tik ilgiau u\u017etikrins j\u0173 savybes ir nepriekai\u0161ting\u0105 i\u0161vaizd\u0105, bet ir leis lengviau pa\u0161alinti ne\u0161varumus. Reguliarus med\u017eio masyvo sodo bald\u0173 impregnavimas ir apsauga nuo dr\u0117gm\u0117s, UV spinduli\u0173 ir \u017eemos temperat\u016bros yra pagrindiniai \u017eingsniai, u\u017etikrinantys medini\u0173 sodo bald\u0173 ilgaam\u017ei\u0161kum\u0105.<\/p>\n<p>Padovanokite sau ir savo artimiesiems jauki\u0105 viet\u0105 atsipalaiduoti sode ar terasoje. Derinkite BEN stal\u0105 su kitais tos pa\u010dios kolekcijos baldais ir sukurkite harmoning\u0105 erdv\u0119, puikiai tinkan\u010di\u0105 praleisti laik\u0105 su \u0161eima ir draugais. Rinkit\u0117s m\u016bs\u0173 BEN sodo stal\u0105 ir rinkit\u0117s komfort\u0105 bei funkcionalum\u0105 rengdami susitikimus ir valgydami lauke.<\/p>\n<p>Technin\u0117s specifikacijos:<\/p>\n<p>\u2705 Modelis: BEN<\/p>\n<p>\u2705 Medienos r\u016b\u0161is: egl\u0117<\/p>\n<p>\u2705 Plotis: 180 cm \/ 200 cm<\/p>\n<p>\u2705 Auk\u0161tis: 83 cm<\/p>\n<p>\u2705 Gylis: 80 cm<\/p>\n<p>\u2705 Svoris: 40 kg \/ 30 kg<\/p>","protected":false},"excerpt":{"rendered":"<p>BEN stalas BEN sodo stalas, pagamintas i\u0161 tvirtos egl\u0117s medienos, yra puikus pasirinkimas visiems, kurie vertina auk\u0161t\u0105 kokyb\u0119 ir ilgaam\u017ei\u0161kum\u0105. Tvirta konstrukcija u\u017etikrina stabilum\u0105, o erdvus stalvir\u0161is \u2013 patog\u0173 ir komforti\u0161k\u0105 naudojim\u0105. J\u012f galima derinti su suolais (BEN suolas) ir papildomomis k\u0117d\u0117mis i\u0161 tos pa\u010dios kolekcijos (BEN k\u0117d\u0117), kad [\u2026]<\/p>","protected":false},"featured_media":84707,"comment_status":"open","ping_status":"open","template":"","meta":[],"product_brand":[],"product_cat":[9307,2113,1934],"product_tag":[],"class_list":{"0":"post-93905","1":"product","2":"type-product","3":"status-publish","4":"has-post-thumbnail","6":"product_cat-garden-furniture-drewmax","7":"product_cat-drewmax","8":"product_cat-tables","10":"first","11":"instock","12":"purchasable","13":"product-type-simple"},"_links":{"self":[{"href":"https:\/\/baldumarket.lt\/lt\/wp-json\/wp\/v2\/product\/93905","targetHints":{"allow":["GET"]}}],"collection":[{"href":"https:\/\/baldumarket.lt\/lt\/wp-json\/wp\/v2\/product"}],"about":[{"href":"https:\/\/baldumarket.lt\/lt\/wp-json\/wp\/v2\/types\/product"}],"replies":[{"embeddable":true,"href":"https:\/\/baldumarket.lt\/lt\/wp-json\/wp\/v2\/comments?post=93905"}],"wp:featuredmedia":[{"embeddable":true,"href":"https:\/\/baldumarket.lt\/lt\/wp-json\/wp\/v2\/media\/84707"}],"wp:attachment":[{"href":"https:\/\/baldumarket.lt\/lt\/wp-json\/wp\/v2\/media?parent=93905"}],"wp:term":[{"taxonomy":"product_brand","embeddable":true,"href":"https:\/\/baldumarket.lt\/lt\/wp-json\/wp\/v2\/product_brand?post=93905"},{"taxonomy":"product_cat","embeddable":true,"href":"https:\/\/baldumarket.lt\/lt\/wp-json\/wp\/v2\/product_cat?post=93905"},{"taxonomy":"product_tag","embeddable":true,"href":"https:\/\/baldumarket.lt\/lt\/wp-json\/wp\/v2\/product_tag?post=93905"}],"curies":[{"name":"wp","href":"https:\/\/api.w.org\/{rel}","templated":true}]}}