{"id":93898,"date":"2025-12-05T02:36:21","date_gmt":"2025-12-04T23:36:21","guid":{"rendered":"https:\/\/baldumarket.lt\/product\/naroznik-sosnowy-rustikal-nr700-sosna-jasny-wosk-3\/"},"modified":"2026-02-03T23:55:15","modified_gmt":"2026-02-03T20:55:15","slug":"naroznik-sosnowy-rustikal-nr700-sosna-jasny-wosk-3","status":"publish","type":"product","link":"https:\/\/baldumarket.lt\/lt\/product\/naroznik-sosnowy-rustikal-nr700-sosna-jasny-wosk-3\/","title":{"rendered":"Pu\u0161in\u0117 kampin\u0117 sofa RUSTIKAL NR700, \u0161viesaus pu\u0161ies va\u0161ko imitacija"},"content":{"rendered":"<p>NR700 va\u0161kuotas suolas su porankiais. Sukurtas kaimi\u0161ko stiliaus, jis pagamintas i\u0161 tvirtos pu\u0161ies medienos. Jis pasi\u017eymi unikaliu kry\u017eiaus formos atlo\u0161u ir atidaroma s\u0117dyne su erdviu daiktad\u0117\u017ee. \u0160iame prakti\u0161kame daiktad\u0117\u017e\u0117je galima laikyti b\u016btiniausius daiktus. Ergonomi\u0161ka s\u0117dyn\u0117 turi prakti\u0161kus porankius, tod\u0117l suoliuk\u0105 naudoti daug patogiau. NR700 suolas yra i\u0161skirtinai funkcionalus baldas, galintis pakeisti k\u0117des ir sutalpinti dar daugiau \u017emoni\u0173 prie stalo. Jis puikiai tinka ne tik nam\u0173 virtuvei, bet ir prie\u0161kambariui ar terasai. Jis suteiks bet kokiam interjerui unikali\u0105 atmosfer\u0105, kupin\u0105 \u0161ilumos ir \u0161eimos atmosferos.<\/p>\n<p>Baldas padengtas nat\u016braliu bi\u010di\u0173 va\u0161ku, kuris sukuria apsaugin\u012f sluoksn\u012f nuo dr\u0117gm\u0117s ir kartu kondicionuoja medien\u0105. Va\u0161kavimo procesas pary\u0161kina nat\u016brali\u0105 medienos tekst\u016br\u0105 ir pagilina nat\u016brali\u0105 jos spalv\u0105. Bi\u010di\u0173 va\u0161kas yra nat\u016bralus produktas, tod\u0117l va\u0161kuoti baldai \u012fgauna antistatini\u0173 savybi\u0173 \u2013 suma\u017eina dulki\u0173 kaupim\u0105si. Papildomas va\u0161kuot\u0173 bald\u0173 privalumas \u2013 \u0161ilkinis lygus pavir\u0161ius ir malonus nat\u016bralios medienos aromatas.<\/p>\n<p>Sveikos medienos strukt\u016bros i\u0161saugojimas yra b\u016btinas va\u0161kuot\u0173 bald\u0173 ilgaam\u017ei\u0161kumui. Skyriuje \u201cVa\u0161kuot\u0173 bald\u0173 prie\u017ei\u016bra ir naudojimas\u201d rasite verting\u0173 patarim\u0173, kaip pri\u017ei\u016br\u0117ti \u201eRustikal\u201c kolekcijos baldus.<\/p>","protected":false},"excerpt":{"rendered":"<p>NR700 va\u0161kuotas suolas su porankiais. Sukurtas kaimi\u0161ku stiliumi, jis pagamintas i\u0161 tvirtos pu\u0161ies medienos. Jis pasi\u017eymi unikaliu kry\u017eiaus formos atlo\u0161u ir atidaroma s\u0117dyne su erdviu daiktad\u0117\u017ee. \u0160iame prakti\u0161kame daiktad\u0117\u017e\u0117je galima laikyti b\u016btiniausius daiktus. Ergonomi\u0161ka s\u0117dyn\u0117 turi prakti\u0161kus porankius, tod\u0117l suolas yra labai [\u2026]<\/p>","protected":false},"featured_media":87501,"comment_status":"open","ping_status":"open","template":"","meta":[],"product_brand":[],"product_cat":[9317,9307,1928,2113],"product_tag":[],"class_list":{"0":"post-93898","1":"product","2":"type-product","3":"status-publish","4":"has-post-thumbnail","6":"product_cat-collection-rustikal-drewmax","7":"product_cat-garden-furniture-drewmax","8":"product_cat-benches","9":"product_cat-drewmax","11":"first","12":"instock","13":"purchasable","14":"product-type-simple"},"_links":{"self":[{"href":"https:\/\/baldumarket.lt\/lt\/wp-json\/wp\/v2\/product\/93898","targetHints":{"allow":["GET"]}}],"collection":[{"href":"https:\/\/baldumarket.lt\/lt\/wp-json\/wp\/v2\/product"}],"about":[{"href":"https:\/\/baldumarket.lt\/lt\/wp-json\/wp\/v2\/types\/product"}],"replies":[{"embeddable":true,"href":"https:\/\/baldumarket.lt\/lt\/wp-json\/wp\/v2\/comments?post=93898"}],"wp:featuredmedia":[{"embeddable":true,"href":"https:\/\/baldumarket.lt\/lt\/wp-json\/wp\/v2\/media\/87501"}],"wp:attachment":[{"href":"https:\/\/baldumarket.lt\/lt\/wp-json\/wp\/v2\/media?parent=93898"}],"wp:term":[{"taxonomy":"product_brand","embeddable":true,"href":"https:\/\/baldumarket.lt\/lt\/wp-json\/wp\/v2\/product_brand?post=93898"},{"taxonomy":"product_cat","embeddable":true,"href":"https:\/\/baldumarket.lt\/lt\/wp-json\/wp\/v2\/product_cat?post=93898"},{"taxonomy":"product_tag","embeddable":true,"href":"https:\/\/baldumarket.lt\/lt\/wp-json\/wp\/v2\/product_tag?post=93898"}],"curies":[{"name":"wp","href":"https:\/\/api.w.org\/{rel}","templated":true}]}}