{"id":93869,"date":"2025-12-05T02:35:45","date_gmt":"2025-12-04T23:35:45","guid":{"rendered":"https:\/\/baldumarket.lt\/product\/naroznik-sosnowy-rustikal-nr702-sosna-jasny-wosk-2\/"},"modified":"2026-02-03T23:55:19","modified_gmt":"2026-02-03T20:55:19","slug":"naroznik-sosnowy-rustikal-nr702-sosna-jasny-wosk-2","status":"publish","type":"product","link":"https:\/\/baldumarket.lt\/lt\/product\/naroznik-sosnowy-rustikal-nr702-sosna-jasny-wosk-2\/","title":{"rendered":"Pu\u0161in\u0117 kampin\u0117 sofa RUSTIKAL NR702 \u0161viesaus pu\u0161ies va\u0161ko spalvos"},"content":{"rendered":"<p>NR702 va\u0161kuotas suolas. Sukurtas kaimi\u0161ku stiliumi, jis pagamintas i\u0161 tvirtos pu\u0161ies medienos. Jis pasi\u017eymi unikaliu kry\u017eiaus formos atlo\u0161u ir atidaroma s\u0117dyne su erdviu daiktad\u0117\u017ee. \u0160is prakti\u0161kas daiktad\u0117\u017e\u0117s skyrius gali b\u016bti naudojamas b\u016btiniausiems daiktams laikyti. NR702 suolas yra i\u0161skirtinai funkcionalus baldas, galintis pakeisti k\u0117des ir prie stalo susodinti dar daugiau \u017emoni\u0173. Jis puikiai tinka ne tik nam\u0173 virtuvei, bet ir prie\u0161kambariui ar terasai. Jis suteiks bet kokiam interjerui unikali\u0105 atmosfer\u0105, kupin\u0105 \u0161ilumos ir jaukios atmosferos.<\/p>\n<p>Baldas padengtas nat\u016braliu bi\u010di\u0173 va\u0161ku, kuris sukuria apsaugin\u012f sluoksn\u012f nuo dr\u0117gm\u0117s ir kartu apsaugo medien\u0105. Va\u0161kavimo procesas pary\u0161kina nat\u016bral\u0173 medienos ra\u0161t\u0105 ir pagilina nat\u016brali\u0105 spalv\u0105. Bi\u010di\u0173 va\u0161kas yra nat\u016bralus produktas, tod\u0117l va\u0161kuoti baldai pasi\u017eymi antistatin\u0117mis savyb\u0117mis, ma\u017einan\u010diomis dulki\u0173 kaupim\u0105si. Papildomas va\u0161kuot\u0173 bald\u0173 privalumas \u2013 \u0161ilkinis lygus pavir\u0161ius ir malonus nat\u016bralios medienos kvapas.<\/p>\n<p>Sveikos medienos strukt\u016bros i\u0161saugojimas yra b\u016btinas va\u0161kuot\u0173 bald\u0173 ilgaam\u017ei\u0161kumui. Skyriuje \u201cVa\u0161kuot\u0173 bald\u0173 prie\u017ei\u016bra ir naudojimas\u201d rasite verting\u0173 patarim\u0173, kaip pri\u017ei\u016br\u0117ti \u201eRustikal\u201c kolekcijos baldus.<br \/>\n&#8230;<\/p>","protected":false},"excerpt":{"rendered":"<p>NR702 va\u0161kuotas suolas. Sukurtas kaimi\u0161ku stiliumi, jis pagamintas i\u0161 tvirtos pu\u0161ies medienos. Jis pasi\u017eymi unikaliu kry\u017eiaus formos atlo\u0161u ir atidaroma s\u0117dyne su erdviu daiktad\u0117\u017ee. \u0160iame prakti\u0161kame daiktad\u0117\u017e\u0117je galima laikyti b\u016btiniausius daiktus. NR702 suolas yra i\u0161skirtinai funkcionalus baldas, galintis pakeisti k\u0117des [\u2026]<\/p>","protected":false},"featured_media":87456,"comment_status":"open","ping_status":"open","template":"","meta":[],"product_brand":[],"product_cat":[9317,9307,1928,2113],"product_tag":[],"class_list":{"0":"post-93869","1":"product","2":"type-product","3":"status-publish","4":"has-post-thumbnail","6":"product_cat-collection-rustikal-drewmax","7":"product_cat-garden-furniture-drewmax","8":"product_cat-benches","9":"product_cat-drewmax","11":"first","12":"instock","13":"purchasable","14":"product-type-simple"},"_links":{"self":[{"href":"https:\/\/baldumarket.lt\/lt\/wp-json\/wp\/v2\/product\/93869","targetHints":{"allow":["GET"]}}],"collection":[{"href":"https:\/\/baldumarket.lt\/lt\/wp-json\/wp\/v2\/product"}],"about":[{"href":"https:\/\/baldumarket.lt\/lt\/wp-json\/wp\/v2\/types\/product"}],"replies":[{"embeddable":true,"href":"https:\/\/baldumarket.lt\/lt\/wp-json\/wp\/v2\/comments?post=93869"}],"wp:featuredmedia":[{"embeddable":true,"href":"https:\/\/baldumarket.lt\/lt\/wp-json\/wp\/v2\/media\/87456"}],"wp:attachment":[{"href":"https:\/\/baldumarket.lt\/lt\/wp-json\/wp\/v2\/media?parent=93869"}],"wp:term":[{"taxonomy":"product_brand","embeddable":true,"href":"https:\/\/baldumarket.lt\/lt\/wp-json\/wp\/v2\/product_brand?post=93869"},{"taxonomy":"product_cat","embeddable":true,"href":"https:\/\/baldumarket.lt\/lt\/wp-json\/wp\/v2\/product_cat?post=93869"},{"taxonomy":"product_tag","embeddable":true,"href":"https:\/\/baldumarket.lt\/lt\/wp-json\/wp\/v2\/product_tag?post=93869"}],"curies":[{"name":"wp","href":"https:\/\/api.w.org\/{rel}","templated":true}]}}