{"id":93854,"date":"2025-12-05T02:35:21","date_gmt":"2025-12-04T23:35:21","guid":{"rendered":"https:\/\/baldumarket.lt\/product\/polka-sosnowa-rustikal-pk704-lewa-sosna-jasny-wosk\/"},"modified":"2026-02-03T23:55:23","modified_gmt":"2026-02-03T20:55:23","slug":"polka-sosnowa-rustikal-pk704-lewa-sosna-jasny-wosk","status":"publish","type":"product","link":"https:\/\/baldumarket.lt\/lt\/product\/polka-sosnowa-rustikal-pk704-lewa-sosna-jasny-wosk\/","title":{"rendered":"Pu\u0161in\u0117 lentyna RUSTIKAL PK704 KAIR\u0116, \u0161viesaus va\u0161ko spalvos, pu\u0161is"},"content":{"rendered":"<p>Didel\u0117 PK704 va\u0161kuotos pu\u0161ies medienos lentyna sukurta kaimi\u0161ko stiliaus. Med\u017eio formos ji puikiai tinka knygoms, papuo\u0161alams ar suvenyrams eksponuoti. Ji suteiks bet kokiam interjerui unikali\u0105 atmosfer\u0105, kupin\u0105 \u0161ilumos ir jaukios atmosferos. Matoma medienos tekst\u016bra i\u0161ry\u0161kina nat\u016bralios medienos gro\u017e\u012f. Lentyna susideda i\u0161 dviej\u0173 dali\u0173, kurios tvirtinamos tiesiai prie sienos. Pridedami plyt\u0173 sienoms tinkami tvirtinimo var\u017etai. Gipskartoniui reikalingi kiti tvirtinimo elementai, kurie nepridedami. Lentyna yra visi\u0161kai lygi su siena, tod\u0117l jei yra grindjuost\u0117, j\u0105 reikia nupjauti pagal lentynos pagrindo plot\u012f.<\/p>\n<p>Baldai padengti nat\u016braliu bi\u010di\u0173 va\u0161ku, kuris sukuria apsaugin\u012f sluoksn\u012f nuo dr\u0117gm\u0117s ir kartu kondicionuoja medien\u0105. Va\u0161kavimo procesas pary\u0161kina nat\u016bral\u0173 medienos ra\u0161t\u0105 ir pagilina nat\u016brali\u0105 jos spalv\u0105. Bi\u010di\u0173 va\u0161kas yra nat\u016bralus produktas, tod\u0117l va\u0161kuoti baldai pasi\u017eymi antistatin\u0117mis savyb\u0117mis, ma\u017einan\u010diomis dulki\u0173 kaupim\u0105si. Papildomas va\u0161kuot\u0173 bald\u0173 privalumas \u2013 \u0161ilkiniai lygus pavir\u0161ius ir malonus nat\u016bralus medienos aromatas.<\/p>\n<p>Sveikos medienos strukt\u016bros i\u0161saugojimas yra b\u016btinas va\u0161kuot\u0173 bald\u0173 ilgaam\u017ei\u0161kumui. Skyriuje \u201cVa\u0161kuot\u0173 bald\u0173 prie\u017ei\u016bra ir naudojimas\u201d rasite verting\u0173 patarim\u0173, kaip pri\u017ei\u016br\u0117ti \u201eRustikal\u201c kolekcijos baldus.<\/p>","protected":false},"excerpt":{"rendered":"<p>Didel\u0117 PK704 va\u0161kuotos pu\u0161ies medienos lentyna sukurta kaimi\u0161ku stiliumi. Med\u017eio formos ji puikiai tinka knygoms, papuo\u0161alams ar suvenyrams eksponuoti. Ji suteiks bet kokiam interjerui unikali\u0105 atmosfer\u0105, kupin\u0105 \u0161ilumos ir jaukios atmosferos. Matoma medienos tekst\u016bra i\u0161ry\u0161kina nat\u016bralios medienos gro\u017e\u012f. Lentyn\u0105 sudaro [\u2026]<\/p>","protected":false},"featured_media":87282,"comment_status":"open","ping_status":"open","template":"","meta":[],"product_brand":[],"product_cat":[9317,9305,2113,1174],"product_tag":[],"class_list":{"0":"post-93854","1":"product","2":"type-product","3":"status-publish","4":"has-post-thumbnail","6":"product_cat-collection-rustikal-drewmax","7":"product_cat-pine-furniture-drewmax","8":"product_cat-drewmax","9":"product_cat-hanging-shelves","11":"first","12":"instock","13":"purchasable","14":"product-type-simple"},"_links":{"self":[{"href":"https:\/\/baldumarket.lt\/lt\/wp-json\/wp\/v2\/product\/93854","targetHints":{"allow":["GET"]}}],"collection":[{"href":"https:\/\/baldumarket.lt\/lt\/wp-json\/wp\/v2\/product"}],"about":[{"href":"https:\/\/baldumarket.lt\/lt\/wp-json\/wp\/v2\/types\/product"}],"replies":[{"embeddable":true,"href":"https:\/\/baldumarket.lt\/lt\/wp-json\/wp\/v2\/comments?post=93854"}],"wp:featuredmedia":[{"embeddable":true,"href":"https:\/\/baldumarket.lt\/lt\/wp-json\/wp\/v2\/media\/87282"}],"wp:attachment":[{"href":"https:\/\/baldumarket.lt\/lt\/wp-json\/wp\/v2\/media?parent=93854"}],"wp:term":[{"taxonomy":"product_brand","embeddable":true,"href":"https:\/\/baldumarket.lt\/lt\/wp-json\/wp\/v2\/product_brand?post=93854"},{"taxonomy":"product_cat","embeddable":true,"href":"https:\/\/baldumarket.lt\/lt\/wp-json\/wp\/v2\/product_cat?post=93854"},{"taxonomy":"product_tag","embeddable":true,"href":"https:\/\/baldumarket.lt\/lt\/wp-json\/wp\/v2\/product_tag?post=93854"}],"curies":[{"name":"wp","href":"https:\/\/api.w.org\/{rel}","templated":true}]}}