{"id":93847,"date":"2025-12-05T02:35:09","date_gmt":"2025-12-04T23:35:09","guid":{"rendered":"https:\/\/baldumarket.lt\/product\/polka-sosnowa-rustikal-pk705-sosna-bielony-wosk\/"},"modified":"2026-02-03T23:55:25","modified_gmt":"2026-02-03T20:55:25","slug":"polka-sosnowa-rustikal-pk705-sosna-bielony-wosk","status":"publish","type":"product","link":"https:\/\/baldumarket.lt\/lt\/product\/polka-sosnowa-rustikal-pk705-sosna-bielony-wosk\/","title":{"rendered":"Pu\u0161in\u0117 lentyna RUSTIKAL PK705, pu\u0161ies balintas va\u0161kas"},"content":{"rendered":"<p>PK705 va\u0161kuotos pu\u0161ies medienos masyvo lentyna sukurta kaimi\u0161ko stiliaus. Ji pasi\u017eymi unikalia korio forma. Lentyn\u0105 galima surinkti moduliais, sukuriant original\u0173 ir unikal\u0173 ra\u0161t\u0105. Matoma medienos tekst\u016bra i\u0161ry\u0161kina nat\u016bralios medienos gro\u017e\u012f. Prie lentynos pridedami plyt\u0173 sienoms tinkami tvirtinimo var\u017etai. Gipso kartono plok\u0161t\u0117ms reikalingi kiti tvirtinimo elementai, kurie nepridedami. Lentynoje yra i\u0161gr\u0119\u017etos skyl\u0117s kai\u0161\u010diams. Did\u017eiausia apkrova yra ma\u017edaug 2 kg.<\/p>\n<p>Baldai padengti nat\u016braliu bi\u010di\u0173 va\u0161ku, kuris sukuria apsaugin\u012f sluoksn\u012f nuo dr\u0117gm\u0117s ir kartu apsaugo medien\u0105. Va\u0161kavimo procesas pary\u0161kina nat\u016brali\u0105 medienos tekst\u016br\u0105 ir pagilina nat\u016brali\u0105 jos spalv\u0105. Bi\u010di\u0173 va\u0161kas yra nat\u016bralus produktas, tod\u0117l va\u0161kuoti baldai pasi\u017eymi antistatin\u0117mis savyb\u0117mis, ma\u017einan\u010diomis dulki\u0173 kaupim\u0105si. Papildomas va\u0161kuot\u0173 bald\u0173 privalumas \u2013 \u0161ilkinis lygus pavir\u0161ius ir malonus nat\u016bralios medienos aromatas.<\/p>\n<p>Sveikos medienos strukt\u016bros i\u0161saugojimas yra b\u016btinas va\u0161kuot\u0173 bald\u0173 ilgaam\u017ei\u0161kumui. Skyriuje \u201cVa\u0161kuot\u0173 bald\u0173 prie\u017ei\u016bra ir naudojimas\u201d rasite verting\u0173 patarim\u0173, kaip pri\u017ei\u016br\u0117ti \u201eRustikal\u201c kolekcijos baldus.<\/p>","protected":false},"excerpt":{"rendered":"<p>PK705 va\u0161kuotos pu\u0161ies medienos lentyna sukurta kaimi\u0161ko stiliaus. Ji pasi\u017eymi unikalia korio forma. Lentyn\u0105 galima surinkti moduliniu b\u016bdu, sukuriant original\u0173 ir unikal\u0173 ra\u0161t\u0105. Matoma medienos tekst\u016bra i\u0161ry\u0161kina nat\u016bralios medienos gro\u017e\u012f. Prie lentynos pridedami tvirtinimo var\u017etai, tinkantys plyt\u0173 sienoms. Gipskartoniui, kitoms [\u2026]<\/p>","protected":false},"featured_media":87260,"comment_status":"open","ping_status":"open","template":"","meta":[],"product_brand":[],"product_cat":[9317,9305,2113,1174],"product_tag":[],"class_list":{"0":"post-93847","1":"product","2":"type-product","3":"status-publish","4":"has-post-thumbnail","6":"product_cat-collection-rustikal-drewmax","7":"product_cat-pine-furniture-drewmax","8":"product_cat-drewmax","9":"product_cat-hanging-shelves","11":"first","12":"instock","13":"purchasable","14":"product-type-simple"},"_links":{"self":[{"href":"https:\/\/baldumarket.lt\/lt\/wp-json\/wp\/v2\/product\/93847","targetHints":{"allow":["GET"]}}],"collection":[{"href":"https:\/\/baldumarket.lt\/lt\/wp-json\/wp\/v2\/product"}],"about":[{"href":"https:\/\/baldumarket.lt\/lt\/wp-json\/wp\/v2\/types\/product"}],"replies":[{"embeddable":true,"href":"https:\/\/baldumarket.lt\/lt\/wp-json\/wp\/v2\/comments?post=93847"}],"wp:featuredmedia":[{"embeddable":true,"href":"https:\/\/baldumarket.lt\/lt\/wp-json\/wp\/v2\/media\/87260"}],"wp:attachment":[{"href":"https:\/\/baldumarket.lt\/lt\/wp-json\/wp\/v2\/media?parent=93847"}],"wp:term":[{"taxonomy":"product_brand","embeddable":true,"href":"https:\/\/baldumarket.lt\/lt\/wp-json\/wp\/v2\/product_brand?post=93847"},{"taxonomy":"product_cat","embeddable":true,"href":"https:\/\/baldumarket.lt\/lt\/wp-json\/wp\/v2\/product_cat?post=93847"},{"taxonomy":"product_tag","embeddable":true,"href":"https:\/\/baldumarket.lt\/lt\/wp-json\/wp\/v2\/product_tag?post=93847"}],"curies":[{"name":"wp","href":"https:\/\/api.w.org\/{rel}","templated":true}]}}