{"id":93826,"date":"2025-12-05T02:34:44","date_gmt":"2025-12-04T23:34:44","guid":{"rendered":"https:\/\/baldumarket.lt\/product\/regal-sosnowy-rustikal-rg705-sosna-bielony-wosk\/"},"modified":"2026-02-03T23:55:27","modified_gmt":"2026-02-03T20:55:27","slug":"regal-sosnowy-rustikal-rg705-sosna-bielony-wosk","status":"publish","type":"product","link":"https:\/\/baldumarket.lt\/lt\/product\/regal-sosnowy-rustikal-rg705-sosna-bielony-wosk\/","title":{"rendered":"Pu\u0161in\u0117 lentyna RUSTIKAL RG705, pu\u0161ies balintas va\u0161kas"},"content":{"rendered":"<p>Va\u0161kuota RG705 knyg\u0173 lentyna, sukurta kaimi\u0161ku stiliumi, pagaminta i\u0161 tvirtos pu\u0161ies medienos. Ji stovi ant medini\u0173 rutulio formos kojeli\u0173 ir turi keturias atviras lentynas (nereguliuojamas, sumontuotas ant lentjuos\u010di\u0173) ir vien\u0105 erdv\u0173 stal\u010di\u0173 su i\u0161traukiamu stal\u010diumi ant medini\u0173 b\u0117geli\u0173. Visas blokas puo\u0161tas rai\u017eytomis panel\u0117mis ir unikaliai pakeltu stalvir\u0161iu. \u0160i knyg\u0173 lentyna puikiai tinka kaip nam\u0173 biblioteka. J\u0105 taip pat galima naudoti nam\u0173 apyvokos daiktams, papuo\u0161alams ar suvenyrams laikyti. Ji pasi\u017eymi patvaria ir tvirta konstrukcija. Jos konstrukcijoje naudojamos rank\u0173 darbo metalin\u0117s rankenos su sendinta apdaila. RG705 knyg\u0173 lentyna bet kokiam interjerui suteiks unikalios atmosferos, kupinos \u0161ilumos ir nam\u0173 jaukumo. Jos funkcionalumas labai palengvina daikt\u0173 laikym\u0105.<\/p>\n<p>Baldas padengtas nat\u016braliu bi\u010di\u0173 va\u0161ku, kuris sukuria apsaugin\u012f sluoksn\u012f nuo dr\u0117gm\u0117s ir kartu kondicionuoja medien\u0105. Va\u0161kavimo procesas pary\u0161kina nat\u016bral\u0173 medienos ra\u0161t\u0105 ir pagilina nat\u016brali\u0105 jos spalv\u0105. Bi\u010di\u0173 va\u0161kas yra nat\u016bralus produktas, tod\u0117l va\u0161kuoti baldai \u012fgauna antistatini\u0173 savybi\u0173 \u2013 suma\u017eina dulki\u0173 kaupim\u0105si. Papildomas va\u0161kuot\u0173 bald\u0173 privalumas \u2013 \u0161ilkinis lygus pavir\u0161ius ir malonus nat\u016bralios medienos aromatas.<\/p>\n<p>Sveikos medienos strukt\u016bros i\u0161saugojimas yra b\u016btinas va\u0161kuot\u0173 bald\u0173 ilgaam\u017ei\u0161kumui. Skyriuje \u201cVa\u0161kuot\u0173 bald\u0173 prie\u017ei\u016bra ir naudojimas\u201d rasite verting\u0173 patarim\u0173, kaip pri\u017ei\u016br\u0117ti \u201eRustikal\u201c kolekcijos baldus.<\/p>","protected":false},"excerpt":{"rendered":"<p>Va\u0161kuota RG705 knyg\u0173 lentyna, sukurta kaimi\u0161ku stiliumi, pagaminta i\u0161 tvirtos pu\u0161ies medienos. Ji stovi ant medini\u0173 rutulio formos kojeli\u0173 ir turi keturias atviras lentynas (nereguliuojamas, sumontuotas ant lentjuos\u010di\u0173) bei vien\u0105 erdv\u0173 stal\u010di\u0173 su i\u0161traukiamu stal\u010diumi ant medini\u0173 b\u0117geli\u0173. Visas spintel\u0117 papuo\u0161ta rai\u017eytomis panel\u0117mis ir unikaliai pakeltu stalvir\u0161iu. [\u2026]<\/p>","protected":false},"featured_media":87066,"comment_status":"open","ping_status":"open","template":"","meta":[],"product_brand":[],"product_cat":[9317,9305,2113,1987],"product_tag":[],"class_list":{"0":"post-93826","1":"product","2":"type-product","3":"status-publish","4":"has-post-thumbnail","6":"product_cat-collection-rustikal-drewmax","7":"product_cat-pine-furniture-drewmax","8":"product_cat-drewmax","9":"product_cat-shelving-units","11":"first","12":"instock","13":"purchasable","14":"product-type-simple"},"_links":{"self":[{"href":"https:\/\/baldumarket.lt\/lt\/wp-json\/wp\/v2\/product\/93826","targetHints":{"allow":["GET"]}}],"collection":[{"href":"https:\/\/baldumarket.lt\/lt\/wp-json\/wp\/v2\/product"}],"about":[{"href":"https:\/\/baldumarket.lt\/lt\/wp-json\/wp\/v2\/types\/product"}],"replies":[{"embeddable":true,"href":"https:\/\/baldumarket.lt\/lt\/wp-json\/wp\/v2\/comments?post=93826"}],"wp:featuredmedia":[{"embeddable":true,"href":"https:\/\/baldumarket.lt\/lt\/wp-json\/wp\/v2\/media\/87066"}],"wp:attachment":[{"href":"https:\/\/baldumarket.lt\/lt\/wp-json\/wp\/v2\/media?parent=93826"}],"wp:term":[{"taxonomy":"product_brand","embeddable":true,"href":"https:\/\/baldumarket.lt\/lt\/wp-json\/wp\/v2\/product_brand?post=93826"},{"taxonomy":"product_cat","embeddable":true,"href":"https:\/\/baldumarket.lt\/lt\/wp-json\/wp\/v2\/product_cat?post=93826"},{"taxonomy":"product_tag","embeddable":true,"href":"https:\/\/baldumarket.lt\/lt\/wp-json\/wp\/v2\/product_tag?post=93826"}],"curies":[{"name":"wp","href":"https:\/\/api.w.org\/{rel}","templated":true}]}}