{"id":93736,"date":"2025-12-05T02:32:39","date_gmt":"2025-12-04T23:32:39","guid":{"rendered":"https:\/\/baldumarket.lt\/product\/szafa-sosnowa-rustikal-sf702-i-sosna-bielony-wosk\/"},"modified":"2026-02-03T23:55:51","modified_gmt":"2026-02-03T20:55:51","slug":"szafa-sosnowa-rustikal-sf702-i-sosna-bielony-wosk","status":"publish","type":"product","link":"https:\/\/baldumarket.lt\/lt\/product\/szafa-sosnowa-rustikal-sf702-i-sosna-bielony-wosk\/","title":{"rendered":"Pu\u0161in\u0117 spinta RUSTIKAL SF702\/I, pu\u0161ies balintas va\u0161kas"},"content":{"rendered":"<p>Trij\u0173 dur\u0173, va\u0161kuota SF702\/I SLIM spinta, sukurta kaimi\u0161ku stiliumi, pagaminta i\u0161 tvirtos pu\u0161ies medienos. J\u0105 sudaro dvi dalys. Kair\u0117je pus\u0117je, u\u017e dvigub\u0173 dur\u0173, yra medinis karnizas ir lentyna. De\u0161in\u0117je, vien\u0173 dur\u0173 dalyje, yra trys erdvios lentynos. Be to, spintoje yra trys i\u0161traukiami stal\u010diai ant medini\u0173 b\u0117geli\u0173. Baldas pasi\u017eymi patvaria ir tvirta konstrukcija. Jos gamyboje buvo panaudotos rank\u0173 darbo metalin\u0117s rankenos ir vyriai su sendinta apdaila. SF702\/I pu\u0161in\u0117 spinta yra puikus sprendimas r\u016bbinei, prie\u0161kambariui ar miegamajam. Ji suteiks bet kokiam interjerui unikali\u0105, \u0161ilt\u0105 ir jauki\u0105 atmosfer\u0105. Jos funkcionalumas labai palengvins daikt\u0173 laikym\u0105. Standartin\u0117 spinta SF802\/I<\/p>\n<p>Prie trij\u0173 dur\u0173 spintos SF702\/I puikiai dera speciali SF705\/I prailginimo dalis, kurioje galima susid\u0117ti papildomus daiktus, pavyzd\u017eiui, sezoninius drabu\u017eius, rank\u0161luos\u010dius ar patalyn\u0119.<\/p>\n<p>Spinta SF702\/I padengta nat\u016braliu bi\u010di\u0173 va\u0161ku, kuris sukuria apsaugin\u012f sluoksn\u012f nuo dr\u0117gm\u0117s ir kartu maitina medien\u0105. Va\u0161kavimo procesas i\u0161ry\u0161kina nat\u016brali\u0105 medienos tekst\u016br\u0105 ir pagilina nat\u016brali\u0105 jos spalv\u0105. Bi\u010di\u0173 va\u0161kas yra nat\u016bralus produktas, tod\u0117l va\u0161kuoti baldai pasi\u017eymi antistatin\u0117mis savyb\u0117mis, ma\u017einan\u010diomis dulki\u0173 kaupim\u0105si. Papildomas va\u0161kuot\u0173 bald\u0173 privalumas \u2013 \u0161ilkinis lygus pavir\u0161ius ir malonus nat\u016bralus medienos aromatas.<\/p>\n<p>Sveikos medienos strukt\u016bros palaikymas yra b\u016btinas va\u0161kuot\u0173 bald\u0173 ilgaam\u017ei\u0161kumui. Skyriuje \u201cVa\u0161kuot\u0173 bald\u0173 prie\u017ei\u016bra ir naudojimas\u201d rasite verting\u0173 patarim\u0173, kaip pri\u017ei\u016br\u0117ti \u201eRustikal\u201c kolekcijos baldus.<\/p>","protected":false},"excerpt":{"rendered":"<p>Trij\u0173 dur\u0173, va\u0161kuota SF702\/I SLIM spinta, sukurta kaimi\u0161ku stiliumi, pagaminta i\u0161 tvirtos pu\u0161ies medienos. J\u0105 sudaro dvi dalys. Kair\u0117je pus\u0117je, u\u017e dvigub\u0173 dur\u0173, yra medinis karnizas ir lentyna. De\u0161in\u0117je, vien\u0173 dur\u0173 dalyje, yra trys erdvios lentynos. Be to, spintoje yra trys i\u0161traukiami stal\u010diai ant medini\u0173 b\u0117geli\u0173. [\u2026]<\/p>","protected":false},"featured_media":86212,"comment_status":"open","ping_status":"open","template":"","meta":[],"product_brand":[],"product_cat":[9317,2113,1177],"product_tag":[],"class_list":{"0":"post-93736","1":"product","2":"type-product","3":"status-publish","4":"has-post-thumbnail","6":"product_cat-collection-rustikal-drewmax","7":"product_cat-drewmax","8":"product_cat-wardrobes","10":"first","11":"instock","12":"purchasable","13":"product-type-simple"},"_links":{"self":[{"href":"https:\/\/baldumarket.lt\/lt\/wp-json\/wp\/v2\/product\/93736","targetHints":{"allow":["GET"]}}],"collection":[{"href":"https:\/\/baldumarket.lt\/lt\/wp-json\/wp\/v2\/product"}],"about":[{"href":"https:\/\/baldumarket.lt\/lt\/wp-json\/wp\/v2\/types\/product"}],"replies":[{"embeddable":true,"href":"https:\/\/baldumarket.lt\/lt\/wp-json\/wp\/v2\/comments?post=93736"}],"wp:featuredmedia":[{"embeddable":true,"href":"https:\/\/baldumarket.lt\/lt\/wp-json\/wp\/v2\/media\/86212"}],"wp:attachment":[{"href":"https:\/\/baldumarket.lt\/lt\/wp-json\/wp\/v2\/media?parent=93736"}],"wp:term":[{"taxonomy":"product_brand","embeddable":true,"href":"https:\/\/baldumarket.lt\/lt\/wp-json\/wp\/v2\/product_brand?post=93736"},{"taxonomy":"product_cat","embeddable":true,"href":"https:\/\/baldumarket.lt\/lt\/wp-json\/wp\/v2\/product_cat?post=93736"},{"taxonomy":"product_tag","embeddable":true,"href":"https:\/\/baldumarket.lt\/lt\/wp-json\/wp\/v2\/product_tag?post=93736"}],"curies":[{"name":"wp","href":"https:\/\/api.w.org\/{rel}","templated":true}]}}