{"id":93730,"date":"2025-12-05T02:32:28","date_gmt":"2025-12-04T23:32:28","guid":{"rendered":"https:\/\/baldumarket.lt\/product\/szafa-sosnowa-rustikal-sf705-ii-sosna-bielony-wosk\/"},"modified":"2026-02-03T23:55:52","modified_gmt":"2026-02-03T20:55:52","slug":"szafa-sosnowa-rustikal-sf705-ii-sosna-bielony-wosk","status":"publish","type":"product","link":"https:\/\/baldumarket.lt\/lt\/product\/szafa-sosnowa-rustikal-sf705-ii-sosna-bielony-wosk\/","title":{"rendered":"Pu\u0161in\u0117 spinta RUSTIKAL SF705\/II pu\u0161ies balintas va\u0161kas"},"content":{"rendered":"<p>Trij\u0173 dur\u0173 spintos SF705\/II SLIM kombinuotoji dalis, sukurta kaimi\u0161ko stiliaus, pagaminta i\u0161 tvirtos, va\u0161kuotos pu\u0161ies medienos. J\u0105 sudaro du atskiri segmentai. Surinktos dalys sudaro darni\u0105 visum\u0105. Baldas yra patvarios ir tvirtos konstrukcijos. Jo gamyboje buvo naudojamos rank\u0173 darbo metalin\u0117s rankenos ir vyriai su sendinto efekto efektu. Priedas puikiai papildo trij\u0173 dur\u0173 spint\u0105 SF702\/II. Ji puikiai tinka kaip papildoma vieta sezoniniams drabu\u017eiams, rank\u0161luos\u010diams ar patalynei laikyti. Ji suteiks bet kokiam interjerui unikali\u0105 atmosfer\u0105, kupin\u0105 \u0161ilumos ir \u0161eimyni\u0161kos atmosferos. Jos funkcionalumas labai palengvins daikt\u0173 laikym\u0105.<\/p>\n<p>STANDARTINIS SF805\/II prailginimas<\/p>\n<p>SF705\/II prailginimas padengtas nat\u016braliu bi\u010di\u0173 va\u0161ku, kuris sukuria apsaugin\u012f sluoksn\u012f nuo dr\u0117gm\u0117s ir kartu apsaugo medien\u0105. Va\u0161kavimas pary\u0161kina nat\u016brali\u0105 medienos tekst\u016br\u0105 ir pagilina nat\u016brali\u0105 jos spalv\u0105. Bi\u010di\u0173 va\u0161kas yra nat\u016bralus produktas, tod\u0117l va\u0161kuoti baldai \u012fgauna antistatini\u0173 savybi\u0173, suma\u017eina dulki\u0173 kaupim\u0105si. Papildomas va\u0161kuot\u0173 bald\u0173 privalumas \u2013 \u0161ilkinis lygus pavir\u0161ius ir malonus nat\u016bralus medienos aromatas.<\/p>\n<p>Sveikos medienos tekst\u016bros i\u0161saugojimas yra b\u016btinas va\u0161kuot\u0173 bald\u0173 ilgaam\u017ei\u0161kumui. Skyriuje \u201cVa\u0161kuot\u0173 bald\u0173 prie\u017ei\u016bra ir naudojimas\u201d rasite verting\u0173 patarim\u0173, kaip pri\u017ei\u016br\u0117ti \u201eRustikal\u201c kolekcijos baldus.<\/p>","protected":false},"excerpt":{"rendered":"<p>Trij\u0173 dur\u0173 spintos kombinuotos spintos prailginimas SF705\/II SLIM, suprojektuotas kaimi\u0161ku stiliumi, pagamintas i\u0161 tvirtos, va\u0161kuotos pu\u0161ies medienos. J\u012f sudaro du atskiri segmentai. Surinktos dalys sudaro darni\u0105 visum\u0105. Baldas yra patvarios ir tvirtos konstrukcijos. Rank\u0173 darbo metalin\u0117s rankenos ir vyriai su sendinto med\u017eio efektu buvo panaudoti [\u2026]<\/p>","protected":false},"featured_media":86137,"comment_status":"open","ping_status":"open","template":"","meta":[],"product_brand":[],"product_cat":[9317,2113,1177],"product_tag":[],"class_list":{"0":"post-93730","1":"product","2":"type-product","3":"status-publish","4":"has-post-thumbnail","6":"product_cat-collection-rustikal-drewmax","7":"product_cat-drewmax","8":"product_cat-wardrobes","10":"first","11":"instock","12":"purchasable","13":"product-type-simple"},"_links":{"self":[{"href":"https:\/\/baldumarket.lt\/lt\/wp-json\/wp\/v2\/product\/93730","targetHints":{"allow":["GET"]}}],"collection":[{"href":"https:\/\/baldumarket.lt\/lt\/wp-json\/wp\/v2\/product"}],"about":[{"href":"https:\/\/baldumarket.lt\/lt\/wp-json\/wp\/v2\/types\/product"}],"replies":[{"embeddable":true,"href":"https:\/\/baldumarket.lt\/lt\/wp-json\/wp\/v2\/comments?post=93730"}],"wp:featuredmedia":[{"embeddable":true,"href":"https:\/\/baldumarket.lt\/lt\/wp-json\/wp\/v2\/media\/86137"}],"wp:attachment":[{"href":"https:\/\/baldumarket.lt\/lt\/wp-json\/wp\/v2\/media?parent=93730"}],"wp:term":[{"taxonomy":"product_brand","embeddable":true,"href":"https:\/\/baldumarket.lt\/lt\/wp-json\/wp\/v2\/product_brand?post=93730"},{"taxonomy":"product_cat","embeddable":true,"href":"https:\/\/baldumarket.lt\/lt\/wp-json\/wp\/v2\/product_cat?post=93730"},{"taxonomy":"product_tag","embeddable":true,"href":"https:\/\/baldumarket.lt\/lt\/wp-json\/wp\/v2\/product_tag?post=93730"}],"curies":[{"name":"wp","href":"https:\/\/api.w.org\/{rel}","templated":true}]}}