{"id":93716,"date":"2025-12-05T02:32:05","date_gmt":"2025-12-04T23:32:05","guid":{"rendered":"https:\/\/baldumarket.lt\/product\/szafka-rtv-sosnowa-rustikal-rv702-sosna-bielony-wosk\/"},"modified":"2026-02-03T23:55:56","modified_gmt":"2026-02-03T20:55:56","slug":"szafka-rtv-sosnowa-rustikal-rv702-sosna-bielony-wosk","status":"publish","type":"product","link":"https:\/\/baldumarket.lt\/lt\/product\/szafka-rtv-sosnowa-rustikal-rv702-sosna-bielony-wosk\/","title":{"rendered":"Pu\u0161in\u0117 TV spintel\u0117 RUSTIKAL RV702, pu\u0161is, balintas va\u0161kas"},"content":{"rendered":"<p>Va\u0161kuotas, kaimi\u0161ko stiliaus RV702 televizoriaus staliukas pagamintas i\u0161 tvirtos pu\u0161ies medienos. Jis stovi ant medini\u0173 rutulio formos kojeli\u0173. Stovas turi keturis stal\u010dius, kiekvienas stumdomas medin\u0117mis b\u0117gel\u0117mis (du de\u0161in\u0117je ir du kair\u0117je). Centre yra \u012fduba televizoriaus \u012frangai. Stal\u010di\u0173 fasadai ir stovo apa\u010dia dekoruoti frezuotomis detal\u0117mis. Baldas pasi\u017eymi patvaria ir tvirta konstrukcija. Jo konstrukcijoje panaudotos rank\u0173 darbo metalin\u0117s rankenos su sendinto med\u017eio efektu. RV702 stovas bet kokiam interjerui suteiks unikalios atmosferos, kupinos \u0161ilumos ir nam\u0173 jaukumo.<\/p>\n<p>Baldas padengtas nat\u016braliu bi\u010di\u0173 va\u0161ku, kuris sukuria apsaugin\u012f sluoksn\u012f nuo dr\u0117gm\u0117s ir kartu apsaugo medien\u0105. Va\u0161kavimo procesas pary\u0161kina nat\u016bral\u0173 medienos ra\u0161t\u0105 ir pagilina nat\u016brali\u0105 jos spalv\u0105. Bi\u010di\u0173 va\u0161kas yra nat\u016bralus produktas, tod\u0117l va\u0161kuoti baldai pasi\u017eymi antistatin\u0117mis savyb\u0117mis, ma\u017einan\u010diomis dulki\u0173 kaupim\u0105si. Papildomas va\u0161kuot\u0173 bald\u0173 privalumas \u2013 \u0161ilkinis lygus pavir\u0161ius ir malonus nat\u016bralus medienos aromatas.<\/p>\n<p>Sveikos medienos strukt\u016bros i\u0161saugojimas yra b\u016btinas va\u0161kuot\u0173 bald\u0173 ilgaam\u017ei\u0161kumui. Skyriuje \u201cVa\u0161kuot\u0173 bald\u0173 prie\u017ei\u016bra ir naudojimas\u201d rasite verting\u0173 patarim\u0173, kaip pri\u017ei\u016br\u0117ti \u201eRustikal\u201c kolekcijos baldus.<\/p>","protected":false},"excerpt":{"rendered":"<p>Va\u0161kuotas RV702 televizoriaus staliukas, sukurtas kaimi\u0161ku stiliumi, yra pagamintas i\u0161 tvirtos pu\u0161ies medienos. Jis stovi ant medini\u0173 rutulio formos kojeli\u0173. Stovas turi keturis stal\u010dius, kiekvienas stumdomas medin\u0117mis b\u0117gel\u0117mis (du de\u0161in\u0117je ir du kair\u0117je). Centre yra \u012fduba televizoriaus \u012frangai. Stal\u010dius [\u2026]<\/p>","protected":false},"featured_media":85763,"comment_status":"open","ping_status":"open","template":"","meta":[],"product_brand":[],"product_cat":[9317,2113,1175],"product_tag":[],"class_list":{"0":"post-93716","1":"product","2":"type-product","3":"status-publish","4":"has-post-thumbnail","6":"product_cat-collection-rustikal-drewmax","7":"product_cat-drewmax","8":"product_cat-tv-stands","10":"first","11":"instock","12":"purchasable","13":"product-type-simple"},"_links":{"self":[{"href":"https:\/\/baldumarket.lt\/lt\/wp-json\/wp\/v2\/product\/93716","targetHints":{"allow":["GET"]}}],"collection":[{"href":"https:\/\/baldumarket.lt\/lt\/wp-json\/wp\/v2\/product"}],"about":[{"href":"https:\/\/baldumarket.lt\/lt\/wp-json\/wp\/v2\/types\/product"}],"replies":[{"embeddable":true,"href":"https:\/\/baldumarket.lt\/lt\/wp-json\/wp\/v2\/comments?post=93716"}],"wp:featuredmedia":[{"embeddable":true,"href":"https:\/\/baldumarket.lt\/lt\/wp-json\/wp\/v2\/media\/85763"}],"wp:attachment":[{"href":"https:\/\/baldumarket.lt\/lt\/wp-json\/wp\/v2\/media?parent=93716"}],"wp:term":[{"taxonomy":"product_brand","embeddable":true,"href":"https:\/\/baldumarket.lt\/lt\/wp-json\/wp\/v2\/product_brand?post=93716"},{"taxonomy":"product_cat","embeddable":true,"href":"https:\/\/baldumarket.lt\/lt\/wp-json\/wp\/v2\/product_cat?post=93716"},{"taxonomy":"product_tag","embeddable":true,"href":"https:\/\/baldumarket.lt\/lt\/wp-json\/wp\/v2\/product_tag?post=93716"}],"curies":[{"name":"wp","href":"https:\/\/api.w.org\/{rel}","templated":true}]}}