{"id":93709,"date":"2025-12-05T02:31:56","date_gmt":"2025-12-04T23:31:56","guid":{"rendered":"https:\/\/baldumarket.lt\/product\/szuflada-sosnowa-rustikal-lk712-sosna-jasny-wosk\/"},"modified":"2026-02-03T23:55:58","modified_gmt":"2026-02-03T20:55:58","slug":"szuflada-sosnowa-rustikal-lk712-sosna-jasny-wosk","status":"publish","type":"product","link":"https:\/\/baldumarket.lt\/lt\/product\/szuflada-sosnowa-rustikal-lk712-sosna-jasny-wosk\/","title":{"rendered":"Pu\u0161inis stal\u010dius RUSTIKAL LK712 \u0161viesus pu\u0161ies va\u0161kas"},"content":{"rendered":"<p>Va\u0161kuotas kaimi\u0161ko stiliaus LK712 stal\u010dius \u2013 puikus b\u016bdas i\u0161naudoti erdv\u0119 po lova. Pagamintas vien i\u0161 tvirtos pu\u0161ies medienos, jis turi rank\u0173 darbo metalines rankenas su sendinta apdaila. \u0160is stal\u010dius puikiai tinka kaip papildoma laikymo vieta antklod\u0117ms ar patalynei. Jis suteiks bet kokiam interjerui unikali\u0105, \u0161ilt\u0105 ir \u0161eimyni\u0161k\u0105 atmosfer\u0105. Jo funkcionalumas labai palengvina daikt\u0173 laikym\u0105. Jis sukurtas taip, kad atrodyt\u0173 kaip neatsiejama visos konstrukcijos dalis. Jame yra paprasta, nuo grind\u0173 iki lub\u0173 einanti slankiojanti sistema su ratukais.<\/p>\n<p>LK712 stal\u010diaus matmenys (auk\u0161tis, plotis, gylis): 22 cm x 198 cm x 60 cm.<\/p>\n<p>LK712 stal\u010dius padengtas nat\u016braliu bi\u010di\u0173 va\u0161ku, kuris sukuria apsaugin\u012f sluoksn\u012f nuo dr\u0117gm\u0117s ir kartu kondicionuoja medien\u0105. Va\u0161kavimo procesas pary\u0161kina nat\u016brali\u0105 medienos tekst\u016br\u0105 ir pagilina nat\u016brali\u0105 jos spalv\u0105. Bi\u010di\u0173 va\u0161kas yra nat\u016bralus produktas, tod\u0117l va\u0161kuoti baldai \u012fgauna antistatini\u0173 savybi\u0173 \u2013 suma\u017eina dulki\u0173 kaupim\u0105si. Papildomas va\u0161kuot\u0173 bald\u0173 privalumas \u2013 \u0161ilkinis lygus pavir\u0161ius ir malonus nat\u016bralus medienos aromatas.<\/p>\n<p>Sveikos medienos strukt\u016bros i\u0161saugojimas yra b\u016btinas va\u0161kuot\u0173 bald\u0173 ilgaam\u017ei\u0161kumui. Skyriuje \u201cVa\u0161kuot\u0173 bald\u0173 prie\u017ei\u016bra ir naudojimas\u201d rasite verting\u0173 patarim\u0173, kaip pri\u017ei\u016br\u0117ti \u201eRustikal\u201c kolekcijos baldus.<\/p>","protected":false},"excerpt":{"rendered":"<p>Va\u0161kuotas kaimi\u0161ko stiliaus LK712 stal\u010dius \u2013 puikus b\u016bdas i\u0161naudoti erdv\u0119 po lova. Pagamintas vien i\u0161 tvirtos pu\u0161ies medienos, jis turi rank\u0173 darbo metalines rankenas su sendinta apdaila. \u0160is stal\u010dius puikiai tinka kaip papildoma laikymo vieta antklod\u0117ms ar patalynei. Jis suteiks unikali\u0105, \u0161ilt\u0105 ir \u0161eimyni\u0161k\u0105 atmosfer\u0105 bet kokiam interjerui. Jo [\u2026]<\/p>","protected":false},"featured_media":85667,"comment_status":"open","ping_status":"open","template":"","meta":[],"product_brand":[],"product_cat":[9317,2113,1043],"product_tag":[],"class_list":{"0":"post-93709","1":"product","2":"type-product","3":"status-publish","4":"has-post-thumbnail","6":"product_cat-collection-rustikal-drewmax","7":"product_cat-drewmax","8":"product_cat-extras","10":"first","11":"instock","12":"purchasable","13":"product-type-simple"},"_links":{"self":[{"href":"https:\/\/baldumarket.lt\/lt\/wp-json\/wp\/v2\/product\/93709","targetHints":{"allow":["GET"]}}],"collection":[{"href":"https:\/\/baldumarket.lt\/lt\/wp-json\/wp\/v2\/product"}],"about":[{"href":"https:\/\/baldumarket.lt\/lt\/wp-json\/wp\/v2\/types\/product"}],"replies":[{"embeddable":true,"href":"https:\/\/baldumarket.lt\/lt\/wp-json\/wp\/v2\/comments?post=93709"}],"wp:featuredmedia":[{"embeddable":true,"href":"https:\/\/baldumarket.lt\/lt\/wp-json\/wp\/v2\/media\/85667"}],"wp:attachment":[{"href":"https:\/\/baldumarket.lt\/lt\/wp-json\/wp\/v2\/media?parent=93709"}],"wp:term":[{"taxonomy":"product_brand","embeddable":true,"href":"https:\/\/baldumarket.lt\/lt\/wp-json\/wp\/v2\/product_brand?post=93709"},{"taxonomy":"product_cat","embeddable":true,"href":"https:\/\/baldumarket.lt\/lt\/wp-json\/wp\/v2\/product_cat?post=93709"},{"taxonomy":"product_tag","embeddable":true,"href":"https:\/\/baldumarket.lt\/lt\/wp-json\/wp\/v2\/product_tag?post=93709"}],"curies":[{"name":"wp","href":"https:\/\/api.w.org\/{rel}","templated":true}]}}