{"id":93702,"date":"2025-12-05T02:31:47","date_gmt":"2025-12-04T23:31:47","guid":{"rendered":"https:\/\/baldumarket.lt\/product\/toaletka-sosnowa-lt103-naturalny\/"},"modified":"2026-02-03T23:55:59","modified_gmt":"2026-02-03T20:55:59","slug":"toaletka-sosnowa-lt103-naturalny","status":"publish","type":"product","link":"https:\/\/baldumarket.lt\/lt\/product\/toaletka-sosnowa-lt103-naturalny\/","title":{"rendered":"Nat\u016bralus pu\u0161ies tualetinis staliukas LT103"},"content":{"rendered":"<p>GALIMA I\u0160 SAND\u0116LYJE PASIRINKT\u0172 SPALV\u0172 IR DYD\u017dI\u0172 \u2013 apie prieinamum\u0105 teiraukit\u0117s savo pardavim\u0173 atstovo.<\/p>\n<p>Stilingas LT103 veidrodis, puikiai tinkantis kaip tualetinis staliukas, pagamintas i\u0161 pu\u0161ies medienos masyvo ir suteiks \u0161ilumos bet kokiam interjerui.<\/p>","protected":false},"excerpt":{"rendered":"<p>GALIMA SAND\u0116LYJE PASIRINKT\u0172 SPALV\u0172 IR DYD\u017dI\u0172 \u2013 apie prieinamum\u0105 teiraukit\u0117s pardavim\u0173 atstovo. Stilingas LT103 veidrodis, puikiai tinkantis kaip tualetinis staliukas, pagamintas i\u0161 pu\u0161ies masyvo ir suteiks \u0161ilumos bet kokiam interjerui.<\/p>","protected":false},"featured_media":93699,"comment_status":"open","ping_status":"open","template":"","meta":[],"product_brand":[],"product_cat":[2113,1108],"product_tag":[],"class_list":{"0":"post-93702","1":"product","2":"type-product","3":"status-publish","4":"has-post-thumbnail","6":"product_cat-drewmax","7":"product_cat-mirrors","9":"first","10":"instock","11":"purchasable","12":"product-type-simple"},"_links":{"self":[{"href":"https:\/\/baldumarket.lt\/lt\/wp-json\/wp\/v2\/product\/93702","targetHints":{"allow":["GET"]}}],"collection":[{"href":"https:\/\/baldumarket.lt\/lt\/wp-json\/wp\/v2\/product"}],"about":[{"href":"https:\/\/baldumarket.lt\/lt\/wp-json\/wp\/v2\/types\/product"}],"replies":[{"embeddable":true,"href":"https:\/\/baldumarket.lt\/lt\/wp-json\/wp\/v2\/comments?post=93702"}],"wp:featuredmedia":[{"embeddable":true,"href":"https:\/\/baldumarket.lt\/lt\/wp-json\/wp\/v2\/media\/93699"}],"wp:attachment":[{"href":"https:\/\/baldumarket.lt\/lt\/wp-json\/wp\/v2\/media?parent=93702"}],"wp:term":[{"taxonomy":"product_brand","embeddable":true,"href":"https:\/\/baldumarket.lt\/lt\/wp-json\/wp\/v2\/product_brand?post=93702"},{"taxonomy":"product_cat","embeddable":true,"href":"https:\/\/baldumarket.lt\/lt\/wp-json\/wp\/v2\/product_cat?post=93702"},{"taxonomy":"product_tag","embeddable":true,"href":"https:\/\/baldumarket.lt\/lt\/wp-json\/wp\/v2\/product_tag?post=93702"}],"curies":[{"name":"wp","href":"https:\/\/api.w.org\/{rel}","templated":true}]}}