{"id":93683,"date":"2025-12-05T02:31:28","date_gmt":"2025-12-04T23:31:28","guid":{"rendered":"https:\/\/baldumarket.lt\/product\/toaletka-sosnowa-rustikal-lt701-sosna-bielony-wosk\/"},"modified":"2026-02-03T23:56:03","modified_gmt":"2026-02-03T20:56:03","slug":"toaletka-sosnowa-rustikal-lt701-sosna-bielony-wosk","status":"publish","type":"product","link":"https:\/\/baldumarket.lt\/lt\/product\/toaletka-sosnowa-rustikal-lt701-sosna-bielony-wosk\/","title":{"rendered":"Pu\u0161inis tualetinis staliukas RUSTIKAL LT701, pu\u0161ies balintas va\u0161kas"},"content":{"rendered":"<p>LT701 va\u0161kuotas tualetinis staliukas \u2013 konsolinis. Sukurtas kaimi\u0161ku stiliumi, jis pagamintas vien i\u0161 tvirtos pu\u0161ies medienos. Tai esminis bet kokio stilingo interjero elementas. Jis puikiai tinka kaip \u0161oninis staliukas, pavyzd\u017eiui, biure, arba kaip tualetinis staliukas miegamajame. LT701 pasi\u017eymi subtiliomis, \u0161iek tiek i\u0161lenktomis kojel\u0117mis ir dviem prakti\u0161kais stal\u010diais, kurie i\u0161traukiami ant medini\u0173 b\u0117geli\u0173, puikiai tinkan\u010di\u0173 kosmetikai ir nieku\u010diams laikyti. Jo konstrukcijoje panaudoti rank\u0173 darbo metaliniai vyriai ir rankenos su sendinto med\u017eio efektu. Matomas ra\u0161tas i\u0161ry\u0161kina nat\u016bralios medienos gro\u017e\u012f. LT701 suteiks unikali\u0105 atmosfer\u0105 bet kokiam interjerui, kupin\u0105 \u0161ilumos ir jaukios atmosferos.<\/p>\n<p>Baldai padengti nat\u016braliu bi\u010di\u0173 va\u0161ku, kuris sukuria apsaugin\u012f sluoksn\u012f nuo dr\u0117gm\u0117s ir kartu maitina medien\u0105. Va\u0161kavimo procesas pary\u0161kina nat\u016bral\u0173 medienos ra\u0161t\u0105 ir pagilina nat\u016brali\u0105 jos spalv\u0105. Bi\u010di\u0173 va\u0161kas yra nat\u016bralus produktas, tod\u0117l va\u0161kuoti baldai pasi\u017eymi antistatin\u0117mis savyb\u0117mis, ma\u017einan\u010diomis dulki\u0173 kaupim\u0105si. Papildomas va\u0161kuot\u0173 bald\u0173 privalumas \u2013 \u0161ilkiniai lygus pavir\u0161ius ir malonus nat\u016bralus medienos aromatas.<\/p>\n<p>Sveikos medienos strukt\u016bros i\u0161saugojimas yra b\u016btinas va\u0161kuot\u0173 bald\u0173 ilgaam\u017ei\u0161kumui. Skyriuje \u201cVa\u0161kuot\u0173 bald\u0173 prie\u017ei\u016bra ir naudojimas\u201d rasite verting\u0173 patarim\u0173, kaip pri\u017ei\u016br\u0117ti \u201eRustikal\u201c kolekcijos baldus.<\/p>","protected":false},"excerpt":{"rendered":"<p>Va\u0161kuotas tualetinis staliukas LT701 \u2013 konsolinis. Sukurtas kaimi\u0161ku stiliumi, jis pagamintas vien i\u0161 tvirtos pu\u0161ies medienos. Tai esminis bet kokio stilingo interjero elementas. Jis puikiai tinka kaip \u0161oninis staliukas, pavyzd\u017eiui, biure, arba kaip tualetinis staliukas miegamajame. LT701 pasi\u017eymi subtiliomis, \u0161iek tiek i\u0161lenktomis kojel\u0117mis ir dviem prakti\u0161kais [\u2026]<\/p>","protected":false},"featured_media":85646,"comment_status":"open","ping_status":"open","template":"","meta":[],"product_brand":[],"product_cat":[9317,1237,2113],"product_tag":[],"class_list":{"0":"post-93683","1":"product","2":"type-product","3":"status-publish","4":"has-post-thumbnail","6":"product_cat-collection-rustikal-drewmax","7":"product_cat-dressing-tables","8":"product_cat-drewmax","10":"first","11":"instock","12":"purchasable","13":"product-type-simple"},"_links":{"self":[{"href":"https:\/\/baldumarket.lt\/lt\/wp-json\/wp\/v2\/product\/93683","targetHints":{"allow":["GET"]}}],"collection":[{"href":"https:\/\/baldumarket.lt\/lt\/wp-json\/wp\/v2\/product"}],"about":[{"href":"https:\/\/baldumarket.lt\/lt\/wp-json\/wp\/v2\/types\/product"}],"replies":[{"embeddable":true,"href":"https:\/\/baldumarket.lt\/lt\/wp-json\/wp\/v2\/comments?post=93683"}],"wp:featuredmedia":[{"embeddable":true,"href":"https:\/\/baldumarket.lt\/lt\/wp-json\/wp\/v2\/media\/85646"}],"wp:attachment":[{"href":"https:\/\/baldumarket.lt\/lt\/wp-json\/wp\/v2\/media?parent=93683"}],"wp:term":[{"taxonomy":"product_brand","embeddable":true,"href":"https:\/\/baldumarket.lt\/lt\/wp-json\/wp\/v2\/product_brand?post=93683"},{"taxonomy":"product_cat","embeddable":true,"href":"https:\/\/baldumarket.lt\/lt\/wp-json\/wp\/v2\/product_cat?post=93683"},{"taxonomy":"product_tag","embeddable":true,"href":"https:\/\/baldumarket.lt\/lt\/wp-json\/wp\/v2\/product_tag?post=93683"}],"curies":[{"name":"wp","href":"https:\/\/api.w.org\/{rel}","templated":true}]}}