{"id":93662,"date":"2025-12-05T02:30:57","date_gmt":"2025-12-04T23:30:57","guid":{"rendered":"https:\/\/baldumarket.lt\/product\/witryna-sosnowa-rustikal-kw710-sosna-bielony-wosk\/"},"modified":"2026-02-03T23:56:08","modified_gmt":"2026-02-03T20:56:08","slug":"witryna-sosnowa-rustikal-kw710-sosna-bielony-wosk","status":"publish","type":"product","link":"https:\/\/baldumarket.lt\/lt\/product\/witryna-sosnowa-rustikal-kw710-sosna-bielony-wosk\/","title":{"rendered":"Pu\u0161in\u0117 vitrina RUSTIKAL KW710, pu\u0161ies balintas va\u0161kas"},"content":{"rendered":"<p>Va\u0161kuota KW710 SLIM vitrina\/indauja, sukurta kaimi\u0161ko stiliaus, pagaminta vien i\u0161 pu\u0161ies masyvo. J\u0105 sudaro du pagrindiniai elementai: komoda ir vir\u0161utinis blokas. Trij\u0173 dur\u0173 indauja turi lentyn\u0105, einan\u010di\u0105 per vis\u0105 spintel\u0117s ilg\u012f. Po vir\u0161utiniu bloku yra trys stal\u010diai, kurie i\u0161stumdomi medin\u0117mis b\u0117gel\u0117mis. Vir\u0161utin\u012f blok\u0105 sudaro dvejos stiklin\u0117s, dvigubos i\u0161orin\u0117s durys (kiekvienose yra po dvi lentynas viduje). Tarp dur\u0173 yra viena lentyna ir du ma\u017ei stal\u010diai. Vir\u0161utinis blokas apdailintas pusiau arkine kar\u016bna, o apatinis \u2013 banguota juostele. \u0160is baldas pasi\u017eymi patvaria ir tvirta konstrukcija. Jo gamyboje naudojamos rank\u0173 darbo metalin\u0117s rankenos ir vyriai su sendinta apdaila. Vitrina\/indauja neb\u016btinai turi b\u016bti siejama tik su virtuve. Ji gali b\u016bti \u012fkomponuota \u012f bet kur\u012f kambar\u012f. Svetain\u0117je ji gali tarnauti kaip baras, valgomajame \u2013 stalo \u012frankiams ir indams laikyti, o miegamajame \u2013 patalynei ir rank\u0161luos\u010diams laikyti. KW710 vitrina\/indauja bet kokiam interjerui suteiks unikalios atmosferos, kupinos \u0161ilumos ir jaukios atmosferos. Jos funkcionalumas labai palengvins daikt\u0173 laikym\u0105.<\/p>\n<p>STANDARTIN\u0116 vitrina KW810<\/p>\n<p>\u0160is baldas padengtas nat\u016braliu bi\u010di\u0173 va\u0161ku, kuris sukuria apsaugin\u012f sluoksn\u012f nuo dr\u0117gm\u0117s ir kartu maitina medien\u0105. Va\u0161kavimo procesas i\u0161ry\u0161kina nat\u016brali\u0105 medienos tekst\u016br\u0105 ir pagilina nat\u016brali\u0105 jos spalv\u0105. Bi\u010di\u0173 va\u0161kas yra nat\u016bralus produktas, tod\u0117l va\u0161kuoti baldai pasi\u017eymi antistatin\u0117mis savyb\u0117mis, ma\u017einan\u010diomis dulki\u0173 kaupim\u0105si. Papildomas va\u0161kuot\u0173 bald\u0173 privalumas \u2013 \u0161ilkinis lygus pavir\u0161ius ir malonus nat\u016bralios medienos aromatas.<\/p>\n<p>Sveikos medienos strukt\u016bros palaikymas yra b\u016btinas va\u0161kuot\u0173 bald\u0173 ilgaam\u017ei\u0161kumui. Skyriuje \u201cVa\u0161kuot\u0173 bald\u0173 prie\u017ei\u016bra ir naudojimas\u201d rasite verting\u0173 patarim\u0173, kaip pri\u017ei\u016br\u0117ti \u201eRustikal\u201c kolekcijos baldus.<\/p>","protected":false},"excerpt":{"rendered":"<p>Va\u0161kuota KW710 SLIM vitrina\/indauja, sukurta kaimi\u0161ku stiliumi, pagaminta i\u0161 tvirtos pu\u0161ies medienos. J\u0105 sudaro du pagrindiniai elementai: komoda ir stal\u010dius. Trij\u0173 dur\u0173 indauja turi lentyn\u0105, einan\u010di\u0105 per vis\u0105 spintel\u0117s ilg\u012f. Po stal\u010diumi yra trys stal\u010diai, kurie i\u0161stumdomi ant medini\u0173 [\u2026]<\/p>","protected":false},"featured_media":93663,"comment_status":"open","ping_status":"open","template":"","meta":[],"product_brand":[],"product_cat":[9317,2113,2006],"product_tag":[],"class_list":{"0":"post-93662","1":"product","2":"type-product","3":"status-publish","4":"has-post-thumbnail","6":"product_cat-collection-rustikal-drewmax","7":"product_cat-drewmax","8":"product_cat-vitrines","10":"first","11":"instock","12":"purchasable","13":"product-type-simple"},"_links":{"self":[{"href":"https:\/\/baldumarket.lt\/lt\/wp-json\/wp\/v2\/product\/93662","targetHints":{"allow":["GET"]}}],"collection":[{"href":"https:\/\/baldumarket.lt\/lt\/wp-json\/wp\/v2\/product"}],"about":[{"href":"https:\/\/baldumarket.lt\/lt\/wp-json\/wp\/v2\/types\/product"}],"replies":[{"embeddable":true,"href":"https:\/\/baldumarket.lt\/lt\/wp-json\/wp\/v2\/comments?post=93662"}],"wp:featuredmedia":[{"embeddable":true,"href":"https:\/\/baldumarket.lt\/lt\/wp-json\/wp\/v2\/media\/93663"}],"wp:attachment":[{"href":"https:\/\/baldumarket.lt\/lt\/wp-json\/wp\/v2\/media?parent=93662"}],"wp:term":[{"taxonomy":"product_brand","embeddable":true,"href":"https:\/\/baldumarket.lt\/lt\/wp-json\/wp\/v2\/product_brand?post=93662"},{"taxonomy":"product_cat","embeddable":true,"href":"https:\/\/baldumarket.lt\/lt\/wp-json\/wp\/v2\/product_cat?post=93662"},{"taxonomy":"product_tag","embeddable":true,"href":"https:\/\/baldumarket.lt\/lt\/wp-json\/wp\/v2\/product_tag?post=93662"}],"curies":[{"name":"wp","href":"https:\/\/api.w.org\/{rel}","templated":true}]}}