{"id":93660,"date":"2025-12-05T02:30:54","date_gmt":"2025-12-04T23:30:54","guid":{"rendered":"https:\/\/baldumarket.lt\/product\/witryna-sosnowa-rustikal-kw709-ii-sosna-bielony-wosk\/"},"modified":"2026-02-03T23:56:09","modified_gmt":"2026-02-03T20:56:09","slug":"witryna-sosnowa-rustikal-kw709-ii-sosna-bielony-wosk","status":"publish","type":"product","link":"https:\/\/baldumarket.lt\/lt\/product\/witryna-sosnowa-rustikal-kw709-ii-sosna-bielony-wosk\/","title":{"rendered":"Pu\u0161in\u0117 vitrina RUSTIKAL KW709\/II pu\u0161ies balintas va\u0161kas"},"content":{"rendered":"<p>Trij\u0173 dur\u0173 va\u0161kuota vitrina KW709\/II SLIM versijoje susideda i\u0161 dviej\u0173 atskir\u0173 dali\u0173. Surinktos dalys sudaro darni\u0105 visum\u0105. \u0160is modelis buvo sukurtas ma\u017eesniems butams, \u012f kuriuos b\u016bt\u0173 problemati\u0161ka \u012fne\u0161ti pilnai surinkt\u0105 trij\u0173 dur\u0173 vitrin\u0105. Vitrinos sujungiamos i\u0161 vidaus naudojant pridedamus var\u017etus. Dviej\u0173 dur\u0173 sekcijoje yra trys lentynos ir du erdv\u016bs stal\u010diai u\u017e stiklini\u0173 dureli\u0173. Vien\u0173 dur\u0173 sekcijoje yra trys lentynos ir vienas stal\u010dius. Stal\u010diai i\u0161stumdomi medin\u0117mis b\u0117gel\u0117mis. Vitrina sukurta kaimi\u0161ko stiliaus ir pagaminta i\u0161 tvirtos pu\u0161ies medienos. Ji puikiai tinka laikyti piet\u0173 servizus, papuo\u0161alus, suvenyrus ar knygas. Baldai yra patvarios ir tvirtos konstrukcijos. J\u0173 gamyboje buvo naudojamos rank\u0173 darbo metalin\u0117s rankenos ir vyriai su sendinto ra\u0161to efektu. KW709\/II vitrina bet kokiam interjerui suteiks unikali\u0105 atmosfer\u0105, kupin\u0105 \u0161ilumos ir \u0161eimyni\u0161kos atmosferos. D\u0117l savo funkcionalumo daiktus laikyti bus daug lengviau.<\/p>\n<p>Standartin\u0117 vitrina KW809\/II<\/p>\n<p>\u0160is baldas padengtas nat\u016braliu bi\u010di\u0173 va\u0161ku, kuris sukuria apsaugin\u012f sluoksn\u012f nuo dr\u0117gm\u0117s ir kartu maitina medien\u0105. Va\u0161kavimo procesas i\u0161ry\u0161kina nat\u016brali\u0105 medienos tekst\u016br\u0105 ir pagilina nat\u016brali\u0105 jos spalv\u0105. Bi\u010di\u0173 va\u0161kas yra nat\u016bralus produktas, tod\u0117l va\u0161kuoti baldai pasi\u017eymi antistatin\u0117mis savyb\u0117mis, ma\u017einan\u010diomis dulki\u0173 kaupim\u0105si. Papildomas va\u0161kuot\u0173 bald\u0173 privalumas \u2013 \u0161ilkiniai lygus pavir\u0161ius ir malonus nat\u016bralus medienos aromatas.<\/p>\n<p>Sveikos medienos tekst\u016bros i\u0161saugojimas yra b\u016btinas va\u0161kuot\u0173 bald\u0173 ilgaam\u017ei\u0161kumui. Skyriuje \u201cVa\u0161kuot\u0173 bald\u0173 prie\u017ei\u016bra ir naudojimas\u201d rasite verting\u0173 patarim\u0173, kaip pri\u017ei\u016br\u0117ti \u201eRustikal\u201c kolekcijos baldus.<\/p>","protected":false},"excerpt":{"rendered":"<p>KW709\/II trij\u0173 dur\u0173 va\u0161kuota vitrina SLIM versijoje susideda i\u0161 dviej\u0173 atskir\u0173 dali\u0173. Surinktos dalys sudaro darni\u0105 visum\u0105. \u0160is modelis buvo skirtas ma\u017eesniems butams, \u012f kuriuos b\u016bt\u0173 problemati\u0161ka \u012fne\u0161ti pilnai surinkt\u0105 trij\u0173 dur\u0173 vitrin\u0105. Vitrinos susukamos i\u0161 vidaus naudojant pridedamus var\u017etus. [\u2026]<\/p>","protected":false},"featured_media":85491,"comment_status":"open","ping_status":"open","template":"","meta":[],"product_brand":[],"product_cat":[9317,2113,2006],"product_tag":[],"class_list":{"0":"post-93660","1":"product","2":"type-product","3":"status-publish","4":"has-post-thumbnail","6":"product_cat-collection-rustikal-drewmax","7":"product_cat-drewmax","8":"product_cat-vitrines","10":"first","11":"instock","12":"purchasable","13":"product-type-simple"},"_links":{"self":[{"href":"https:\/\/baldumarket.lt\/lt\/wp-json\/wp\/v2\/product\/93660","targetHints":{"allow":["GET"]}}],"collection":[{"href":"https:\/\/baldumarket.lt\/lt\/wp-json\/wp\/v2\/product"}],"about":[{"href":"https:\/\/baldumarket.lt\/lt\/wp-json\/wp\/v2\/types\/product"}],"replies":[{"embeddable":true,"href":"https:\/\/baldumarket.lt\/lt\/wp-json\/wp\/v2\/comments?post=93660"}],"wp:featuredmedia":[{"embeddable":true,"href":"https:\/\/baldumarket.lt\/lt\/wp-json\/wp\/v2\/media\/85491"}],"wp:attachment":[{"href":"https:\/\/baldumarket.lt\/lt\/wp-json\/wp\/v2\/media?parent=93660"}],"wp:term":[{"taxonomy":"product_brand","embeddable":true,"href":"https:\/\/baldumarket.lt\/lt\/wp-json\/wp\/v2\/product_brand?post=93660"},{"taxonomy":"product_cat","embeddable":true,"href":"https:\/\/baldumarket.lt\/lt\/wp-json\/wp\/v2\/product_cat?post=93660"},{"taxonomy":"product_tag","embeddable":true,"href":"https:\/\/baldumarket.lt\/lt\/wp-json\/wp\/v2\/product_tag?post=93660"}],"curies":[{"name":"wp","href":"https:\/\/api.w.org\/{rel}","templated":true}]}}