{"id":93653,"date":"2025-12-05T02:30:42","date_gmt":"2025-12-04T23:30:42","guid":{"rendered":"https:\/\/baldumarket.lt\/product\/witryna-sosnowa-rustikal-kw713-sosna-jasny-wosk\/"},"modified":"2026-02-03T23:56:11","modified_gmt":"2026-02-03T20:56:11","slug":"witryna-sosnowa-rustikal-kw713-sosna-jasny-wosk","status":"publish","type":"product","link":"https:\/\/baldumarket.lt\/lt\/product\/witryna-sosnowa-rustikal-kw713-sosna-jasny-wosk\/","title":{"rendered":"Pu\u0161in\u0117 vitrina RUSTIKAL KW713 \u0161viesios va\u0161kuotos pu\u0161ies"},"content":{"rendered":"<p>Va\u0161kuota KW713 sienin\u0117 spintel\u0117, sukurta kaimi\u0161ku stiliumi, pagaminta i\u0161 tvirtos pu\u0161ies medienos. Ji turi dvigubo stiklo duris su lentyna viduje. Po durel\u0117mis yra stal\u010diai, kurie i\u0161stumdomi mediniais b\u0117geliais. Baldas pasi\u017eymi patvaria ir tvirta konstrukcija. Matomas nat\u016bralios medienos ra\u0161tas i\u0161ry\u0161kina jos gro\u017e\u012f. Jo konstrukcijoje panaudotos rank\u0173 darbo metalin\u0117s rankenos ir sendinto stiliaus vyriai. KW713 spintel\u0117 bet kokiam interjerui suteiks unikalios atmosferos, kupinos \u0161ilumos ir jaukios atmosferos. Jos funkcionalumas labai palengvins daikt\u0173 laikym\u0105.<\/p>\n<p>Baldai padengti nat\u016braliu bi\u010di\u0173 va\u0161ku, kuris sukuria apsaugin\u012f sluoksn\u012f nuo dr\u0117gm\u0117s ir kartu kondicionuoja medien\u0105. Va\u0161kavimo procesas pary\u0161kina nat\u016bral\u0173 medienos ra\u0161t\u0105 ir pagilina nat\u016brali\u0105 jos spalv\u0105. Bi\u010di\u0173 va\u0161kas yra nat\u016bralus produktas, tod\u0117l va\u0161kuoti baldai pasi\u017eymi antistatin\u0117mis savyb\u0117mis, ma\u017einan\u010diomis dulki\u0173 kaupim\u0105si. Papildomas va\u0161kuot\u0173 bald\u0173 privalumas \u2013 \u0161ilkiniai lygus pavir\u0161ius ir malonus nat\u016bralus medienos aromatas.<\/p>\n<p>Sveikos medienos strukt\u016bros i\u0161saugojimas yra b\u016btinas va\u0161kuot\u0173 bald\u0173 ilgaam\u017ei\u0161kumui. Skyriuje \u201cVa\u0161kuot\u0173 bald\u0173 prie\u017ei\u016bra ir naudojimas\u201d rasite verting\u0173 patarim\u0173, kaip pri\u017ei\u016br\u0117ti \u201eRustikal\u201c kolekcijos baldus.<\/p>","protected":false},"excerpt":{"rendered":"<p>Va\u0161kuota KW713 sienin\u0117 spintel\u0117, sukurta kaimi\u0161ku stiliumi, pagaminta i\u0161 tvirtos pu\u0161ies medienos. Ji turi dvigubo stiklo duris su lentyna viduje. Po durel\u0117mis yra stal\u010diai, kurie i\u0161stumdomi mediniais b\u0117geliais. Baldai pasi\u017eymi patvaria ir tvirta konstrukcija. Matoma medienos tekst\u016bra i\u0161ry\u0161kina nat\u016bralios medienos gro\u017e\u012f. [\u2026]<\/p>","protected":false},"featured_media":85452,"comment_status":"open","ping_status":"open","template":"","meta":[],"product_brand":[],"product_cat":[9317,2113,2006],"product_tag":[],"class_list":{"0":"post-93653","1":"product","2":"type-product","3":"status-publish","4":"has-post-thumbnail","6":"product_cat-collection-rustikal-drewmax","7":"product_cat-drewmax","8":"product_cat-vitrines","10":"first","11":"instock","12":"purchasable","13":"product-type-simple"},"_links":{"self":[{"href":"https:\/\/baldumarket.lt\/lt\/wp-json\/wp\/v2\/product\/93653","targetHints":{"allow":["GET"]}}],"collection":[{"href":"https:\/\/baldumarket.lt\/lt\/wp-json\/wp\/v2\/product"}],"about":[{"href":"https:\/\/baldumarket.lt\/lt\/wp-json\/wp\/v2\/types\/product"}],"replies":[{"embeddable":true,"href":"https:\/\/baldumarket.lt\/lt\/wp-json\/wp\/v2\/comments?post=93653"}],"wp:featuredmedia":[{"embeddable":true,"href":"https:\/\/baldumarket.lt\/lt\/wp-json\/wp\/v2\/media\/85452"}],"wp:attachment":[{"href":"https:\/\/baldumarket.lt\/lt\/wp-json\/wp\/v2\/media?parent=93653"}],"wp:term":[{"taxonomy":"product_brand","embeddable":true,"href":"https:\/\/baldumarket.lt\/lt\/wp-json\/wp\/v2\/product_brand?post=93653"},{"taxonomy":"product_cat","embeddable":true,"href":"https:\/\/baldumarket.lt\/lt\/wp-json\/wp\/v2\/product_cat?post=93653"},{"taxonomy":"product_tag","embeddable":true,"href":"https:\/\/baldumarket.lt\/lt\/wp-json\/wp\/v2\/product_tag?post=93653"}],"curies":[{"name":"wp","href":"https:\/\/api.w.org\/{rel}","templated":true}]}}