{"id":9362,"date":"2025-11-14T04:28:43","date_gmt":"2025-11-14T01:28:43","guid":{"rendered":"https:\/\/baldumarket.lt\/product\/alice-140x200\/"},"modified":"2026-04-06T23:35:53","modified_gmt":"2026-04-06T20:35:53","slug":"alice-140x200","status":"publish","type":"product","link":"https:\/\/baldumarket.lt\/lt\/product\/alice-140x200\/","title":{"rendered":"Alisa 140X200"},"content":{"rendered":"<p>\u201eAlice\u201c \u2013 tai stabili ir gerai i\u0161lenkta lova tiems, kurie m\u0117gsta didesn\u012f nei vidutin\u012f komfort\u0105 tiek nakt\u012f, tiek dien\u0105. Sveik\u0105 ir patog\u0173 mieg\u0105 garantuoja itin patogus 20 cm \u201eBonnell\u201c spyruoklinis \u010diu\u017einys, papildomas T25 put\u0173 sluoksnis \u010diu\u017einio vir\u0161uje ir apa\u010dioje bei 4 cm storio T21 put\u0173 vir\u0161utinis sluoksnis. \u0160is derinys u\u017etikrina tinkam\u0105 k\u016bno atram\u0105 ir stabilum\u0105 poilsio metu. \u201eAlice\u201c \u2013 tai funkcionali lova, tinkanti \u012fvairaus dyd\u017eio miegamiesiems, nes ji si\u016bloma trij\u0173 dyd\u017ei\u0173: 140\/160\/180 x 200 cm. M\u016bs\u0173 kontinentin\u0117 lova turi du erdvius patalyn\u0117s skyrius, kurie atsidaro spyruokliniu mechanizmu, pakelian\u010diu vir\u0161utin\u0119 dal\u012f. Papildomi \u0161io modelio i\u0161skirtiniai bruo\u017eai: eleganti\u0161kos kojel\u0117s, auk\u0161tas, puo\u0161nus galv\u016bgalis ir daugyb\u0117 apmu\u0161al\u0173 spalv\u0173 variant\u0173. \u201eAlice\u201c \u2013 tai klasikin\u0117 spyruoklin\u0117 lova, atitinkanti visus \u012fmanomus poreikius. \u0160is baldas pakeis ne tik j\u016bs\u0173 interjer\u0105, bet ir gyvenimo komfort\u0105.<\/p>","protected":false},"excerpt":{"rendered":"<p>\u201eAlice\u201c \u2013 tai stabili ir gerai i\u0161lenkta lova tiems, kurie nori auk\u0161\u010diausio lygio komforto tiek nakt\u012f, tiek dien\u0105. Sveik\u0105 ir patog\u0173 mieg\u0105 garantuoja itin patogus 20 cm \u201eBonnell\u201c spyruoklinis \u010diu\u017einys, papildomas T25 put\u0173 sluoksnis \u010diu\u017einio vir\u0161uje ir apa\u010dioje bei 4 cm storio [\u2026]<\/p>","protected":false},"featured_media":9363,"comment_status":"open","ping_status":"open","template":"","meta":[],"product_brand":[],"product_cat":[505,514,2012,9174],"product_tag":[],"class_list":{"0":"post-9362","1":"product","2":"type-product","3":"status-publish","4":"has-post-thumbnail","6":"product_cat-bedroom-beds","7":"product_cat-continental-beds","8":"product_cat-eltap","9":"product_cat-lozka-kontynentalne-eltap","11":"first","12":"instock","13":"purchasable","14":"product-type-variable","15":"wvs-archive-product-wrapper"},"_links":{"self":[{"href":"https:\/\/baldumarket.lt\/lt\/wp-json\/wp\/v2\/product\/9362","targetHints":{"allow":["GET"]}}],"collection":[{"href":"https:\/\/baldumarket.lt\/lt\/wp-json\/wp\/v2\/product"}],"about":[{"href":"https:\/\/baldumarket.lt\/lt\/wp-json\/wp\/v2\/types\/product"}],"replies":[{"embeddable":true,"href":"https:\/\/baldumarket.lt\/lt\/wp-json\/wp\/v2\/comments?post=9362"}],"wp:featuredmedia":[{"embeddable":true,"href":"https:\/\/baldumarket.lt\/lt\/wp-json\/wp\/v2\/media\/9363"}],"wp:attachment":[{"href":"https:\/\/baldumarket.lt\/lt\/wp-json\/wp\/v2\/media?parent=9362"}],"wp:term":[{"taxonomy":"product_brand","embeddable":true,"href":"https:\/\/baldumarket.lt\/lt\/wp-json\/wp\/v2\/product_brand?post=9362"},{"taxonomy":"product_cat","embeddable":true,"href":"https:\/\/baldumarket.lt\/lt\/wp-json\/wp\/v2\/product_cat?post=9362"},{"taxonomy":"product_tag","embeddable":true,"href":"https:\/\/baldumarket.lt\/lt\/wp-json\/wp\/v2\/product_tag?post=9362"}],"curies":[{"name":"wp","href":"https:\/\/api.w.org\/{rel}","templated":true}]}}