{"id":93605,"date":"2025-12-05T02:29:26","date_gmt":"2025-12-04T23:29:26","guid":{"rendered":"https:\/\/baldumarket.lt\/product\/stolik-kawowy-bukowy-st171-buk-rustikal-9\/"},"modified":"2026-04-07T01:03:37","modified_gmt":"2026-04-06T22:03:37","slug":"stolik-kawowy-bukowy-st171-buk-rustikal-9","status":"publish","type":"product","link":"https:\/\/baldumarket.lt\/lt\/product\/stolik-kawowy-bukowy-st171-buk-rustikal-9\/","title":{"rendered":"Buko kavos staliukas ST171 kaimi\u0161ko buko"},"content":{"rendered":"<p>Kavos staliukas ST171 pagamintas i\u0161 tvirtos buko medienos. Jo paprastas dizainas dera tiek su klasikiniu, tiek su moderniu interjeru. Po 2,5 cm (arba pasirinktinai 4 cm) storio stalvir\u0161iu yra lentyna smulkiems daiktams, \u017eurnalams ar knygoms laikyti. Matomas nat\u016bralios medienos ra\u0161tas i\u0161ry\u0161kina jos gro\u017e\u012f.<\/p>\n<p>Iliustracin\u0117 nuotrauka, pagaminta i\u0161 \u0105\u017euolo medienos.<\/p>","protected":false},"excerpt":{"rendered":"<p>ST171 kavos staliukas pagamintas i\u0161 tvirtos buko medienos. Jo paprastas dizainas dera tiek su klasikiniu, tiek su moderniu interjeru. Po 2,5 cm (arba pasirinktinai 4 cm) storio stalvir\u0161iu yra lentyna smulkiems daiktams, \u017eurnalams ar knygoms laikyti. Matomas nat\u016bralios medienos ra\u0161tas i\u0161ry\u0161kina jos gro\u017e\u012f. Iliustracin\u0117 nuotrauka, pagaminta i\u0161 \u0105\u017euolo medienos.<\/p>","protected":false},"featured_media":81689,"comment_status":"open","ping_status":"open","template":"","meta":[],"product_brand":[],"product_cat":[9304,9317,866,2113],"product_tag":[],"class_list":{"0":"post-93605","1":"product","2":"type-product","3":"status-publish","4":"has-post-thumbnail","6":"product_cat-beech-furniture-drewmax","7":"product_cat-collection-rustikal-drewmax","8":"product_cat-coffee-tables","9":"product_cat-drewmax","11":"first","12":"instock","13":"purchasable","14":"product-type-simple"},"_links":{"self":[{"href":"https:\/\/baldumarket.lt\/lt\/wp-json\/wp\/v2\/product\/93605","targetHints":{"allow":["GET"]}}],"collection":[{"href":"https:\/\/baldumarket.lt\/lt\/wp-json\/wp\/v2\/product"}],"about":[{"href":"https:\/\/baldumarket.lt\/lt\/wp-json\/wp\/v2\/types\/product"}],"replies":[{"embeddable":true,"href":"https:\/\/baldumarket.lt\/lt\/wp-json\/wp\/v2\/comments?post=93605"}],"wp:featuredmedia":[{"embeddable":true,"href":"https:\/\/baldumarket.lt\/lt\/wp-json\/wp\/v2\/media\/81689"}],"wp:attachment":[{"href":"https:\/\/baldumarket.lt\/lt\/wp-json\/wp\/v2\/media?parent=93605"}],"wp:term":[{"taxonomy":"product_brand","embeddable":true,"href":"https:\/\/baldumarket.lt\/lt\/wp-json\/wp\/v2\/product_brand?post=93605"},{"taxonomy":"product_cat","embeddable":true,"href":"https:\/\/baldumarket.lt\/lt\/wp-json\/wp\/v2\/product_cat?post=93605"},{"taxonomy":"product_tag","embeddable":true,"href":"https:\/\/baldumarket.lt\/lt\/wp-json\/wp\/v2\/product_tag?post=93605"}],"curies":[{"name":"wp","href":"https:\/\/api.w.org\/{rel}","templated":true}]}}