{"id":93510,"date":"2025-12-05T02:27:01","date_gmt":"2025-12-04T23:27:01","guid":{"rendered":"https:\/\/baldumarket.lt\/product\/barierka-sosnowa-lk149-sosna-naturalny\/"},"modified":"2026-02-03T23:56:48","modified_gmt":"2026-02-03T20:56:48","slug":"barierka-sosnowa-lk149-sosna-naturalny","status":"publish","type":"product","link":"https:\/\/baldumarket.lt\/lt\/product\/barierka-sosnowa-lk149-sosna-naturalny\/","title":{"rendered":"Pu\u0161inis barjeras LK149 nat\u016bralus pu\u0161is"},"content":{"rendered":"<p>LK149 pu\u0161inis lovos karnizas u\u017etikrins j\u016bs\u0173 vaiko saugum\u0105 ir ram\u0173 mieg\u0105. J\u012f galima naudoti su bet kuriuo m\u016bs\u0173 dabartinio asortimento pu\u0161ini\u0173 lov\u0173 modeliu, i\u0161skyrus BOX lovas, kurios turi patalyn\u0117s skyri\u0173 ir atidarom\u0105 metalin\u012f r\u0117m\u0105 (pvz., LK144 BOX).<\/p>","protected":false},"excerpt":{"rendered":"<p>LK149 pu\u0161inis lovos karnizas u\u017etikrins j\u016bs\u0173 vaiko saugum\u0105 ir ram\u0173 mieg\u0105. J\u012f galima naudoti su bet kuriuo m\u016bs\u0173 dabartinio asortimento pu\u0161ini\u0173 lov\u0173 modeliu, i\u0161skyrus BOX lovas, kurios turi patalyn\u0117s skyri\u0173 ir atidarom\u0105 metalin\u012f r\u0117m\u0105 (pvz., LK144 BOX).<\/p>","protected":false},"featured_media":93511,"comment_status":"open","ping_status":"open","template":"","meta":[],"product_brand":[],"product_cat":[9251,9305,2113],"product_tag":[],"class_list":{"0":"post-93510","1":"product","2":"type-product","3":"status-publish","4":"has-post-thumbnail","6":"product_cat-musor","7":"product_cat-pine-furniture-drewmax","8":"product_cat-drewmax","10":"first","11":"instock","12":"purchasable","13":"product-type-simple"},"_links":{"self":[{"href":"https:\/\/baldumarket.lt\/lt\/wp-json\/wp\/v2\/product\/93510","targetHints":{"allow":["GET"]}}],"collection":[{"href":"https:\/\/baldumarket.lt\/lt\/wp-json\/wp\/v2\/product"}],"about":[{"href":"https:\/\/baldumarket.lt\/lt\/wp-json\/wp\/v2\/types\/product"}],"replies":[{"embeddable":true,"href":"https:\/\/baldumarket.lt\/lt\/wp-json\/wp\/v2\/comments?post=93510"}],"wp:featuredmedia":[{"embeddable":true,"href":"https:\/\/baldumarket.lt\/lt\/wp-json\/wp\/v2\/media\/93511"}],"wp:attachment":[{"href":"https:\/\/baldumarket.lt\/lt\/wp-json\/wp\/v2\/media?parent=93510"}],"wp:term":[{"taxonomy":"product_brand","embeddable":true,"href":"https:\/\/baldumarket.lt\/lt\/wp-json\/wp\/v2\/product_brand?post=93510"},{"taxonomy":"product_cat","embeddable":true,"href":"https:\/\/baldumarket.lt\/lt\/wp-json\/wp\/v2\/product_cat?post=93510"},{"taxonomy":"product_tag","embeddable":true,"href":"https:\/\/baldumarket.lt\/lt\/wp-json\/wp\/v2\/product_tag?post=93510"}],"curies":[{"name":"wp","href":"https:\/\/api.w.org\/{rel}","templated":true}]}}