{"id":93509,"date":"2025-12-05T02:26:59","date_gmt":"2025-12-04T23:26:59","guid":{"rendered":"https:\/\/baldumarket.lt\/product\/biurko-bukowe-vip-br402-buk-naturalny\/"},"modified":"2026-02-03T23:56:48","modified_gmt":"2026-02-03T20:56:48","slug":"biurko-bukowe-vip-br402-buk-naturalny","status":"publish","type":"product","link":"https:\/\/baldumarket.lt\/lt\/product\/biurko-bukowe-vip-br402-buk-naturalny\/","title":{"rendered":"VIP BR402 buko stalas, nat\u016bralus bukas"},"content":{"rendered":"<p>Klasikinis BR402 buko medienos stalas pagamintas i\u0161 tvirtos buko medienos. Paprastas dizainas puikiai tinka moderniam interjerui. Gamintojas taip pat daug d\u0117mesio skyr\u0117 funkcionalumui. Po erdviu stalvir\u0161iu yra trys patog\u016bs stal\u010diai be ranken\u0117li\u0173 ir erdvi spintel\u0117, kurioje yra daug vietos visiems j\u016bs\u0173 darbo reikmenims.<\/p>","protected":false},"excerpt":{"rendered":"<p>Klasikinis BR402 buko medienos stalas pagamintas i\u0161 tvirtos buko medienos. Paprastas dizainas puikiai tinka moderniam interjerui. Gamintojas taip pat daug d\u0117mesio skyr\u0117 funkcionalumui. Po erdviu stalvir\u0161iu yra trys patog\u016bs stal\u010diai be ranken\u0117li\u0173 ir erdvi spintel\u0117, kurioje yra daug vietos visiems j\u016bs\u0173 darbo reikmenims.<\/p>","protected":false},"featured_media":82406,"comment_status":"open","ping_status":"open","template":"","meta":[],"product_brand":[],"product_cat":[9304,9314,1312,2113],"product_tag":[],"class_list":{"0":"post-93509","1":"product","2":"type-product","3":"status-publish","4":"has-post-thumbnail","6":"product_cat-beech-furniture-drewmax","7":"product_cat-kolekcja-vip-drewmax","8":"product_cat-desks","9":"product_cat-drewmax","11":"first","12":"instock","13":"purchasable","14":"product-type-simple"},"_links":{"self":[{"href":"https:\/\/baldumarket.lt\/lt\/wp-json\/wp\/v2\/product\/93509","targetHints":{"allow":["GET"]}}],"collection":[{"href":"https:\/\/baldumarket.lt\/lt\/wp-json\/wp\/v2\/product"}],"about":[{"href":"https:\/\/baldumarket.lt\/lt\/wp-json\/wp\/v2\/types\/product"}],"replies":[{"embeddable":true,"href":"https:\/\/baldumarket.lt\/lt\/wp-json\/wp\/v2\/comments?post=93509"}],"wp:featuredmedia":[{"embeddable":true,"href":"https:\/\/baldumarket.lt\/lt\/wp-json\/wp\/v2\/media\/82406"}],"wp:attachment":[{"href":"https:\/\/baldumarket.lt\/lt\/wp-json\/wp\/v2\/media?parent=93509"}],"wp:term":[{"taxonomy":"product_brand","embeddable":true,"href":"https:\/\/baldumarket.lt\/lt\/wp-json\/wp\/v2\/product_brand?post=93509"},{"taxonomy":"product_cat","embeddable":true,"href":"https:\/\/baldumarket.lt\/lt\/wp-json\/wp\/v2\/product_cat?post=93509"},{"taxonomy":"product_tag","embeddable":true,"href":"https:\/\/baldumarket.lt\/lt\/wp-json\/wp\/v2\/product_tag?post=93509"}],"curies":[{"name":"wp","href":"https:\/\/api.w.org\/{rel}","templated":true}]}}