{"id":93490,"date":"2025-12-05T02:26:37","date_gmt":"2025-12-04T23:26:37","guid":{"rendered":"https:\/\/baldumarket.lt\/product\/biurko-debowe-vip-br303-dab-dark\/"},"modified":"2026-02-03T23:56:52","modified_gmt":"2026-02-03T20:56:52","slug":"biurko-debowe-vip-br303-dab-dark","status":"publish","type":"product","link":"https:\/\/baldumarket.lt\/lt\/product\/biurko-debowe-vip-br303-dab-dark\/","title":{"rendered":"VIP BR303 \u0105\u017euolinis stalas, tamsus \u0105\u017euolas"},"content":{"rendered":"<p>Klasikinis BR303 ra\u0161omasis stalas pagamintas i\u0161 tvirtos \u0105\u017euolo medienos. Paprastas dizainas puikiai tinka moderniam interjerui. Gamintojas taip pat pabr\u0117\u017e\u0117 funkcionalum\u0105. Po erdviu stalvir\u0161iu yra trys erdv\u016bs stal\u010diai be ranken\u0117li\u0173, puikiai tinkantys visiems darbo reikmenims susid\u0117ti.<\/p>","protected":false},"excerpt":{"rendered":"<p>Klasikinis BR303 ra\u0161omasis stalas pagamintas i\u0161 tvirtos \u0105\u017euolo medienos. Paprastas dizainas puikiai tinka moderniam interjerui. Gamintojas taip pat pabr\u0117\u017e\u0117 funkcionalum\u0105. Po erdviu stalvir\u0161iu yra trys erdv\u016bs stal\u010diai be ranken\u0117li\u0173, puikiai tinkantys visiems darbo reikmenims susid\u0117ti.<\/p>","protected":false},"featured_media":93479,"comment_status":"open","ping_status":"open","template":"","meta":[],"product_brand":[],"product_cat":[9314,9303,1312,2113],"product_tag":[],"class_list":{"0":"post-93490","1":"product","2":"type-product","3":"status-publish","4":"has-post-thumbnail","6":"product_cat-kolekcja-vip-drewmax","7":"product_cat-oak-furniture-drewmax","8":"product_cat-desks","9":"product_cat-drewmax","11":"first","12":"instock","13":"purchasable","14":"product-type-simple"},"_links":{"self":[{"href":"https:\/\/baldumarket.lt\/lt\/wp-json\/wp\/v2\/product\/93490","targetHints":{"allow":["GET"]}}],"collection":[{"href":"https:\/\/baldumarket.lt\/lt\/wp-json\/wp\/v2\/product"}],"about":[{"href":"https:\/\/baldumarket.lt\/lt\/wp-json\/wp\/v2\/types\/product"}],"replies":[{"embeddable":true,"href":"https:\/\/baldumarket.lt\/lt\/wp-json\/wp\/v2\/comments?post=93490"}],"wp:featuredmedia":[{"embeddable":true,"href":"https:\/\/baldumarket.lt\/lt\/wp-json\/wp\/v2\/media\/93479"}],"wp:attachment":[{"href":"https:\/\/baldumarket.lt\/lt\/wp-json\/wp\/v2\/media?parent=93490"}],"wp:term":[{"taxonomy":"product_brand","embeddable":true,"href":"https:\/\/baldumarket.lt\/lt\/wp-json\/wp\/v2\/product_brand?post=93490"},{"taxonomy":"product_cat","embeddable":true,"href":"https:\/\/baldumarket.lt\/lt\/wp-json\/wp\/v2\/product_cat?post=93490"},{"taxonomy":"product_tag","embeddable":true,"href":"https:\/\/baldumarket.lt\/lt\/wp-json\/wp\/v2\/product_tag?post=93490"}],"curies":[{"name":"wp","href":"https:\/\/api.w.org\/{rel}","templated":true}]}}