{"id":93471,"date":"2025-12-05T02:26:17","date_gmt":"2025-12-04T23:26:17","guid":{"rendered":"https:\/\/baldumarket.lt\/product\/biurko-sosnowe-br103-sosna-olcha\/"},"modified":"2026-02-03T23:56:55","modified_gmt":"2026-02-03T20:56:55","slug":"biurko-sosnowe-br103-sosna-olcha","status":"publish","type":"product","link":"https:\/\/baldumarket.lt\/lt\/product\/biurko-sosnowe-br103-sosna-olcha\/","title":{"rendered":"BR103 Pu\u0161ies stalas, pu\u0161is ir alksnis"},"content":{"rendered":"<p>BR103 pu\u0161in\u0117s medienos ra\u0161omasis stalas puikiai tinka visiems, ie\u0161kantiems funkcionali\u0173 ir prakti\u0161k\u0173 sprendim\u0173 savo interjerui. Patog\u016bs stal\u010diai ir atvira lentyna suteikia puiki\u0105 viet\u0105 biuro reikmenims. I\u0161traukiama lentyna klaviat\u016brai dar labiau padidina naudojimo paprastum\u0105 ir funkcionalum\u0105, atlaisvindama vietos ant stalo ir suteikdama daugiau darbo vietos.<\/p>","protected":false},"excerpt":{"rendered":"<p>BR103 pu\u0161in\u0117s medienos ra\u0161omasis stalas puikiai tinka visiems, ie\u0161kantiems funkcionali\u0173 ir prakti\u0161k\u0173 sprendim\u0173 savo interjerui. Patog\u016bs stal\u010diai ir atvira lentyna suteikia puiki\u0105 viet\u0105 biuro reikmenims. I\u0161traukiama lentyna klaviat\u016brai dar labiau padidina naudojimo paprastum\u0105 ir funkcionalum\u0105, atlaisvindama vietos ant stalo ir suteikdama daugiau darbo vietos.<\/p>","protected":false},"featured_media":93469,"comment_status":"open","ping_status":"open","template":"","meta":[],"product_brand":[],"product_cat":[9305,1312,2113],"product_tag":[],"class_list":{"0":"post-93471","1":"product","2":"type-product","3":"status-publish","4":"has-post-thumbnail","6":"product_cat-pine-furniture-drewmax","7":"product_cat-desks","8":"product_cat-drewmax","10":"first","11":"instock","12":"purchasable","13":"product-type-simple"},"_links":{"self":[{"href":"https:\/\/baldumarket.lt\/lt\/wp-json\/wp\/v2\/product\/93471","targetHints":{"allow":["GET"]}}],"collection":[{"href":"https:\/\/baldumarket.lt\/lt\/wp-json\/wp\/v2\/product"}],"about":[{"href":"https:\/\/baldumarket.lt\/lt\/wp-json\/wp\/v2\/types\/product"}],"replies":[{"embeddable":true,"href":"https:\/\/baldumarket.lt\/lt\/wp-json\/wp\/v2\/comments?post=93471"}],"wp:featuredmedia":[{"embeddable":true,"href":"https:\/\/baldumarket.lt\/lt\/wp-json\/wp\/v2\/media\/93469"}],"wp:attachment":[{"href":"https:\/\/baldumarket.lt\/lt\/wp-json\/wp\/v2\/media?parent=93471"}],"wp:term":[{"taxonomy":"product_brand","embeddable":true,"href":"https:\/\/baldumarket.lt\/lt\/wp-json\/wp\/v2\/product_brand?post=93471"},{"taxonomy":"product_cat","embeddable":true,"href":"https:\/\/baldumarket.lt\/lt\/wp-json\/wp\/v2\/product_cat?post=93471"},{"taxonomy":"product_tag","embeddable":true,"href":"https:\/\/baldumarket.lt\/lt\/wp-json\/wp\/v2\/product_tag?post=93471"}],"curies":[{"name":"wp","href":"https:\/\/api.w.org\/{rel}","templated":true}]}}