{"id":93451,"date":"2025-12-05T02:25:58","date_gmt":"2025-12-04T23:25:58","guid":{"rendered":"https:\/\/baldumarket.lt\/product\/drewniana-lawka-dziecieca-ad240-sosna-naturalny\/"},"modified":"2026-02-03T23:57:00","modified_gmt":"2026-02-03T20:57:00","slug":"drewniana-lawka-dziecieca-ad240-sosna-naturalny","status":"publish","type":"product","link":"https:\/\/baldumarket.lt\/lt\/product\/drewniana-lawka-dziecieca-ad240-sosna-naturalny\/","title":{"rendered":"Medinis vaiki\u0161kas suolas AD240, nat\u016brali pu\u0161is"},"content":{"rendered":"<p>\u0160is vaiki\u0161kas suoliukas pagamintas i\u0161 tvirtos pu\u0161ies medienos. Kartu su stalu (AD242) ir papildomomis tos pa\u010dios serijos k\u0117d\u0117mis (AD241) jis sukuria tobul\u0105 komplekt\u0105 ma\u017eyliui. Jis prad\u017eiugins t\u0117vus, vertinan\u010dius klasikin\u012f ir nat\u016bral\u0173 dizain\u0105.<\/p>","protected":false},"excerpt":{"rendered":"<p>\u0160is vaiki\u0161kas suoliukas pagamintas i\u0161 tvirtos pu\u0161ies medienos. Kartu su stalu (AD242) ir papildomomis tos pa\u010dios serijos k\u0117d\u0117mis (AD241) jis sukuria tobul\u0105 komplekt\u0105 ma\u017eyliui. Jis prad\u017eiugins t\u0117vus, vertinan\u010dius klasikin\u012f ir nat\u016bral\u0173 dizain\u0105.<\/p>","protected":false},"featured_media":93298,"comment_status":"open","ping_status":"open","template":"","meta":[],"product_brand":[],"product_cat":[9307,1928,2113],"product_tag":[],"class_list":{"0":"post-93451","1":"product","2":"type-product","3":"status-publish","4":"has-post-thumbnail","6":"product_cat-garden-furniture-drewmax","7":"product_cat-benches","8":"product_cat-drewmax","10":"first","11":"instock","12":"purchasable","13":"product-type-simple"},"_links":{"self":[{"href":"https:\/\/baldumarket.lt\/lt\/wp-json\/wp\/v2\/product\/93451","targetHints":{"allow":["GET"]}}],"collection":[{"href":"https:\/\/baldumarket.lt\/lt\/wp-json\/wp\/v2\/product"}],"about":[{"href":"https:\/\/baldumarket.lt\/lt\/wp-json\/wp\/v2\/types\/product"}],"replies":[{"embeddable":true,"href":"https:\/\/baldumarket.lt\/lt\/wp-json\/wp\/v2\/comments?post=93451"}],"wp:featuredmedia":[{"embeddable":true,"href":"https:\/\/baldumarket.lt\/lt\/wp-json\/wp\/v2\/media\/93298"}],"wp:attachment":[{"href":"https:\/\/baldumarket.lt\/lt\/wp-json\/wp\/v2\/media?parent=93451"}],"wp:term":[{"taxonomy":"product_brand","embeddable":true,"href":"https:\/\/baldumarket.lt\/lt\/wp-json\/wp\/v2\/product_brand?post=93451"},{"taxonomy":"product_cat","embeddable":true,"href":"https:\/\/baldumarket.lt\/lt\/wp-json\/wp\/v2\/product_cat?post=93451"},{"taxonomy":"product_tag","embeddable":true,"href":"https:\/\/baldumarket.lt\/lt\/wp-json\/wp\/v2\/product_tag?post=93451"}],"curies":[{"name":"wp","href":"https:\/\/api.w.org\/{rel}","templated":true}]}}