{"id":93449,"date":"2025-12-05T02:25:56","date_gmt":"2025-12-04T23:25:56","guid":{"rendered":"https:\/\/baldumarket.lt\/product\/drewniana-hustawka-dziecieca-ad262-buk-kolorowy\/"},"modified":"2026-02-03T23:57:00","modified_gmt":"2026-02-03T20:57:00","slug":"drewniana-hustawka-dziecieca-ad262-buk-kolorowy","status":"publish","type":"product","link":"https:\/\/baldumarket.lt\/lt\/product\/drewniana-hustawka-dziecieca-ad262-buk-kolorowy\/","title":{"rendered":"Medin\u0117s vaiki\u0161kos s\u016bpyn\u0117s AD262, spalvotas bukas"},"content":{"rendered":"<p>Medin\u0117s vaiki\u0161kos s\u016bpyn\u0117s AD262 puikiai tinka tiek namams, tiek sodui. Pagamintos i\u0161 buko medienos, jos turi skersinius, kad j\u016bs\u0173 vaikas b\u016bt\u0173 saugus \u017eaid\u017eiant.<\/p>","protected":false},"excerpt":{"rendered":"<p>Medin\u0117s vaiki\u0161kos s\u016bpyn\u0117s AD262 puikiai tinka tiek namams, tiek sodui. Pagamintos i\u0161 buko medienos, jos turi skersinius, kad j\u016bs\u0173 vaikas b\u016bt\u0173 saugus \u017eaid\u017eiant.<\/p>","protected":false},"featured_media":93450,"comment_status":"open","ping_status":"open","template":"","meta":[],"product_brand":[],"product_cat":[9307,9251,2113],"product_tag":[],"class_list":{"0":"post-93449","1":"product","2":"type-product","3":"status-publish","4":"has-post-thumbnail","6":"product_cat-garden-furniture-drewmax","7":"product_cat-musor","8":"product_cat-drewmax","10":"first","11":"instock","12":"purchasable","13":"product-type-simple"},"_links":{"self":[{"href":"https:\/\/baldumarket.lt\/lt\/wp-json\/wp\/v2\/product\/93449","targetHints":{"allow":["GET"]}}],"collection":[{"href":"https:\/\/baldumarket.lt\/lt\/wp-json\/wp\/v2\/product"}],"about":[{"href":"https:\/\/baldumarket.lt\/lt\/wp-json\/wp\/v2\/types\/product"}],"replies":[{"embeddable":true,"href":"https:\/\/baldumarket.lt\/lt\/wp-json\/wp\/v2\/comments?post=93449"}],"wp:featuredmedia":[{"embeddable":true,"href":"https:\/\/baldumarket.lt\/lt\/wp-json\/wp\/v2\/media\/93450"}],"wp:attachment":[{"href":"https:\/\/baldumarket.lt\/lt\/wp-json\/wp\/v2\/media?parent=93449"}],"wp:term":[{"taxonomy":"product_brand","embeddable":true,"href":"https:\/\/baldumarket.lt\/lt\/wp-json\/wp\/v2\/product_brand?post=93449"},{"taxonomy":"product_cat","embeddable":true,"href":"https:\/\/baldumarket.lt\/lt\/wp-json\/wp\/v2\/product_cat?post=93449"},{"taxonomy":"product_tag","embeddable":true,"href":"https:\/\/baldumarket.lt\/lt\/wp-json\/wp\/v2\/product_tag?post=93449"}],"curies":[{"name":"wp","href":"https:\/\/api.w.org\/{rel}","templated":true}]}}