{"id":93414,"date":"2025-12-05T02:25:23","date_gmt":"2025-12-04T23:25:23","guid":{"rendered":"https:\/\/baldumarket.lt\/product\/drewniana-zabawka-dziecieca-ad103-buk-surowy-nielakierowany\/"},"modified":"2026-02-03T23:57:06","modified_gmt":"2026-02-03T20:57:06","slug":"drewniana-zabawka-dziecieca-ad103-buk-surowy-nielakierowany","status":"publish","type":"product","link":"https:\/\/baldumarket.lt\/lt\/product\/drewniana-zabawka-dziecieca-ad103-buk-surowy-nielakierowany\/","title":{"rendered":"Medinis vaiki\u0161kas \u017eaislas AD103 neapdorotas bukas, nelakuotas"},"content":{"rendered":"<p>Lokomotyvas \u2013 mediniai \u017eaislai, kuriuose dera klasikinis ir modernus stiliai, yra ekologi\u0161ki ir saug\u016bs. J\u0173 gamyboje naudojama buko mediena, tod\u0117l jie yra patvar\u016bs ir skirti tarnauti daugel\u012f met\u0173, net i\u0161tisas kartas.<\/p>","protected":false},"excerpt":{"rendered":"<p>Lokomotyvas \u2013 mediniai \u017eaislai, kuriuose dera klasikinis ir modernus stiliai, yra ekologi\u0161ki ir saug\u016bs. J\u0173 gamyboje naudojama buko mediena, tod\u0117l jie yra patvar\u016bs ir skirti tarnauti daugel\u012f met\u0173, net i\u0161tisas kartas.<\/p>","protected":false},"featured_media":93415,"comment_status":"open","ping_status":"open","template":"","meta":[],"product_brand":[],"product_cat":[9307,9251,2113],"product_tag":[],"class_list":{"0":"post-93414","1":"product","2":"type-product","3":"status-publish","4":"has-post-thumbnail","6":"product_cat-garden-furniture-drewmax","7":"product_cat-musor","8":"product_cat-drewmax","10":"first","11":"instock","12":"purchasable","13":"product-type-simple"},"_links":{"self":[{"href":"https:\/\/baldumarket.lt\/lt\/wp-json\/wp\/v2\/product\/93414","targetHints":{"allow":["GET"]}}],"collection":[{"href":"https:\/\/baldumarket.lt\/lt\/wp-json\/wp\/v2\/product"}],"about":[{"href":"https:\/\/baldumarket.lt\/lt\/wp-json\/wp\/v2\/types\/product"}],"replies":[{"embeddable":true,"href":"https:\/\/baldumarket.lt\/lt\/wp-json\/wp\/v2\/comments?post=93414"}],"wp:featuredmedia":[{"embeddable":true,"href":"https:\/\/baldumarket.lt\/lt\/wp-json\/wp\/v2\/media\/93415"}],"wp:attachment":[{"href":"https:\/\/baldumarket.lt\/lt\/wp-json\/wp\/v2\/media?parent=93414"}],"wp:term":[{"taxonomy":"product_brand","embeddable":true,"href":"https:\/\/baldumarket.lt\/lt\/wp-json\/wp\/v2\/product_brand?post=93414"},{"taxonomy":"product_cat","embeddable":true,"href":"https:\/\/baldumarket.lt\/lt\/wp-json\/wp\/v2\/product_cat?post=93414"},{"taxonomy":"product_tag","embeddable":true,"href":"https:\/\/baldumarket.lt\/lt\/wp-json\/wp\/v2\/product_tag?post=93414"}],"curies":[{"name":"wp","href":"https:\/\/api.w.org\/{rel}","templated":true}]}}