{"id":93401,"date":"2025-12-05T02:25:11","date_gmt":"2025-12-04T23:25:11","guid":{"rendered":"https:\/\/baldumarket.lt\/product\/drewniana-zabawka-dziecieca-ad264-buk-naturalny\/"},"modified":"2026-02-03T23:57:07","modified_gmt":"2026-02-03T20:57:07","slug":"drewniana-zabawka-dziecieca-ad264-buk-naturalny","status":"publish","type":"product","link":"https:\/\/baldumarket.lt\/lt\/product\/drewniana-zabawka-dziecieca-ad264-buk-naturalny\/","title":{"rendered":"Medinis vaiki\u0161kas \u017eaislas AD264 nat\u016bralus bukas"},"content":{"rendered":"<p>Klasikin\u0117 medin\u0117 AD264 l\u0117l\u0117s lop\u0161in\u0117 su\u017eav\u0117s kiekvienos ma\u017eosios princes\u0117s \u0161ird\u012f. Prie jos pridedamas \u010diu\u017einys, ant kurio mergait\u0117 gal\u0117s supti savo l\u0117l\u0119, kad u\u017emigt\u0173.<\/p>","protected":false},"excerpt":{"rendered":"<p>Klasikin\u0117 medin\u0117 AD264 l\u0117l\u0117s lop\u0161in\u0117 su\u017eav\u0117s kiekvienos ma\u017eosios princes\u0117s \u0161ird\u012f. Prie jos pridedamas \u010diu\u017einys, ant kurio mergait\u0117 gal\u0117s supti savo l\u0117l\u0119, kad u\u017emigt\u0173.<\/p>","protected":false},"featured_media":93402,"comment_status":"open","ping_status":"open","template":"","meta":[],"product_brand":[],"product_cat":[9307,9251,2113],"product_tag":[],"class_list":{"0":"post-93401","1":"product","2":"type-product","3":"status-publish","4":"has-post-thumbnail","6":"product_cat-garden-furniture-drewmax","7":"product_cat-musor","8":"product_cat-drewmax","10":"first","11":"instock","12":"purchasable","13":"product-type-simple"},"_links":{"self":[{"href":"https:\/\/baldumarket.lt\/lt\/wp-json\/wp\/v2\/product\/93401","targetHints":{"allow":["GET"]}}],"collection":[{"href":"https:\/\/baldumarket.lt\/lt\/wp-json\/wp\/v2\/product"}],"about":[{"href":"https:\/\/baldumarket.lt\/lt\/wp-json\/wp\/v2\/types\/product"}],"replies":[{"embeddable":true,"href":"https:\/\/baldumarket.lt\/lt\/wp-json\/wp\/v2\/comments?post=93401"}],"wp:featuredmedia":[{"embeddable":true,"href":"https:\/\/baldumarket.lt\/lt\/wp-json\/wp\/v2\/media\/93402"}],"wp:attachment":[{"href":"https:\/\/baldumarket.lt\/lt\/wp-json\/wp\/v2\/media?parent=93401"}],"wp:term":[{"taxonomy":"product_brand","embeddable":true,"href":"https:\/\/baldumarket.lt\/lt\/wp-json\/wp\/v2\/product_brand?post=93401"},{"taxonomy":"product_cat","embeddable":true,"href":"https:\/\/baldumarket.lt\/lt\/wp-json\/wp\/v2\/product_cat?post=93401"},{"taxonomy":"product_tag","embeddable":true,"href":"https:\/\/baldumarket.lt\/lt\/wp-json\/wp\/v2\/product_tag?post=93401"}],"curies":[{"name":"wp","href":"https:\/\/api.w.org\/{rel}","templated":true}]}}