{"id":93387,"date":"2025-12-05T02:24:57","date_gmt":"2025-12-04T23:24:57","guid":{"rendered":"https:\/\/baldumarket.lt\/product\/drewniana-zabawka-dziecieca-gd400-buk-naturalny\/"},"modified":"2026-02-03T23:57:08","modified_gmt":"2026-02-03T20:57:08","slug":"drewniana-zabawka-dziecieca-gd400-buk-naturalny","status":"publish","type":"product","link":"https:\/\/baldumarket.lt\/lt\/product\/drewniana-zabawka-dziecieca-gd400-buk-naturalny\/","title":{"rendered":"Medinis vaiki\u0161kas \u017eaislas GD400 nat\u016bralus bukas"},"content":{"rendered":"<p>Mediniai \u017eaislai derina klasikin\u012f ir modern\u0173 stili\u0173. J\u0173 gamyboje naudojama buko mediena, u\u017etikrinanti saugum\u0105 ir ilgaam\u017ei\u0161kum\u0105. Kiekvienas \u017eaislas pakabinamas ant spyruokl\u0117s, u\u017etikrinan\u010dios j\u016bs\u0173 vaiko malonum\u0105.<\/p>","protected":false},"excerpt":{"rendered":"<p>Mediniai \u017eaislai derina klasikin\u012f ir modern\u0173 stili\u0173. J\u0173 gamyboje naudojama buko mediena, u\u017etikrinanti saugum\u0105 ir ilgaam\u017ei\u0161kum\u0105. Kiekvienas \u017eaislas pakabinamas ant spyruokl\u0117s, u\u017etikrinan\u010dios j\u016bs\u0173 vaiko malonum\u0105.<\/p>","protected":false},"featured_media":93388,"comment_status":"open","ping_status":"open","template":"","meta":[],"product_brand":[],"product_cat":[9307,9251,2113],"product_tag":[],"class_list":{"0":"post-93387","1":"product","2":"type-product","3":"status-publish","4":"has-post-thumbnail","6":"product_cat-garden-furniture-drewmax","7":"product_cat-musor","8":"product_cat-drewmax","10":"first","11":"instock","12":"purchasable","13":"product-type-simple"},"_links":{"self":[{"href":"https:\/\/baldumarket.lt\/lt\/wp-json\/wp\/v2\/product\/93387","targetHints":{"allow":["GET"]}}],"collection":[{"href":"https:\/\/baldumarket.lt\/lt\/wp-json\/wp\/v2\/product"}],"about":[{"href":"https:\/\/baldumarket.lt\/lt\/wp-json\/wp\/v2\/types\/product"}],"replies":[{"embeddable":true,"href":"https:\/\/baldumarket.lt\/lt\/wp-json\/wp\/v2\/comments?post=93387"}],"wp:featuredmedia":[{"embeddable":true,"href":"https:\/\/baldumarket.lt\/lt\/wp-json\/wp\/v2\/media\/93388"}],"wp:attachment":[{"href":"https:\/\/baldumarket.lt\/lt\/wp-json\/wp\/v2\/media?parent=93387"}],"wp:term":[{"taxonomy":"product_brand","embeddable":true,"href":"https:\/\/baldumarket.lt\/lt\/wp-json\/wp\/v2\/product_brand?post=93387"},{"taxonomy":"product_cat","embeddable":true,"href":"https:\/\/baldumarket.lt\/lt\/wp-json\/wp\/v2\/product_cat?post=93387"},{"taxonomy":"product_tag","embeddable":true,"href":"https:\/\/baldumarket.lt\/lt\/wp-json\/wp\/v2\/product_tag?post=93387"}],"curies":[{"name":"wp","href":"https:\/\/api.w.org\/{rel}","templated":true}]}}