{"id":93354,"date":"2025-12-05T02:24:24","date_gmt":"2025-12-04T23:24:24","guid":{"rendered":"https:\/\/baldumarket.lt\/product\/drewniane-krzeselko-dzieciece-ad241-sosna-dab\/"},"modified":"2026-02-03T23:57:13","modified_gmt":"2026-02-03T20:57:13","slug":"drewniane-krzeselko-dzieciece-ad241-sosna-dab","status":"publish","type":"product","link":"https:\/\/baldumarket.lt\/lt\/product\/drewniane-krzeselko-dzieciece-ad241-sosna-dab\/","title":{"rendered":"Medin\u0117 vaiki\u0161ka k\u0117d\u0117 AD241 pu\u0161ies \u0105\u017euolo"},"content":{"rendered":"<p>Klasikin\u0117 medin\u0117 vaiki\u0161ka k\u0117dut\u0117 AD241, pagaminta i\u0161 tvirtos pu\u0161ies medienos, kartu su tos pa\u010dios serijos stalu (AD242) ir suoliuku (AD240) sukuria tobul\u0105 komplekt\u0105 j\u016bs\u0173 ma\u017eyliui. Ji prad\u017eiugins t\u0117vus, vertinan\u010dius klasikin\u012f, nat\u016bral\u0173 dizain\u0105.<\/p>","protected":false},"excerpt":{"rendered":"<p>Klasikin\u0117 medin\u0117 vaiki\u0161ka k\u0117dut\u0117 AD241, pagaminta i\u0161 tvirtos pu\u0161ies medienos, kartu su tos pa\u010dios serijos stalu (AD242) ir suoliuku (AD240) sukuria tobul\u0105 komplekt\u0105 j\u016bs\u0173 ma\u017eyliui. Ji prad\u017eiugins t\u0117vus, vertinan\u010dius klasikin\u012f, nat\u016bral\u0173 dizain\u0105.<\/p>","protected":false},"featured_media":93355,"comment_status":"open","ping_status":"open","template":"","meta":[],"product_brand":[],"product_cat":[9307,1930,2113],"product_tag":[],"class_list":{"0":"post-93354","1":"product","2":"type-product","3":"status-publish","4":"has-post-thumbnail","6":"product_cat-garden-furniture-drewmax","7":"product_cat-chairs","8":"product_cat-drewmax","10":"first","11":"instock","12":"purchasable","13":"product-type-simple"},"_links":{"self":[{"href":"https:\/\/baldumarket.lt\/lt\/wp-json\/wp\/v2\/product\/93354","targetHints":{"allow":["GET"]}}],"collection":[{"href":"https:\/\/baldumarket.lt\/lt\/wp-json\/wp\/v2\/product"}],"about":[{"href":"https:\/\/baldumarket.lt\/lt\/wp-json\/wp\/v2\/types\/product"}],"replies":[{"embeddable":true,"href":"https:\/\/baldumarket.lt\/lt\/wp-json\/wp\/v2\/comments?post=93354"}],"wp:featuredmedia":[{"embeddable":true,"href":"https:\/\/baldumarket.lt\/lt\/wp-json\/wp\/v2\/media\/93355"}],"wp:attachment":[{"href":"https:\/\/baldumarket.lt\/lt\/wp-json\/wp\/v2\/media?parent=93354"}],"wp:term":[{"taxonomy":"product_brand","embeddable":true,"href":"https:\/\/baldumarket.lt\/lt\/wp-json\/wp\/v2\/product_brand?post=93354"},{"taxonomy":"product_cat","embeddable":true,"href":"https:\/\/baldumarket.lt\/lt\/wp-json\/wp\/v2\/product_cat?post=93354"},{"taxonomy":"product_tag","embeddable":true,"href":"https:\/\/baldumarket.lt\/lt\/wp-json\/wp\/v2\/product_tag?post=93354"}],"curies":[{"name":"wp","href":"https:\/\/api.w.org\/{rel}","templated":true}]}}