{"id":93350,"date":"2025-12-05T02:24:15","date_gmt":"2025-12-04T23:24:15","guid":{"rendered":"https:\/\/baldumarket.lt\/product\/drewniane-krzeselko-dzieciece-ad251-buk-rozowy\/"},"modified":"2026-02-03T23:57:16","modified_gmt":"2026-02-03T20:57:16","slug":"drewniane-krzeselko-dzieciece-ad251-buk-rozowy","status":"publish","type":"product","link":"https:\/\/baldumarket.lt\/lt\/product\/drewniane-krzeselko-dzieciece-ad251-buk-rozowy\/","title":{"rendered":"Medin\u0117 vaiki\u0161ka k\u0117d\u0117 AD251, buko spalvos, ro\u017ein\u0117"},"content":{"rendered":"<p>AD251 k\u0117d\u0117 pagaminta i\u0161 tvirtos buko medienos. Ji pasi\u017eymi spalvinga s\u0117dyn\u0117s ir atlo\u0161o apdaila. Galimos spalvos: geltona, ro\u017ein\u0117, balta, m\u0117lyna, \u017ealia ir raudona. Kartu su tos pa\u010dios serijos stalu (AD252) galite rinktis i\u0161 \u012fvairi\u0173 k\u0117d\u017ei\u0173 spalv\u0173, kad sukurtum\u0117te spalving\u0105 ir jauki\u0105 \u017eaidim\u0173 aik\u0161tel\u0119 savo vaikui.<\/p>","protected":false},"excerpt":{"rendered":"<p>AD251 k\u0117d\u0117 pagaminta i\u0161 tvirtos buko medienos. Ji pasi\u017eymi spalvinga s\u0117dyn\u0117s ir atlo\u0161o apdaila. Galimos spalvos: geltona, ro\u017ein\u0117, balta, m\u0117lyna, \u017ealia ir raudona. Kartu su tos pa\u010dios serijos stalu (AD252) galite rinktis i\u0161 \u012fvairi\u0173 k\u0117d\u017ei\u0173 spalv\u0173, kad sukurtum\u0117te spalving\u0105 ir jauki\u0105 \u017eaidim\u0173 erdv\u0119 savo [\u2026]<\/p>","protected":false},"featured_media":84408,"comment_status":"open","ping_status":"open","template":"","meta":[],"product_brand":[],"product_cat":[9307,1930,2113],"product_tag":[],"class_list":{"0":"post-93350","1":"product","2":"type-product","3":"status-publish","4":"has-post-thumbnail","6":"product_cat-garden-furniture-drewmax","7":"product_cat-chairs","8":"product_cat-drewmax","10":"first","11":"instock","12":"purchasable","13":"product-type-simple"},"_links":{"self":[{"href":"https:\/\/baldumarket.lt\/lt\/wp-json\/wp\/v2\/product\/93350","targetHints":{"allow":["GET"]}}],"collection":[{"href":"https:\/\/baldumarket.lt\/lt\/wp-json\/wp\/v2\/product"}],"about":[{"href":"https:\/\/baldumarket.lt\/lt\/wp-json\/wp\/v2\/types\/product"}],"replies":[{"embeddable":true,"href":"https:\/\/baldumarket.lt\/lt\/wp-json\/wp\/v2\/comments?post=93350"}],"wp:featuredmedia":[{"embeddable":true,"href":"https:\/\/baldumarket.lt\/lt\/wp-json\/wp\/v2\/media\/84408"}],"wp:attachment":[{"href":"https:\/\/baldumarket.lt\/lt\/wp-json\/wp\/v2\/media?parent=93350"}],"wp:term":[{"taxonomy":"product_brand","embeddable":true,"href":"https:\/\/baldumarket.lt\/lt\/wp-json\/wp\/v2\/product_brand?post=93350"},{"taxonomy":"product_cat","embeddable":true,"href":"https:\/\/baldumarket.lt\/lt\/wp-json\/wp\/v2\/product_cat?post=93350"},{"taxonomy":"product_tag","embeddable":true,"href":"https:\/\/baldumarket.lt\/lt\/wp-json\/wp\/v2\/product_tag?post=93350"}],"curies":[{"name":"wp","href":"https:\/\/api.w.org\/{rel}","templated":true}]}}