{"id":93343,"date":"2025-12-05T02:24:07","date_gmt":"2025-12-04T23:24:07","guid":{"rendered":"https:\/\/baldumarket.lt\/product\/drewniany-chlebak-gd227-buk-naturalny\/"},"modified":"2026-02-03T23:57:18","modified_gmt":"2026-02-03T20:57:18","slug":"drewniany-chlebak-gd227-buk-naturalny","status":"publish","type":"product","link":"https:\/\/baldumarket.lt\/lt\/produktas\/drewniany-chlebak-gd227-buk-naturalny\/","title":{"rendered":"Medin\u0117 duonin\u0117 GD227, nat\u016bralaus buko"},"content":{"rendered":"<p>Didel\u0117, tradicin\u0117 ir prakti\u0161ka duonin\u0117 yra b\u016btinas kiekvienoje virtuv\u0117je. D\u0117l stumdomo dang\u010dio ji neu\u017eima daug vietos, o d\u0117l savo formos j\u0105 lengva pastatyti bet kurioje virtuv\u0117s vietoje. Pagaminta i\u0161 buko medienos, joje laikoma duona ilgiau i\u0161lieka \u0161vie\u017eia ir paruo\u0161ta valgyti.<\/p>","protected":false},"excerpt":{"rendered":"<p>Didel\u0117, tradicin\u0117 ir prakti\u0161ka duonin\u0117 yra b\u016btinas kiekvienoje virtuv\u0117je. D\u0117l stumdomo dang\u010dio ji neu\u017eima daug vietos, o d\u0117l savo formos j\u0105 lengva pastatyti bet kurioje virtuv\u0117s vietoje. Pagaminta i\u0161 buko medienos, joje laikoma duona ilgiau i\u0161lieka \u0161vie\u017eia ir paruo\u0161ta valgyti.<\/p>","protected":false},"featured_media":82815,"comment_status":"open","ping_status":"open","template":"","meta":[],"product_brand":[],"product_cat":[9307,9251,2113],"product_tag":[],"class_list":{"0":"post-93343","1":"product","2":"type-product","3":"status-publish","4":"has-post-thumbnail","6":"product_cat-garden-furniture-drewmax","7":"product_cat-musor","8":"product_cat-drewmax","10":"first","11":"instock","12":"purchasable","13":"product-type-simple"},"_links":{"self":[{"href":"https:\/\/baldumarket.lt\/lt\/wp-json\/wp\/v2\/product\/93343","targetHints":{"allow":["GET"]}}],"collection":[{"href":"https:\/\/baldumarket.lt\/lt\/wp-json\/wp\/v2\/product"}],"about":[{"href":"https:\/\/baldumarket.lt\/lt\/wp-json\/wp\/v2\/types\/product"}],"replies":[{"embeddable":true,"href":"https:\/\/baldumarket.lt\/lt\/wp-json\/wp\/v2\/comments?post=93343"}],"wp:featuredmedia":[{"embeddable":true,"href":"https:\/\/baldumarket.lt\/lt\/wp-json\/wp\/v2\/media\/82815"}],"wp:attachment":[{"href":"https:\/\/baldumarket.lt\/lt\/wp-json\/wp\/v2\/media?parent=93343"}],"wp:term":[{"taxonomy":"product_brand","embeddable":true,"href":"https:\/\/baldumarket.lt\/lt\/wp-json\/wp\/v2\/product_brand?post=93343"},{"taxonomy":"product_cat","embeddable":true,"href":"https:\/\/baldumarket.lt\/lt\/wp-json\/wp\/v2\/product_cat?post=93343"},{"taxonomy":"product_tag","embeddable":true,"href":"https:\/\/baldumarket.lt\/lt\/wp-json\/wp\/v2\/product_tag?post=93343"}],"curies":[{"name":"wp","href":"https:\/\/api.w.org\/{rel}","templated":true}]}}