{"id":93340,"date":"2025-12-05T02:24:04","date_gmt":"2025-12-04T23:24:04","guid":{"rendered":"https:\/\/baldumarket.lt\/product\/drewniany-kwietnik-gd101-buk-dab\/"},"modified":"2026-02-03T23:57:18","modified_gmt":"2026-02-03T20:57:18","slug":"drewniany-kwietnik-gd101-buk-dab","status":"publish","type":"product","link":"https:\/\/baldumarket.lt\/lt\/produktas\/drewniany-kwietnik-gd101-buk-dab\/","title":{"rendered":"Medinis g\u0117li\u0173 stovas GD101 buko ir \u0105\u017euolo spalvos"},"content":{"rendered":"<p>Klasikinis ir paprastas g\u0117li\u0173 stovas, pagamintas i\u0161 buko medienos, tiems, kurie m\u0117gsta klasik\u0105 ir tradicijas interjero dizaine.<\/p>","protected":false},"excerpt":{"rendered":"<p>Klasikinis ir paprastas g\u0117li\u0173 stovas, pagamintas i\u0161 buko medienos, tiems, kurie m\u0117gsta klasik\u0105 ir tradicijas interjero dizaine.<\/p>","protected":false},"featured_media":82813,"comment_status":"open","ping_status":"open","template":"","meta":[],"product_brand":[],"product_cat":[9307,9251,2113],"product_tag":[],"class_list":{"0":"post-93340","1":"product","2":"type-product","3":"status-publish","4":"has-post-thumbnail","6":"product_cat-garden-furniture-drewmax","7":"product_cat-musor","8":"product_cat-drewmax","10":"first","11":"instock","12":"purchasable","13":"product-type-simple"},"_links":{"self":[{"href":"https:\/\/baldumarket.lt\/lt\/wp-json\/wp\/v2\/product\/93340","targetHints":{"allow":["GET"]}}],"collection":[{"href":"https:\/\/baldumarket.lt\/lt\/wp-json\/wp\/v2\/product"}],"about":[{"href":"https:\/\/baldumarket.lt\/lt\/wp-json\/wp\/v2\/types\/product"}],"replies":[{"embeddable":true,"href":"https:\/\/baldumarket.lt\/lt\/wp-json\/wp\/v2\/comments?post=93340"}],"wp:featuredmedia":[{"embeddable":true,"href":"https:\/\/baldumarket.lt\/lt\/wp-json\/wp\/v2\/media\/82813"}],"wp:attachment":[{"href":"https:\/\/baldumarket.lt\/lt\/wp-json\/wp\/v2\/media?parent=93340"}],"wp:term":[{"taxonomy":"product_brand","embeddable":true,"href":"https:\/\/baldumarket.lt\/lt\/wp-json\/wp\/v2\/product_brand?post=93340"},{"taxonomy":"product_cat","embeddable":true,"href":"https:\/\/baldumarket.lt\/lt\/wp-json\/wp\/v2\/product_cat?post=93340"},{"taxonomy":"product_tag","embeddable":true,"href":"https:\/\/baldumarket.lt\/lt\/wp-json\/wp\/v2\/product_tag?post=93340"}],"curies":[{"name":"wp","href":"https:\/\/api.w.org\/{rel}","templated":true}]}}