{"id":93330,"date":"2025-12-05T02:23:54","date_gmt":"2025-12-04T23:23:54","guid":{"rendered":"https:\/\/baldumarket.lt\/product\/drewniany-stojak-na-ubrania-gd160-buk-dab\/"},"modified":"2026-02-03T23:57:21","modified_gmt":"2026-02-03T20:57:21","slug":"drewniany-stojak-na-ubrania-gd160-buk-dab","status":"publish","type":"product","link":"https:\/\/baldumarket.lt\/lt\/produktas\/drewniany-stojak-na-ubrania-gd160-buk-dab\/","title":{"rendered":"Medin\u0117 drabu\u017ei\u0173 kabykla GD160 buko ir \u0105\u017euolo spalvos"},"content":{"rendered":"<p>Pastatoma medin\u0117 pakaba GD160, pagaminta i\u0161 tvirtos buko medienos, puikiai tinka drabu\u017eiams kabinti miegamajame arba r\u016bbin\u0117je.<\/p>","protected":false},"excerpt":{"rendered":"<p>Pastatoma medin\u0117 pakaba GD160, pagaminta i\u0161 tvirtos buko medienos, puikiai tinka drabu\u017eiams kabinti miegamajame arba r\u016bbin\u0117je.<\/p>","protected":false},"featured_media":93319,"comment_status":"open","ping_status":"open","template":"","meta":[],"product_brand":[],"product_cat":[9307,9251,2113],"product_tag":[],"class_list":{"0":"post-93330","1":"product","2":"type-product","3":"status-publish","4":"has-post-thumbnail","6":"product_cat-garden-furniture-drewmax","7":"product_cat-musor","8":"product_cat-drewmax","10":"first","11":"instock","12":"purchasable","13":"product-type-simple"},"_links":{"self":[{"href":"https:\/\/baldumarket.lt\/lt\/wp-json\/wp\/v2\/product\/93330","targetHints":{"allow":["GET"]}}],"collection":[{"href":"https:\/\/baldumarket.lt\/lt\/wp-json\/wp\/v2\/product"}],"about":[{"href":"https:\/\/baldumarket.lt\/lt\/wp-json\/wp\/v2\/types\/product"}],"replies":[{"embeddable":true,"href":"https:\/\/baldumarket.lt\/lt\/wp-json\/wp\/v2\/comments?post=93330"}],"wp:featuredmedia":[{"embeddable":true,"href":"https:\/\/baldumarket.lt\/lt\/wp-json\/wp\/v2\/media\/93319"}],"wp:attachment":[{"href":"https:\/\/baldumarket.lt\/lt\/wp-json\/wp\/v2\/media?parent=93330"}],"wp:term":[{"taxonomy":"product_brand","embeddable":true,"href":"https:\/\/baldumarket.lt\/lt\/wp-json\/wp\/v2\/product_brand?post=93330"},{"taxonomy":"product_cat","embeddable":true,"href":"https:\/\/baldumarket.lt\/lt\/wp-json\/wp\/v2\/product_cat?post=93330"},{"taxonomy":"product_tag","embeddable":true,"href":"https:\/\/baldumarket.lt\/lt\/wp-json\/wp\/v2\/product_tag?post=93330"}],"curies":[{"name":"wp","href":"https:\/\/api.w.org\/{rel}","templated":true}]}}