{"id":93303,"date":"2025-12-05T02:23:28","date_gmt":"2025-12-04T23:23:28","guid":{"rendered":"https:\/\/baldumarket.lt\/product\/drewniany-stolik-dzieciecy-ad242-sosna-orzech\/"},"modified":"2026-02-03T23:57:26","modified_gmt":"2026-02-03T20:57:26","slug":"drewniany-stolik-dzieciecy-ad242-sosna-orzech","status":"publish","type":"product","link":"https:\/\/baldumarket.lt\/lt\/product\/drewniany-stolik-dzieciecy-ad242-sosna-orzech\/","title":{"rendered":"Medinis vaiki\u0161kas stalas AD242 pu\u0161ies rie\u0161utmed\u017eio"},"content":{"rendered":"<p>Klasikinis medinis vaiki\u0161kas staliukas AD242, pagamintas i\u0161 pu\u0161ies masyvo, derinamas su tos pa\u010dios serijos k\u0117de (AD241) ir suoliuku (AD240), sukuria tobul\u0105 komplekt\u0105 ma\u017eyliui. Jis prad\u017eiugins t\u0117vus, vertinan\u010dius klasikin\u012f ir nat\u016bral\u0173 dizain\u0105.<\/p>","protected":false},"excerpt":{"rendered":"<p>Klasikinis medinis vaiki\u0161kas staliukas AD242, pagamintas i\u0161 pu\u0161ies masyvo, derinamas su tos pa\u010dios serijos k\u0117de (AD241) ir suoliuku (AD240), sukuria tobul\u0105 komplekt\u0105 ma\u017eyliui. Jis prad\u017eiugins t\u0117vus, vertinan\u010dius klasikin\u012f ir nat\u016bral\u0173 dizain\u0105.<\/p>","protected":false},"featured_media":93298,"comment_status":"open","ping_status":"open","template":"","meta":[],"product_brand":[],"product_cat":[9305,2113,1934],"product_tag":[],"class_list":{"0":"post-93303","1":"product","2":"type-product","3":"status-publish","4":"has-post-thumbnail","6":"product_cat-pine-furniture-drewmax","7":"product_cat-drewmax","8":"product_cat-tables","10":"first","11":"instock","12":"purchasable","13":"product-type-simple"},"_links":{"self":[{"href":"https:\/\/baldumarket.lt\/lt\/wp-json\/wp\/v2\/product\/93303","targetHints":{"allow":["GET"]}}],"collection":[{"href":"https:\/\/baldumarket.lt\/lt\/wp-json\/wp\/v2\/product"}],"about":[{"href":"https:\/\/baldumarket.lt\/lt\/wp-json\/wp\/v2\/types\/product"}],"replies":[{"embeddable":true,"href":"https:\/\/baldumarket.lt\/lt\/wp-json\/wp\/v2\/comments?post=93303"}],"wp:featuredmedia":[{"embeddable":true,"href":"https:\/\/baldumarket.lt\/lt\/wp-json\/wp\/v2\/media\/93298"}],"wp:attachment":[{"href":"https:\/\/baldumarket.lt\/lt\/wp-json\/wp\/v2\/media?parent=93303"}],"wp:term":[{"taxonomy":"product_brand","embeddable":true,"href":"https:\/\/baldumarket.lt\/lt\/wp-json\/wp\/v2\/product_brand?post=93303"},{"taxonomy":"product_cat","embeddable":true,"href":"https:\/\/baldumarket.lt\/lt\/wp-json\/wp\/v2\/product_cat?post=93303"},{"taxonomy":"product_tag","embeddable":true,"href":"https:\/\/baldumarket.lt\/lt\/wp-json\/wp\/v2\/product_tag?post=93303"}],"curies":[{"name":"wp","href":"https:\/\/api.w.org\/{rel}","templated":true}]}}