{"id":93288,"date":"2025-12-05T02:23:08","date_gmt":"2025-12-04T23:23:08","guid":{"rendered":"https:\/\/baldumarket.lt\/product\/komoda-bukowa-vip-kd402-buk-bielony\/"},"modified":"2026-02-03T23:57:29","modified_gmt":"2026-02-03T20:57:29","slug":"komoda-bukowa-vip-kd402-buk-bielony","status":"publish","type":"product","link":"https:\/\/baldumarket.lt\/lt\/product\/komoda-bukowa-vip-kd402-buk-bielony\/","title":{"rendered":"VIP KD402 buko komoda, balintas bukas"},"content":{"rendered":"<p>Buko medienos komoda.<br \/>\nErdvi, bukmed\u017eio KD402 komoda pasi\u017eymi gra\u017eiu interjero dizainu ir daugybe vietos daiktams susid\u0117ti. Sukurta madingu, minimalistiniu stiliumi, ji \u017eavi savo paprasta forma. Erdvios spintel\u0117s ir funkcional\u016bs stal\u010diai leid\u017eia prakti\u0161kai ir patogiai laikyti nam\u0173 apyvokos daiktus. Erdvus stalvir\u0161is yra puiki vieta eksponuoti dekoracijas, \u0161eimos nuotraukas ar pastatyti gra\u017ei\u0105 lemp\u0105, ap\u0161vie\u010dian\u010di\u0105 j\u016bs\u0173 nam\u0173 interjer\u0105.<\/p>\n<p>Kiekvienoje spintel\u0117je yra viena lentyna.<\/p>","protected":false},"excerpt":{"rendered":"<p>Buko medienos komoda. Erdvi, buko medienos KD402 komoda pasi\u017eymi gra\u017eiu interjero dizainu ir daugybe vietos daiktams susid\u0117ti. Sukurta madingu, minimalistiniu stiliumi, ji \u017eavi savo paprasta forma. Erdvios spintel\u0117s ir funkcional\u016bs stal\u010diai leid\u017eia prakti\u0161kai ir patogiai laikyti nam\u0173 apyvokos daiktus. Erdvus stalvir\u0161is yra puiki vieta eksponuoti [\u2026]<\/p>","protected":false},"featured_media":82403,"comment_status":"open","ping_status":"open","template":"","meta":[],"product_brand":[],"product_cat":[9304,9314,1173,2113],"product_tag":[],"class_list":{"0":"post-93288","1":"product","2":"type-product","3":"status-publish","4":"has-post-thumbnail","6":"product_cat-beech-furniture-drewmax","7":"product_cat-kolekcja-vip-drewmax","8":"product_cat-chests-of-drawers","9":"product_cat-drewmax","11":"first","12":"instock","13":"purchasable","14":"product-type-simple"},"_links":{"self":[{"href":"https:\/\/baldumarket.lt\/lt\/wp-json\/wp\/v2\/product\/93288","targetHints":{"allow":["GET"]}}],"collection":[{"href":"https:\/\/baldumarket.lt\/lt\/wp-json\/wp\/v2\/product"}],"about":[{"href":"https:\/\/baldumarket.lt\/lt\/wp-json\/wp\/v2\/types\/product"}],"replies":[{"embeddable":true,"href":"https:\/\/baldumarket.lt\/lt\/wp-json\/wp\/v2\/comments?post=93288"}],"wp:featuredmedia":[{"embeddable":true,"href":"https:\/\/baldumarket.lt\/lt\/wp-json\/wp\/v2\/media\/82403"}],"wp:attachment":[{"href":"https:\/\/baldumarket.lt\/lt\/wp-json\/wp\/v2\/media?parent=93288"}],"wp:term":[{"taxonomy":"product_brand","embeddable":true,"href":"https:\/\/baldumarket.lt\/lt\/wp-json\/wp\/v2\/product_brand?post=93288"},{"taxonomy":"product_cat","embeddable":true,"href":"https:\/\/baldumarket.lt\/lt\/wp-json\/wp\/v2\/product_cat?post=93288"},{"taxonomy":"product_tag","embeddable":true,"href":"https:\/\/baldumarket.lt\/lt\/wp-json\/wp\/v2\/product_tag?post=93288"}],"curies":[{"name":"wp","href":"https:\/\/api.w.org\/{rel}","templated":true}]}}