{"id":93287,"date":"2025-12-05T02:23:06","date_gmt":"2025-12-04T23:23:06","guid":{"rendered":"https:\/\/baldumarket.lt\/product\/komoda-bukowa-vip-kd403-buk-rustikal\/"},"modified":"2026-02-03T23:57:29","modified_gmt":"2026-02-03T20:57:29","slug":"komoda-bukowa-vip-kd403-buk-rustikal","status":"publish","type":"product","link":"https:\/\/baldumarket.lt\/lt\/product\/komoda-bukowa-vip-kd403-buk-rustikal\/","title":{"rendered":"VIP KD403 kaimi\u0161ko stiliaus buko komoda"},"content":{"rendered":"<p>Buko medienos komoda KD403 sukurta moderniu, minimalistiniu stiliumi. Ji neturi matom\u0173 ranken\u0117li\u0173 ir \u017eavi savo paprasta forma. Funkcional\u016bs ir erdv\u016bs stal\u010diai u\u017etikrina patog\u0173 nam\u0173 apyvokos daikt\u0173 laikym\u0105. Erdvus stalvir\u0161is puikiai tinka eksponuoti dekoracijas ar \u0161eimos nuotraukas.<\/p>","protected":false},"excerpt":{"rendered":"<p>Buko medienos komoda KD403 sukurta moderniu, minimalistiniu stiliumi. Ji neturi matom\u0173 ranken\u0117li\u0173 ir \u017eavi savo paprasta forma. Funkcional\u016bs ir erdv\u016bs stal\u010diai u\u017etikrina patog\u0173 nam\u0173 apyvokos daikt\u0173 laikym\u0105. Erdvus stalvir\u0161is puikiai tinka eksponuoti dekoracijas ar \u0161eimos nuotraukas.<\/p>","protected":false},"featured_media":82398,"comment_status":"open","ping_status":"open","template":"","meta":[],"product_brand":[],"product_cat":[9304,9317,9314,1173,2113],"product_tag":[],"class_list":{"0":"post-93287","1":"product","2":"type-product","3":"status-publish","4":"has-post-thumbnail","6":"product_cat-beech-furniture-drewmax","7":"product_cat-collection-rustikal-drewmax","8":"product_cat-kolekcja-vip-drewmax","9":"product_cat-chests-of-drawers","10":"product_cat-drewmax","12":"first","13":"instock","14":"purchasable","15":"product-type-simple"},"_links":{"self":[{"href":"https:\/\/baldumarket.lt\/lt\/wp-json\/wp\/v2\/product\/93287","targetHints":{"allow":["GET"]}}],"collection":[{"href":"https:\/\/baldumarket.lt\/lt\/wp-json\/wp\/v2\/product"}],"about":[{"href":"https:\/\/baldumarket.lt\/lt\/wp-json\/wp\/v2\/types\/product"}],"replies":[{"embeddable":true,"href":"https:\/\/baldumarket.lt\/lt\/wp-json\/wp\/v2\/comments?post=93287"}],"wp:featuredmedia":[{"embeddable":true,"href":"https:\/\/baldumarket.lt\/lt\/wp-json\/wp\/v2\/media\/82398"}],"wp:attachment":[{"href":"https:\/\/baldumarket.lt\/lt\/wp-json\/wp\/v2\/media?parent=93287"}],"wp:term":[{"taxonomy":"product_brand","embeddable":true,"href":"https:\/\/baldumarket.lt\/lt\/wp-json\/wp\/v2\/product_brand?post=93287"},{"taxonomy":"product_cat","embeddable":true,"href":"https:\/\/baldumarket.lt\/lt\/wp-json\/wp\/v2\/product_cat?post=93287"},{"taxonomy":"product_tag","embeddable":true,"href":"https:\/\/baldumarket.lt\/lt\/wp-json\/wp\/v2\/product_tag?post=93287"}],"curies":[{"name":"wp","href":"https:\/\/api.w.org\/{rel}","templated":true}]}}