{"id":93234,"date":"2025-12-05T02:22:03","date_gmt":"2025-12-04T23:22:03","guid":{"rendered":"https:\/\/baldumarket.lt\/product\/komoda-bukowa-vip-kd416-buk-lausane\/"},"modified":"2026-02-03T23:57:43","modified_gmt":"2026-02-03T20:57:43","slug":"komoda-bukowa-vip-kd416-buk-lausane","status":"publish","type":"product","link":"https:\/\/baldumarket.lt\/lt\/product\/komoda-bukowa-vip-kd416-buk-lausane\/","title":{"rendered":"VIP KD416 buko komoda, buko Lozana"},"content":{"rendered":"<p>KD416 buko medienos komoda sukurta moderniu, minimalistiniu stiliumi. Ji neturi matom\u0173 ranken\u0117li\u0173, o fasaduose puo\u0161ta paprastais grioveliais. Ai\u0161kiai matoma nat\u016bralaus buko medienos, i\u0161 kurios ji pagaminta, tekst\u016bra suteikia jai negin\u010dijamo \u017eavesio. Bald\u0173 gamintojas \u2019Drewmax\u201c yra \u017einomas d\u0117l savo gamini\u0173 gro\u017eio ir funkcionalumo. \u0160tai kod\u0117l KD416 komoda buvo sukurta taip, kad erdvioje spintel\u0117je ir funkcionaliuose stal\u010diuose b\u016bt\u0173 patogu laikyti nam\u0173 apyvokos daiktus. Erdvus stalvir\u0161is \u2013 puiki vieta eksponuoti dekoracijas ar \u0161eimos nuotraukas.<\/p>\n<p>Spintel\u0117 turi vien\u0105 lentyn\u0105.<\/p>","protected":false},"excerpt":{"rendered":"<p>Buko medienos komoda KD416 sukurta moderniu, minimalistiniu stiliumi. Ji neturi matom\u0173 ranken\u0117li\u0173, o fasad\u0105 puo\u0161ia paprasti grioveliai. Ai\u0161kiai matoma nat\u016bralaus buko medienos, i\u0161 kurios ji pagaminta, tekst\u016bra suteikia jai negin\u010dijamo \u017eavesio. Bald\u0173 gamintojas \u2019Drewmax\u201c yra \u017einomas d\u0117l savo gamini\u0173 gro\u017eio [\u2026]<\/p>","protected":false},"featured_media":82364,"comment_status":"open","ping_status":"open","template":"","meta":[],"product_brand":[],"product_cat":[9304,9314,1173,2113],"product_tag":[],"class_list":{"0":"post-93234","1":"product","2":"type-product","3":"status-publish","4":"has-post-thumbnail","6":"product_cat-beech-furniture-drewmax","7":"product_cat-kolekcja-vip-drewmax","8":"product_cat-chests-of-drawers","9":"product_cat-drewmax","11":"first","12":"instock","13":"purchasable","14":"product-type-simple"},"_links":{"self":[{"href":"https:\/\/baldumarket.lt\/lt\/wp-json\/wp\/v2\/product\/93234","targetHints":{"allow":["GET"]}}],"collection":[{"href":"https:\/\/baldumarket.lt\/lt\/wp-json\/wp\/v2\/product"}],"about":[{"href":"https:\/\/baldumarket.lt\/lt\/wp-json\/wp\/v2\/types\/product"}],"replies":[{"embeddable":true,"href":"https:\/\/baldumarket.lt\/lt\/wp-json\/wp\/v2\/comments?post=93234"}],"wp:featuredmedia":[{"embeddable":true,"href":"https:\/\/baldumarket.lt\/lt\/wp-json\/wp\/v2\/media\/82364"}],"wp:attachment":[{"href":"https:\/\/baldumarket.lt\/lt\/wp-json\/wp\/v2\/media?parent=93234"}],"wp:term":[{"taxonomy":"product_brand","embeddable":true,"href":"https:\/\/baldumarket.lt\/lt\/wp-json\/wp\/v2\/product_brand?post=93234"},{"taxonomy":"product_cat","embeddable":true,"href":"https:\/\/baldumarket.lt\/lt\/wp-json\/wp\/v2\/product_cat?post=93234"},{"taxonomy":"product_tag","embeddable":true,"href":"https:\/\/baldumarket.lt\/lt\/wp-json\/wp\/v2\/product_tag?post=93234"}],"curies":[{"name":"wp","href":"https:\/\/api.w.org\/{rel}","templated":true}]}}