{"id":93203,"date":"2025-12-05T02:21:21","date_gmt":"2025-12-04T23:21:21","guid":{"rendered":"https:\/\/baldumarket.lt\/product\/komoda-bukowa-modern-kd422-buk-lausane\/"},"modified":"2026-02-03T23:57:47","modified_gmt":"2026-02-03T20:57:47","slug":"komoda-bukowa-modern-kd422-buk-lausane","status":"publish","type":"product","link":"https:\/\/baldumarket.lt\/lt\/product\/komoda-bukowa-modern-kd422-buk-lausane\/","title":{"rendered":"Buko komoda MODERN KD422 buko Lausanne"},"content":{"rendered":"<p>Buko medienos komoda KD422 buvo sukurta galvojant apie modernaus minimalizmo m\u0117g\u0117jus. Nepaisant paprastos formos, ji \u017eavi ir traukia d\u0117mes\u012f nuo pat pirmos akimirkos, kai \u012f\u017eengiate. Tvirtus, paprastus fasadus papildo subtilios, rai\u017eytos medin\u0117s ranken\u0117l\u0117s, kurios sukuria atidarymo ir u\u017edarymo sistem\u0105. Erdvios spintel\u0117s ir funkcional\u016bs stal\u010diai puikiai tinka laikyti daugyb\u0119 nam\u0173 aksesuar\u0173. Dar vienas privalumas \u2013 didelis buko medienos stalvir\u0161is, ant kurio gra\u017eiai atrodys \u0161eimos relikvijos ar nuotraukos. Komoda stovi ant ma\u017e\u0173 medini\u0173 kojeli\u0173. Papildomai galima \u012fsigyti 10 cm auk\u0161\u010dio aliuminio kojeles (NG002) ir 15 cm auk\u0161\u010dio metalines kojeles (NG003). Tai leid\u017eia lengvai ir visi\u0161kai pakeisti baldo charakter\u012f ir stili\u0173.<\/p>\n<p>KD422 komodai reikaling\u0173 atskir\u0173 kojeli\u0173 kiekis:<\/p>\n<p>NG002 \u2013 2 vnt.<\/p>\n<p>NG003 \u2013 5 vnt.<\/p>","protected":false},"excerpt":{"rendered":"<p>Buko medienos komoda KD422 buvo sukurta galvojant apie modernaus minimalizmo m\u0117g\u0117jus. Nepaisant paprastos formos, ji \u017eavi ir traukia d\u0117mes\u012f nuo pat pirmos akimirkos, kai \u012f\u017eengiate. Tvirtus, paprastus fasadus papildo subtilios, rai\u017eytos medin\u0117s ranken\u0117l\u0117s, kurios sukuria atidarymo ir u\u017edarymo sistem\u0105. \u012erengtos erdviomis spintel\u0117mis ir funkcionaliais stal\u010diais, ji yra [\u2026]<\/p>","protected":false},"featured_media":82344,"comment_status":"open","ping_status":"open","template":"","meta":[],"product_brand":[],"product_cat":[9251,9315,2113],"product_tag":[],"class_list":{"0":"post-93203","1":"product","2":"type-product","3":"status-publish","4":"has-post-thumbnail","6":"product_cat-musor","7":"product_cat-the-modern-collection-drewmax","8":"product_cat-drewmax","10":"first","11":"instock","12":"purchasable","13":"product-type-simple"},"_links":{"self":[{"href":"https:\/\/baldumarket.lt\/lt\/wp-json\/wp\/v2\/product\/93203","targetHints":{"allow":["GET"]}}],"collection":[{"href":"https:\/\/baldumarket.lt\/lt\/wp-json\/wp\/v2\/product"}],"about":[{"href":"https:\/\/baldumarket.lt\/lt\/wp-json\/wp\/v2\/types\/product"}],"replies":[{"embeddable":true,"href":"https:\/\/baldumarket.lt\/lt\/wp-json\/wp\/v2\/comments?post=93203"}],"wp:featuredmedia":[{"embeddable":true,"href":"https:\/\/baldumarket.lt\/lt\/wp-json\/wp\/v2\/media\/82344"}],"wp:attachment":[{"href":"https:\/\/baldumarket.lt\/lt\/wp-json\/wp\/v2\/media?parent=93203"}],"wp:term":[{"taxonomy":"product_brand","embeddable":true,"href":"https:\/\/baldumarket.lt\/lt\/wp-json\/wp\/v2\/product_brand?post=93203"},{"taxonomy":"product_cat","embeddable":true,"href":"https:\/\/baldumarket.lt\/lt\/wp-json\/wp\/v2\/product_cat?post=93203"},{"taxonomy":"product_tag","embeddable":true,"href":"https:\/\/baldumarket.lt\/lt\/wp-json\/wp\/v2\/product_tag?post=93203"}],"curies":[{"name":"wp","href":"https:\/\/api.w.org\/{rel}","templated":true}]}}