{"id":93158,"date":"2025-12-05T02:20:17","date_gmt":"2025-12-04T23:20:17","guid":{"rendered":"https:\/\/baldumarket.lt\/product\/komoda-bukowa-retro-kd439-buk-rustikal\/"},"modified":"2026-02-03T23:57:55","modified_gmt":"2026-02-03T20:57:55","slug":"komoda-bukowa-retro-kd439-buk-rustikal","status":"publish","type":"product","link":"https:\/\/baldumarket.lt\/lt\/product\/komoda-bukowa-retro-kd439-buk-rustikal\/","title":{"rendered":"RETRO buko komoda KD439 kaimi\u0161ko buko"},"content":{"rendered":"<p>Buko medienos komoda KD439 \u2013 naujas \u201eRetro\u201c kolekcijos papildymas. Tai vienas i\u0161 t\u0173 gamini\u0173, kurie patraukia ak\u012f vos \u012f\u017eengus. Joje dera modernumas ir vinta\u017einio stiliaus prisilietimas. Paprasta, tvirta forma remiasi \u012f auk\u0161tas kojeles, suteikian\u010dias visai konstrukcijai lengvumo. Gra\u017e\u016bs buko medienos stal\u010di\u0173 ir spinteli\u0173 fasadai puo\u0161ti subtiliomis, rai\u017eytomis medin\u0117mis ranken\u0117l\u0117mis, sukurian\u010diomis moderni\u0105 atidarymo ir u\u017edarymo sistem\u0105. Didelis medinis stalvir\u0161is u\u017ebaigia vaizd\u0105, puikiai tinkantis \u0161eimos nuotraukoms ar suvenyrams eksponuoti.<\/p>\n<p>Spintel\u0117 turi vien\u0105 lentyn\u0105.<\/p>","protected":false},"excerpt":{"rendered":"<p>Buko medienos komoda KD439 yra naujas \u201eRetro\u201c kolekcijos papildymas. Tai vienas i\u0161 t\u0173 gamini\u0173, kurie patraukia ak\u012f vos \u012f\u017eengus. Joje dera modernumas ir vinta\u017einio stiliaus prisilietimas. Paprasta, tvirta forma remiasi \u012f auk\u0161tas kojeles, suteikian\u010dias visai konstrukcijai lengvumo. [\u2026]<\/p>","protected":false},"featured_media":93148,"comment_status":"open","ping_status":"open","template":"","meta":[],"product_brand":[],"product_cat":[9304,9317,9312,1173,2113],"product_tag":[],"class_list":{"0":"post-93158","1":"product","2":"type-product","3":"status-publish","4":"has-post-thumbnail","6":"product_cat-beech-furniture-drewmax","7":"product_cat-collection-rustikal-drewmax","8":"product_cat-retro-collection-drewmax","9":"product_cat-chests-of-drawers","10":"product_cat-drewmax","12":"first","13":"instock","14":"purchasable","15":"product-type-simple"},"_links":{"self":[{"href":"https:\/\/baldumarket.lt\/lt\/wp-json\/wp\/v2\/product\/93158","targetHints":{"allow":["GET"]}}],"collection":[{"href":"https:\/\/baldumarket.lt\/lt\/wp-json\/wp\/v2\/product"}],"about":[{"href":"https:\/\/baldumarket.lt\/lt\/wp-json\/wp\/v2\/types\/product"}],"replies":[{"embeddable":true,"href":"https:\/\/baldumarket.lt\/lt\/wp-json\/wp\/v2\/comments?post=93158"}],"wp:featuredmedia":[{"embeddable":true,"href":"https:\/\/baldumarket.lt\/lt\/wp-json\/wp\/v2\/media\/93148"}],"wp:attachment":[{"href":"https:\/\/baldumarket.lt\/lt\/wp-json\/wp\/v2\/media?parent=93158"}],"wp:term":[{"taxonomy":"product_brand","embeddable":true,"href":"https:\/\/baldumarket.lt\/lt\/wp-json\/wp\/v2\/product_brand?post=93158"},{"taxonomy":"product_cat","embeddable":true,"href":"https:\/\/baldumarket.lt\/lt\/wp-json\/wp\/v2\/product_cat?post=93158"},{"taxonomy":"product_tag","embeddable":true,"href":"https:\/\/baldumarket.lt\/lt\/wp-json\/wp\/v2\/product_tag?post=93158"}],"curies":[{"name":"wp","href":"https:\/\/api.w.org\/{rel}","templated":true}]}}