{"id":93139,"date":"2025-12-05T02:19:55","date_gmt":"2025-12-04T23:19:55","guid":{"rendered":"https:\/\/baldumarket.lt\/product\/komoda-debowa-vip-kd305-dab-dark\/"},"modified":"2026-02-03T23:57:57","modified_gmt":"2026-02-03T20:57:57","slug":"komoda-debowa-vip-kd305-dab-dark","status":"publish","type":"product","link":"https:\/\/baldumarket.lt\/lt\/product\/komoda-debowa-vip-kd305-dab-dark\/","title":{"rendered":"VIP KD305 \u0105\u017euolin\u0117 komoda, tamsaus \u0105\u017euolo spalvos"},"content":{"rendered":"<p>\u0104\u017euolin\u0117 komoda KD305 derina modern\u0173 stili\u0173 su klasikiniais baldais. Minimalistiniai spinteli\u0173 ir stal\u010di\u0173 fasadai be matom\u0173 ranken\u0117li\u0173 \u017eavi savo paprasta forma, puikiai atspindin\u010dia modern\u0173 bald\u0173 stili\u0173. Stiklin\u0117 vitrina \u2013 tai gr\u012f\u017eimas prie klasikinio stiliaus, puikiai tinkantis \u0161eimos relikvijoms ar nuotraukoms eksponuoti. Bendras efektas leid\u017eia sukurti \u0161ilt\u0105, jauk\u0173, ta\u010diau stiling\u0105 ir modern\u0173 dekor\u0105 valgomajame, svetain\u0117je ar darbo kambaryje.<\/p>","protected":false},"excerpt":{"rendered":"<p>\u0104\u017euolin\u0117 komoda KD305 derina modern\u0173 stili\u0173 su klasikiniais baldais. Minimalistiniai spinteli\u0173 ir stal\u010di\u0173 fasadai be matom\u0173 ranken\u0117li\u0173 \u017eavi savo paprasta forma, puikiai atspindin\u010dia modern\u0173 bald\u0173 stili\u0173. Stiklin\u0117 vitrina \u2013 tai gr\u012f\u017eimas prie klasikinio stiliaus, puikiai tinkantis \u0161eimos relikvijoms ar nuotraukoms eksponuoti. Bendras efektas leid\u017eia [\u2026]<\/p>","protected":false},"featured_media":93131,"comment_status":"open","ping_status":"open","template":"","meta":[],"product_brand":[],"product_cat":[9314,9303,1173,2113],"product_tag":[],"class_list":{"0":"post-93139","1":"product","2":"type-product","3":"status-publish","4":"has-post-thumbnail","6":"product_cat-kolekcja-vip-drewmax","7":"product_cat-oak-furniture-drewmax","8":"product_cat-chests-of-drawers","9":"product_cat-drewmax","11":"first","12":"instock","13":"purchasable","14":"product-type-simple"},"_links":{"self":[{"href":"https:\/\/baldumarket.lt\/lt\/wp-json\/wp\/v2\/product\/93139","targetHints":{"allow":["GET"]}}],"collection":[{"href":"https:\/\/baldumarket.lt\/lt\/wp-json\/wp\/v2\/product"}],"about":[{"href":"https:\/\/baldumarket.lt\/lt\/wp-json\/wp\/v2\/types\/product"}],"replies":[{"embeddable":true,"href":"https:\/\/baldumarket.lt\/lt\/wp-json\/wp\/v2\/comments?post=93139"}],"wp:featuredmedia":[{"embeddable":true,"href":"https:\/\/baldumarket.lt\/lt\/wp-json\/wp\/v2\/media\/93131"}],"wp:attachment":[{"href":"https:\/\/baldumarket.lt\/lt\/wp-json\/wp\/v2\/media?parent=93139"}],"wp:term":[{"taxonomy":"product_brand","embeddable":true,"href":"https:\/\/baldumarket.lt\/lt\/wp-json\/wp\/v2\/product_brand?post=93139"},{"taxonomy":"product_cat","embeddable":true,"href":"https:\/\/baldumarket.lt\/lt\/wp-json\/wp\/v2\/product_cat?post=93139"},{"taxonomy":"product_tag","embeddable":true,"href":"https:\/\/baldumarket.lt\/lt\/wp-json\/wp\/v2\/product_tag?post=93139"}],"curies":[{"name":"wp","href":"https:\/\/api.w.org\/{rel}","templated":true}]}}