{"id":93106,"date":"2025-12-05T02:19:20","date_gmt":"2025-12-04T23:19:20","guid":{"rendered":"https:\/\/baldumarket.lt\/product\/komoda-debowa-vip-kd312-dab-bielony\/"},"modified":"2026-02-03T23:58:05","modified_gmt":"2026-02-03T20:58:05","slug":"komoda-debowa-vip-kd312-dab-bielony","status":"publish","type":"product","link":"https:\/\/baldumarket.lt\/lt\/product\/komoda-debowa-vip-kd312-dab-bielony\/","title":{"rendered":"VIP KD312 \u0105\u017euolin\u0117 komoda, balintas \u0105\u017euolas"},"content":{"rendered":"<p>\u0104\u017euolin\u0117 komoda KD312 sukurta moderniu, minimalistiniu stiliumi. Be matom\u0173 ranken\u0117li\u0173, ji \u017eavi savo paprasta forma. Funkcional\u016bs ir erdv\u016bs stal\u010diai idealiai tinka patogiam nam\u0173 apyvokos daikt\u0173 laikymui. Erdvus stalvir\u0161is \u2013 puiki vieta eksponuoti dekoracijas ar \u0161eimos nuotraukas.<\/p>","protected":false},"excerpt":{"rendered":"<p>\u0104\u017euolin\u0117 komoda KD312 sukurta moderniu, minimalistiniu stiliumi. Be matom\u0173 ranken\u0117li\u0173, ji \u017eavi savo paprasta forma. Funkcional\u016bs ir erdv\u016bs stal\u010diai idealiai tinka patogiam nam\u0173 apyvokos daikt\u0173 laikymui. Erdvus stalvir\u0161is \u2013 puiki vieta eksponuoti dekoracijas ar \u0161eimos nuotraukas.<\/p>","protected":false},"featured_media":93107,"comment_status":"open","ping_status":"open","template":"","meta":[],"product_brand":[],"product_cat":[9314,9303,1173,2113],"product_tag":[],"class_list":{"0":"post-93106","1":"product","2":"type-product","3":"status-publish","4":"has-post-thumbnail","6":"product_cat-kolekcja-vip-drewmax","7":"product_cat-oak-furniture-drewmax","8":"product_cat-chests-of-drawers","9":"product_cat-drewmax","11":"first","12":"instock","13":"purchasable","14":"product-type-simple"},"_links":{"self":[{"href":"https:\/\/baldumarket.lt\/lt\/wp-json\/wp\/v2\/product\/93106","targetHints":{"allow":["GET"]}}],"collection":[{"href":"https:\/\/baldumarket.lt\/lt\/wp-json\/wp\/v2\/product"}],"about":[{"href":"https:\/\/baldumarket.lt\/lt\/wp-json\/wp\/v2\/types\/product"}],"replies":[{"embeddable":true,"href":"https:\/\/baldumarket.lt\/lt\/wp-json\/wp\/v2\/comments?post=93106"}],"wp:featuredmedia":[{"embeddable":true,"href":"https:\/\/baldumarket.lt\/lt\/wp-json\/wp\/v2\/media\/93107"}],"wp:attachment":[{"href":"https:\/\/baldumarket.lt\/lt\/wp-json\/wp\/v2\/media?parent=93106"}],"wp:term":[{"taxonomy":"product_brand","embeddable":true,"href":"https:\/\/baldumarket.lt\/lt\/wp-json\/wp\/v2\/product_brand?post=93106"},{"taxonomy":"product_cat","embeddable":true,"href":"https:\/\/baldumarket.lt\/lt\/wp-json\/wp\/v2\/product_cat?post=93106"},{"taxonomy":"product_tag","embeddable":true,"href":"https:\/\/baldumarket.lt\/lt\/wp-json\/wp\/v2\/product_tag?post=93106"}],"curies":[{"name":"wp","href":"https:\/\/api.w.org\/{rel}","templated":true}]}}