{"id":93090,"date":"2025-12-05T02:19:01","date_gmt":"2025-12-04T23:19:01","guid":{"rendered":"https:\/\/baldumarket.lt\/product\/komoda-debowa-vip-kd315-dab-dark\/"},"modified":"2026-02-03T23:58:07","modified_gmt":"2026-02-03T20:58:07","slug":"komoda-debowa-vip-kd315-dab-dark","status":"publish","type":"product","link":"https:\/\/baldumarket.lt\/lt\/product\/komoda-debowa-vip-kd315-dab-dark\/","title":{"rendered":"VIP KD315 \u0105\u017euolin\u0117 komoda, tamsaus \u0105\u017euolo spalvos"},"content":{"rendered":"<p>\u0104\u017euolin\u0117 komoda KD315 sukurta moderniu, minimalistiniu stiliumi. Ji neturi matom\u0173 ranken\u0117li\u0173, o fasaduose puo\u0161ta paprastais grioveliais. Ai\u0161kiai matoma nat\u016bralaus \u0105\u017euolo medienos, i\u0161 kurios ji pagaminta, tekst\u016bra suteikia jai negin\u010dijamo \u017eavesio. Bald\u0173 gamintojas \u2019Drewmax\u201c yra \u017einomas d\u0117l savo gamini\u0173 gro\u017eio ir funkcionalumo, tod\u0117l \u0105\u017euolin\u0117 komoda KD315 sukurta taip, kad erdvioje spintel\u0117je ir funkcionaliuose stal\u010diuose b\u016bt\u0173 patogu laikyti nam\u0173 apyvokos daiktus. Erdvus stalvir\u0161is \u2013 puiki vieta eksponuoti dekoracijas ar \u0161eimos nuotraukas.<\/p>","protected":false},"excerpt":{"rendered":"<p>\u0104\u017euolin\u0117 komoda KD315 sukurta moderniu, minimalistiniu stiliumi. Ji neturi matom\u0173 ranken\u0117li\u0173, o fasad\u0105 puo\u0161ia paprasti grioveliai. Ai\u0161kiai matoma nat\u016bralaus \u0105\u017euolo medienos, i\u0161 kurios ji pagaminta, tekst\u016bra suteikia jai negin\u010dijamo \u017eavesio. Bald\u0173 gamintojas \u2019Drewmax\u201c yra \u017einomas d\u0117l savo gamini\u0173 gro\u017eio, nes [\u2026]<\/p>","protected":false},"featured_media":93091,"comment_status":"open","ping_status":"open","template":"","meta":[],"product_brand":[],"product_cat":[9314,9303,1173,2113],"product_tag":[],"class_list":{"0":"post-93090","1":"product","2":"type-product","3":"status-publish","4":"has-post-thumbnail","6":"product_cat-kolekcja-vip-drewmax","7":"product_cat-oak-furniture-drewmax","8":"product_cat-chests-of-drawers","9":"product_cat-drewmax","11":"first","12":"instock","13":"purchasable","14":"product-type-simple"},"_links":{"self":[{"href":"https:\/\/baldumarket.lt\/lt\/wp-json\/wp\/v2\/product\/93090","targetHints":{"allow":["GET"]}}],"collection":[{"href":"https:\/\/baldumarket.lt\/lt\/wp-json\/wp\/v2\/product"}],"about":[{"href":"https:\/\/baldumarket.lt\/lt\/wp-json\/wp\/v2\/types\/product"}],"replies":[{"embeddable":true,"href":"https:\/\/baldumarket.lt\/lt\/wp-json\/wp\/v2\/comments?post=93090"}],"wp:featuredmedia":[{"embeddable":true,"href":"https:\/\/baldumarket.lt\/lt\/wp-json\/wp\/v2\/media\/93091"}],"wp:attachment":[{"href":"https:\/\/baldumarket.lt\/lt\/wp-json\/wp\/v2\/media?parent=93090"}],"wp:term":[{"taxonomy":"product_brand","embeddable":true,"href":"https:\/\/baldumarket.lt\/lt\/wp-json\/wp\/v2\/product_brand?post=93090"},{"taxonomy":"product_cat","embeddable":true,"href":"https:\/\/baldumarket.lt\/lt\/wp-json\/wp\/v2\/product_cat?post=93090"},{"taxonomy":"product_tag","embeddable":true,"href":"https:\/\/baldumarket.lt\/lt\/wp-json\/wp\/v2\/product_tag?post=93090"}],"curies":[{"name":"wp","href":"https:\/\/api.w.org\/{rel}","templated":true}]}}