{"id":93083,"date":"2025-12-05T02:18:52","date_gmt":"2025-12-04T23:18:52","guid":{"rendered":"https:\/\/baldumarket.lt\/product\/komoda-debowa-vip-kd316-dab-dark\/"},"modified":"2026-02-03T23:58:09","modified_gmt":"2026-02-03T20:58:09","slug":"komoda-debowa-vip-kd316-dab-dark","status":"publish","type":"product","link":"https:\/\/baldumarket.lt\/lt\/product\/komoda-debowa-vip-kd316-dab-dark\/","title":{"rendered":"VIP KD316 \u0105\u017euolin\u0117 komoda, tamsaus \u0105\u017euolo spalvos"},"content":{"rendered":"<p>Ma\u017ea, \u0105\u017euolin\u0117 KD316 komoda \u2013 tai puikus b\u016bdas susikurti interjer\u0105 ir kartu suteikti daug vietos daiktams susid\u0117ti. Sukurta madingu, minimalistiniu stiliumi, ji \u017eavi savo paprasta forma. Erdvi spintel\u0117 ir funkcional\u016bs stal\u010diai leid\u017eia prakti\u0161kai ir patogiai laikyti nam\u0173 apyvokos daiktus. Erdvus komodos stalvir\u0161is puikiai tinka eksponuoti dekoracijas, \u0161eimos nuotraukas ar pastatyti gra\u017ei\u0105 lemp\u0105, ap\u0161vie\u010dian\u010di\u0105 nam\u0173 interjer\u0105.<\/p>","protected":false},"excerpt":{"rendered":"<p>Ma\u017ea, \u0105\u017euolin\u0117 KD316 komoda \u2013 tai puikus b\u016bdas susikurti interjer\u0105 ir kartu suteikti daug vietos daiktams susid\u0117ti. Madingo, minimalistinio stiliaus komoda \u017eavi savo paprasta forma. Erdvi spintel\u0117 ir funkcional\u016bs stal\u010diai leid\u017eia prakti\u0161kai ir patogiai laikyti nam\u0173 apyvokos daiktus. Erdvus komodos stalvir\u0161is yra [\u2026]<\/p>","protected":false},"featured_media":93084,"comment_status":"open","ping_status":"open","template":"","meta":[],"product_brand":[],"product_cat":[9314,9303,1173,2113],"product_tag":[],"class_list":{"0":"post-93083","1":"product","2":"type-product","3":"status-publish","4":"has-post-thumbnail","6":"product_cat-kolekcja-vip-drewmax","7":"product_cat-oak-furniture-drewmax","8":"product_cat-chests-of-drawers","9":"product_cat-drewmax","11":"first","12":"instock","13":"purchasable","14":"product-type-simple"},"_links":{"self":[{"href":"https:\/\/baldumarket.lt\/lt\/wp-json\/wp\/v2\/product\/93083","targetHints":{"allow":["GET"]}}],"collection":[{"href":"https:\/\/baldumarket.lt\/lt\/wp-json\/wp\/v2\/product"}],"about":[{"href":"https:\/\/baldumarket.lt\/lt\/wp-json\/wp\/v2\/types\/product"}],"replies":[{"embeddable":true,"href":"https:\/\/baldumarket.lt\/lt\/wp-json\/wp\/v2\/comments?post=93083"}],"wp:featuredmedia":[{"embeddable":true,"href":"https:\/\/baldumarket.lt\/lt\/wp-json\/wp\/v2\/media\/93084"}],"wp:attachment":[{"href":"https:\/\/baldumarket.lt\/lt\/wp-json\/wp\/v2\/media?parent=93083"}],"wp:term":[{"taxonomy":"product_brand","embeddable":true,"href":"https:\/\/baldumarket.lt\/lt\/wp-json\/wp\/v2\/product_brand?post=93083"},{"taxonomy":"product_cat","embeddable":true,"href":"https:\/\/baldumarket.lt\/lt\/wp-json\/wp\/v2\/product_cat?post=93083"},{"taxonomy":"product_tag","embeddable":true,"href":"https:\/\/baldumarket.lt\/lt\/wp-json\/wp\/v2\/product_tag?post=93083"}],"curies":[{"name":"wp","href":"https:\/\/api.w.org\/{rel}","templated":true}]}}