{"id":93081,"date":"2025-12-05T02:18:49","date_gmt":"2025-12-04T23:18:49","guid":{"rendered":"https:\/\/baldumarket.lt\/product\/komoda-debowa-retro-kd337-dab-miodowy\/"},"modified":"2026-02-03T23:58:10","modified_gmt":"2026-02-03T20:58:10","slug":"komoda-debowa-retro-kd337-dab-miodowy","status":"publish","type":"product","link":"https:\/\/baldumarket.lt\/lt\/product\/komoda-debowa-retro-kd337-dab-miodowy\/","title":{"rendered":"RETRO \u0105\u017euolin\u0117 komoda KD337 medaus \u0105\u017euolo spalvos"},"content":{"rendered":"<p>\u0104\u017euolin\u0117 komoda KD337 yra vienas i\u0161 t\u0173 bald\u0173, kurie patraukia ak\u012f vos \u012f\u017eengus. Ji derina modernum\u0105 su vinta\u017einio stiliaus prisilietimu. Paprasta, tvirta forma remiasi \u012f auk\u0161tas kojeles, suteikian\u010dias visai konstrukcijai lengvumo. Gra\u017e\u016bs \u0105\u017euoliniai stal\u010di\u0173 fasadai puo\u0161ti subtiliomis, rai\u017eytomis medin\u0117mis ranken\u0117l\u0117mis, sukurian\u010diomis moderni\u0105 atidarymo ir u\u017edarymo sistem\u0105. Didelis medinis stalvir\u0161is u\u017ebaigia vaizd\u0105, puikiai tinkantis \u0161eimos nuotraukoms ar suvenyrams eksponuoti.<\/p>","protected":false},"excerpt":{"rendered":"<p>\u0104\u017euolin\u0117 komoda KD337 yra vienas i\u0161 t\u0173 bald\u0173, kurie patraukia ak\u012f vos \u012f\u017eengus. Ji derina modernum\u0105 su vinta\u017einio stiliaus prisilietimu. Paprasta, tvirta forma remiasi \u012f auk\u0161tas kojeles, suteikian\u010dias visai konstrukcijai lengvumo. Gra\u017e\u016bs \u0105\u017euoliniai stal\u010di\u0173 fasadai yra [\u2026]<\/p>","protected":false},"featured_media":93065,"comment_status":"open","ping_status":"open","template":"","meta":[],"product_brand":[],"product_cat":[9303,9312,1173,2113],"product_tag":[],"class_list":{"0":"post-93081","1":"product","2":"type-product","3":"status-publish","4":"has-post-thumbnail","6":"product_cat-oak-furniture-drewmax","7":"product_cat-retro-collection-drewmax","8":"product_cat-chests-of-drawers","9":"product_cat-drewmax","11":"first","12":"instock","13":"purchasable","14":"product-type-simple"},"_links":{"self":[{"href":"https:\/\/baldumarket.lt\/lt\/wp-json\/wp\/v2\/product\/93081","targetHints":{"allow":["GET"]}}],"collection":[{"href":"https:\/\/baldumarket.lt\/lt\/wp-json\/wp\/v2\/product"}],"about":[{"href":"https:\/\/baldumarket.lt\/lt\/wp-json\/wp\/v2\/types\/product"}],"replies":[{"embeddable":true,"href":"https:\/\/baldumarket.lt\/lt\/wp-json\/wp\/v2\/comments?post=93081"}],"wp:featuredmedia":[{"embeddable":true,"href":"https:\/\/baldumarket.lt\/lt\/wp-json\/wp\/v2\/media\/93065"}],"wp:attachment":[{"href":"https:\/\/baldumarket.lt\/lt\/wp-json\/wp\/v2\/media?parent=93081"}],"wp:term":[{"taxonomy":"product_brand","embeddable":true,"href":"https:\/\/baldumarket.lt\/lt\/wp-json\/wp\/v2\/product_brand?post=93081"},{"taxonomy":"product_cat","embeddable":true,"href":"https:\/\/baldumarket.lt\/lt\/wp-json\/wp\/v2\/product_cat?post=93081"},{"taxonomy":"product_tag","embeddable":true,"href":"https:\/\/baldumarket.lt\/lt\/wp-json\/wp\/v2\/product_tag?post=93081"}],"curies":[{"name":"wp","href":"https:\/\/api.w.org\/{rel}","templated":true}]}}