{"id":93044,"date":"2025-12-05T02:18:10","date_gmt":"2025-12-04T23:18:10","guid":{"rendered":"https:\/\/baldumarket.lt\/product\/komoda-debowa-classic-kd354-dab-dark\/"},"modified":"2026-02-03T23:58:13","modified_gmt":"2026-02-03T20:58:13","slug":"komoda-debowa-classic-kd354-dab-dark","status":"publish","type":"product","link":"https:\/\/baldumarket.lt\/lt\/product\/komoda-debowa-classic-kd354-dab-dark\/","title":{"rendered":"\u0104\u017euolin\u0117 komoda CLASSIC KD354 tamsaus \u0105\u017euolo spalvos"},"content":{"rendered":"<p>\u0104\u017euolin\u0117 komoda KD354 \u2013 puikus sprendimas ie\u0161kantiems klasikinio, paprasto stiliaus baldo. Komoda turi du stal\u010dius ir dvi spinteles, kuriose lengvai susid\u0117site b\u016btiniausius daiktus. Fasadai be ranken\u0117li\u0173 yra viena kar\u0161\u010diausi\u0173 bald\u0173 tendencij\u0173. Nat\u016brali \u0105\u017euolo spalva ir \u0161iuolaiki\u0161kas dizainas puikiai papildys klasikin\u012f j\u016bs\u0173 nam\u0173 interjero dizain\u0105.<\/p>","protected":false},"excerpt":{"rendered":"<p>\u0104\u017euolin\u0117 komoda KD354 \u2013 puikus sprendimas ie\u0161kantiems klasikinio, paprasto stiliaus baldo. Komoda turi du stal\u010dius ir dvi spinteles, kuriose lengvai susid\u0117site b\u016btiniausius daiktus. Fasadai be ranken\u0117li\u0173 yra viena i\u0161 kar\u0161\u010diausi\u0173 bald\u0173 tendencij\u0173. Nat\u016brali \u0105\u017euolo spalva [\u2026]<\/p>","protected":false},"featured_media":93024,"comment_status":"open","ping_status":"open","template":"","meta":[],"product_brand":[],"product_cat":[9303,1173,2113],"product_tag":[],"class_list":{"0":"post-93044","1":"product","2":"type-product","3":"status-publish","4":"has-post-thumbnail","6":"product_cat-oak-furniture-drewmax","7":"product_cat-chests-of-drawers","8":"product_cat-drewmax","10":"first","11":"instock","12":"purchasable","13":"product-type-simple"},"_links":{"self":[{"href":"https:\/\/baldumarket.lt\/lt\/wp-json\/wp\/v2\/product\/93044","targetHints":{"allow":["GET"]}}],"collection":[{"href":"https:\/\/baldumarket.lt\/lt\/wp-json\/wp\/v2\/product"}],"about":[{"href":"https:\/\/baldumarket.lt\/lt\/wp-json\/wp\/v2\/types\/product"}],"replies":[{"embeddable":true,"href":"https:\/\/baldumarket.lt\/lt\/wp-json\/wp\/v2\/comments?post=93044"}],"wp:featuredmedia":[{"embeddable":true,"href":"https:\/\/baldumarket.lt\/lt\/wp-json\/wp\/v2\/media\/93024"}],"wp:attachment":[{"href":"https:\/\/baldumarket.lt\/lt\/wp-json\/wp\/v2\/media?parent=93044"}],"wp:term":[{"taxonomy":"product_brand","embeddable":true,"href":"https:\/\/baldumarket.lt\/lt\/wp-json\/wp\/v2\/product_brand?post=93044"},{"taxonomy":"product_cat","embeddable":true,"href":"https:\/\/baldumarket.lt\/lt\/wp-json\/wp\/v2\/product_cat?post=93044"},{"taxonomy":"product_tag","embeddable":true,"href":"https:\/\/baldumarket.lt\/lt\/wp-json\/wp\/v2\/product_tag?post=93044"}],"curies":[{"name":"wp","href":"https:\/\/api.w.org\/{rel}","templated":true}]}}