{"id":93042,"date":"2025-12-05T02:18:08","date_gmt":"2025-12-04T23:18:08","guid":{"rendered":"https:\/\/baldumarket.lt\/product\/komoda-debowa-classic-kd353-dab-miodowy\/"},"modified":"2026-02-03T23:58:14","modified_gmt":"2026-02-03T20:58:14","slug":"komoda-debowa-classic-kd353-dab-miodowy","status":"publish","type":"product","link":"https:\/\/baldumarket.lt\/lt\/product\/komoda-debowa-classic-kd353-dab-miodowy\/","title":{"rendered":"\u0104\u017euolin\u0117 komoda CLASSIC KD353 medaus \u0105\u017euolo spalvos"},"content":{"rendered":"<p>KD353 komoda, pagaminta i\u0161 \u0105\u017euolo medienos, idealiai tinka smulkiems daiktams laikyti. Paprasto, klasikinio stiliaus stal\u010diai be ranken\u0117li\u0173. Nat\u016brali \u0105\u017euolo spalva ir madingas komodos dizainas puikiai papildys klasikin\u012f j\u016bs\u0173 nam\u0173 interjer\u0105.<\/p>","protected":false},"excerpt":{"rendered":"<p>KD353 komoda, pagaminta i\u0161 \u0105\u017euolo medienos, idealiai tinka smulkiems daiktams laikyti. Paprasto, klasikinio stiliaus stal\u010diai be ranken\u0117li\u0173. Nat\u016brali \u0105\u017euolo spalva ir madingas komodos dizainas puikiai papildys klasikin\u012f j\u016bs\u0173 nam\u0173 interjer\u0105.<\/p>","protected":false},"featured_media":93038,"comment_status":"open","ping_status":"open","template":"","meta":[],"product_brand":[],"product_cat":[9303,1173,2113],"product_tag":[],"class_list":{"0":"post-93042","1":"product","2":"type-product","3":"status-publish","4":"has-post-thumbnail","6":"product_cat-oak-furniture-drewmax","7":"product_cat-chests-of-drawers","8":"product_cat-drewmax","10":"first","11":"instock","12":"purchasable","13":"product-type-simple"},"_links":{"self":[{"href":"https:\/\/baldumarket.lt\/lt\/wp-json\/wp\/v2\/product\/93042","targetHints":{"allow":["GET"]}}],"collection":[{"href":"https:\/\/baldumarket.lt\/lt\/wp-json\/wp\/v2\/product"}],"about":[{"href":"https:\/\/baldumarket.lt\/lt\/wp-json\/wp\/v2\/types\/product"}],"replies":[{"embeddable":true,"href":"https:\/\/baldumarket.lt\/lt\/wp-json\/wp\/v2\/comments?post=93042"}],"wp:featuredmedia":[{"embeddable":true,"href":"https:\/\/baldumarket.lt\/lt\/wp-json\/wp\/v2\/media\/93038"}],"wp:attachment":[{"href":"https:\/\/baldumarket.lt\/lt\/wp-json\/wp\/v2\/media?parent=93042"}],"wp:term":[{"taxonomy":"product_brand","embeddable":true,"href":"https:\/\/baldumarket.lt\/lt\/wp-json\/wp\/v2\/product_brand?post=93042"},{"taxonomy":"product_cat","embeddable":true,"href":"https:\/\/baldumarket.lt\/lt\/wp-json\/wp\/v2\/product_cat?post=93042"},{"taxonomy":"product_tag","embeddable":true,"href":"https:\/\/baldumarket.lt\/lt\/wp-json\/wp\/v2\/product_tag?post=93042"}],"curies":[{"name":"wp","href":"https:\/\/api.w.org\/{rel}","templated":true}]}}