{"id":93020,"date":"2025-12-05T02:17:46","date_gmt":"2025-12-04T23:17:46","guid":{"rendered":"https:\/\/baldumarket.lt\/product\/komoda-debowa-classic-kd357-dab-kakao\/"},"modified":"2026-02-03T23:58:17","modified_gmt":"2026-02-03T20:58:17","slug":"komoda-debowa-classic-kd357-dab-kakao","status":"publish","type":"product","link":"https:\/\/baldumarket.lt\/lt\/product\/komoda-debowa-classic-kd357-dab-kakao\/","title":{"rendered":"\u0104\u017euolin\u0117 komoda CLASSIC KD357 kakavos spalvos \u0105\u017euolas"},"content":{"rendered":"<p>Ypa\u010d didel\u0117 KD357 komoda, pagaminta i\u0161 \u0105\u017euolo medienos, yra puikus sprendimas ie\u0161kantiems erdvi\u0173 bald\u0173 klasikiniu, paprastu stiliumi. Komoda turi du stal\u010dius ir keturias spinteles, kuriose patogu laikyti b\u016btiniausius daiktus. Fasadai be ranken\u0117li\u0173 yra viena kar\u0161\u010diausi\u0173 bald\u0173 tendencij\u0173. Nat\u016brali \u0105\u017euolo spalva ir \u0161iuolaiki\u0161kas dizainas puikiai papildys klasikin\u012f interjero dizain\u0105 j\u016bs\u0173 namuose.<\/p>","protected":false},"excerpt":{"rendered":"<p>Ypa\u010d didel\u0117 komoda KD357, pagaminta i\u0161 \u0105\u017euolo medienos, yra puikus sprendimas ie\u0161kantiems erdvi\u0173 bald\u0173 klasikiniu, paprastu stiliumi. Komoda turi du stal\u010dius ir keturias spinteles, kuriose patogu laikyti b\u016btiniausius daiktus. Fasadai be ranken\u0117li\u0173 yra viena kar\u0161\u010diausi\u0173 bald\u0173 tendencij\u0173. Nat\u016brali \u0105\u017euolo spalva ir modernus [\u2026]<\/p>","protected":false},"featured_media":93016,"comment_status":"open","ping_status":"open","template":"","meta":[],"product_brand":[],"product_cat":[9303,1173,2113],"product_tag":[],"class_list":{"0":"post-93020","1":"product","2":"type-product","3":"status-publish","4":"has-post-thumbnail","6":"product_cat-oak-furniture-drewmax","7":"product_cat-chests-of-drawers","8":"product_cat-drewmax","10":"first","11":"instock","12":"purchasable","13":"product-type-simple"},"_links":{"self":[{"href":"https:\/\/baldumarket.lt\/lt\/wp-json\/wp\/v2\/product\/93020","targetHints":{"allow":["GET"]}}],"collection":[{"href":"https:\/\/baldumarket.lt\/lt\/wp-json\/wp\/v2\/product"}],"about":[{"href":"https:\/\/baldumarket.lt\/lt\/wp-json\/wp\/v2\/types\/product"}],"replies":[{"embeddable":true,"href":"https:\/\/baldumarket.lt\/lt\/wp-json\/wp\/v2\/comments?post=93020"}],"wp:featuredmedia":[{"embeddable":true,"href":"https:\/\/baldumarket.lt\/lt\/wp-json\/wp\/v2\/media\/93016"}],"wp:attachment":[{"href":"https:\/\/baldumarket.lt\/lt\/wp-json\/wp\/v2\/media?parent=93020"}],"wp:term":[{"taxonomy":"product_brand","embeddable":true,"href":"https:\/\/baldumarket.lt\/lt\/wp-json\/wp\/v2\/product_brand?post=93020"},{"taxonomy":"product_cat","embeddable":true,"href":"https:\/\/baldumarket.lt\/lt\/wp-json\/wp\/v2\/product_cat?post=93020"},{"taxonomy":"product_tag","embeddable":true,"href":"https:\/\/baldumarket.lt\/lt\/wp-json\/wp\/v2\/product_tag?post=93020"}],"curies":[{"name":"wp","href":"https:\/\/api.w.org\/{rel}","templated":true}]}}